{"id":86,"date":"2019-02-16T14:25:13","date_gmt":"2019-02-16T14:25:13","guid":{"rendered":"http:\/\/www.kondicnipriprava.cz\/?page_id=86"},"modified":"2022-04-05T10:11:45","modified_gmt":"2022-04-05T10:11:45","slug":"vyzivove-poradenstvi","status":"publish","type":"page","link":"https:\/\/www.kondicnipriprava.cz\/en\/sluzby\/vyzivove-poradenstvi\/","title":{"rendered":"V\u00fd\u017eivov\u00e9 poradenstv\u00ed"},"content":{"rendered":"<div data-elementor-type=\"wp-page\" data-elementor-id=\"86\" class=\"elementor elementor-86\">\n\t\t\t\t\t\t<div class=\"elementor-inner\">\n\t\t\t\t<div class=\"elementor-section-wrap\">\n\t\t\t\t\t\t\t\t\t<section class=\"elementor-section elementor-top-section elementor-element elementor-element-8e46817 elementor-section-boxed elementor-section-height-default elementor-section-height-default\" data-id=\"8e46817\" data-element_type=\"section\">\n\t\t\t\t\t\t<div class=\"elementor-container elementor-column-gap-default\">\n\t\t\t\t\t\t\t<div class=\"elementor-row\">\n\t\t\t\t\t<div class=\"elementor-column elementor-col-100 elementor-top-column elementor-element elementor-element-099a41b\" data-id=\"099a41b\" data-element_type=\"column\">\n\t\t\t<div class=\"elementor-column-wrap elementor-element-populated\">\n\t\t\t\t\t\t\t<div class=\"elementor-widget-wrap\">\n\t\t\t\t\t\t<div class=\"elementor-element elementor-element-332cf96 elementor-position-left elementor-vertical-align-top elementor-widget elementor-widget-image-box\" data-id=\"332cf96\" data-element_type=\"widget\" data-widget_type=\"image-box.default\">\n\t\t\t\t<div class=\"elementor-widget-container\">\n\t\t\t<div class=\"elementor-image-box-wrapper\"><figure class=\"elementor-image-box-img\"><img loading=\"lazy\" decoding=\"async\" width=\"835\" height=\"1019\" src=\"https:\/\/www.kondicnipriprava.cz\/wp-content\/uploads\/2021\/03\/ivanka.jpg\" class=\"attachment-full size-full\" alt=\"\" \/><\/figure><div class=\"elementor-image-box-content\"><h3 class=\"elementor-image-box-title\">Ivanka Hol\u00e1 - v\u00fd\u017eivov\u00fd poradce<\/h3><p class=\"elementor-image-box-description\"><div style=\"float: left; width: 70%\"><span style=\"color: black\"><b>Vzd\u011bl\u00e1n\u00ed:<\/b>\n<br>\n<br>\n<b>- V\u00fd\u017eivov\u00fd poradce<\/b> - Welko Institut zdrav\u00e9ho \u017eivota \n<br>\n<b>- V\u00fd\u017eiva a imunita<\/b> - Institut Modern\u00ed V\u00fd\u017eivy \n<br>\n<b>- V\u00fd\u017eiva d\u011bt\u00ed<\/b> - Fitness Institut\n<br>\n<b>- V\u00fd\u017eiva sportuj\u00edc\u00edch d\u011bt\u00ed a ml\u00e1de\u017ee<\/b> - FISAF.CZ \u010desk\u00fd svaz aerobiku a fitness\n<br>\n<b>- Kou\u010dink pro tren\u00e9ry a v\u00fd\u017eivov\u00e9 poradce<\/b> - Fitness Institut\n<br><b>- Dos\u00e1hni natur\u00e1ln\u00edho maxima<\/b> - Institut Modern\u00ed V\u00fd\u017eivy\n<br>\n<b>- V\u00fdvojov\u00e1 kineziologie<\/b> - 3D FITNESS ACADEMY\n<br>\n<b>- Posilov\u00e1n\u00ed<\/b> - Wellness.cz\n<br>\n<b>- Kurz pro osobn\u00ed tren\u00e9ry a instruktory<\/b> - FITNESS SOLUTIONS\n<br>\n<b>- Piloxing<\/b> - PILOXING INSTRUCTOR\n<br>\n<b>- Instruktor aerobiku<\/b> - FITNESS SOLUTIONS\n<br>\n<b>- Kurz pro instruktory aerobiku<\/b> - FITNESS SOLUTIONS\n<br>\n<b>- OFFICIAL ZUMBA INSTRUCTOR 2<\/b> - ZUMBA fitness\n<br>\n<b>- OFFICIAL ZUMBA INSTRUCTOR 1<\/b> - ZUMBA fitness\n<br>\n<b>- Bosu Complete Certification<\/b> - BOSU\n<br>\n\n\n<\/span><\/p><\/div><\/div>\t\t<\/div>\n\t\t\t\t<\/div>\n\t\t\t\t\t\t<\/div>\n\t\t\t\t\t<\/div>\n\t\t<\/div>\n\t\t\t\t\t\t\t\t<\/div>\n\t\t\t\t\t<\/div>\n\t\t<\/section>\n\t\t\t\t<section class=\"elementor-section elementor-top-section elementor-element elementor-element-92dc9d5 elementor-section-boxed elementor-section-height-default elementor-section-height-default\" data-id=\"92dc9d5\" data-element_type=\"section\">\n\t\t\t\t\t\t<div class=\"elementor-container elementor-column-gap-default\">\n\t\t\t\t\t\t\t<div class=\"elementor-row\">\n\t\t\t\t\t<div class=\"elementor-column elementor-col-100 elementor-top-column elementor-element elementor-element-fde45cb\" data-id=\"fde45cb\" data-element_type=\"column\">\n\t\t\t<div class=\"elementor-column-wrap elementor-element-populated\">\n\t\t\t\t\t\t\t<div class=\"elementor-widget-wrap\">\n\t\t\t\t\t\t<div class=\"elementor-element elementor-element-41a2a60 elementor-widget elementor-widget-image-gallery\" data-id=\"41a2a60\" data-element_type=\"widget\" data-widget_type=\"image-gallery.default\">\n\t\t\t\t<div class=\"elementor-widget-container\">\n\t\t\t\t\t<div class=\"elementor-image-gallery\">\n\t\t\t\t\t<\/div>\n\t\t\t\t<\/div>\n\t\t\t\t<\/div>\n\t\t\t\t\t\t<\/div>\n\t\t\t\t\t<\/div>\n\t\t<\/div>\n\t\t\t\t\t\t\t\t<\/div>\n\t\t\t\t\t<\/div>\n\t\t<\/section>\n\t\t\t\t<section class=\"elementor-section elementor-top-section elementor-element elementor-element-3507bea elementor-section-boxed elementor-section-height-default elementor-section-height-default\" data-id=\"3507bea\" data-element_type=\"section\">\n\t\t\t\t\t\t<div class=\"elementor-container elementor-column-gap-default\">\n\t\t\t\t\t\t\t<div class=\"elementor-row\">\n\t\t\t\t\t<div class=\"elementor-column elementor-col-100 elementor-top-column elementor-element elementor-element-4b9d663\" data-id=\"4b9d663\" data-element_type=\"column\">\n\t\t\t<div class=\"elementor-column-wrap elementor-element-populated\">\n\t\t\t\t\t\t\t<div class=\"elementor-widget-wrap\">\n\t\t\t\t\t\t<div class=\"elementor-element elementor-element-35c5ae9 elementor-widget elementor-widget-spacer\" data-id=\"35c5ae9\" data-element_type=\"widget\" data-widget_type=\"spacer.default\">\n\t\t\t\t<div class=\"elementor-widget-container\">\n\t\t\t\t\t<div class=\"elementor-spacer\">\n\t\t\t<div class=\"elementor-spacer-inner\"><\/div>\n\t\t<\/div>\n\t\t\t\t<\/div>\n\t\t\t\t<\/div>\n\t\t\t\t\t\t<\/div>\n\t\t\t\t\t<\/div>\n\t\t<\/div>\n\t\t\t\t\t\t\t\t<\/div>\n\t\t\t\t\t<\/div>\n\t\t<\/section>\n\t\t\t\t<section class=\"elementor-section elementor-top-section elementor-element elementor-element-20aa3209 elementor-section-boxed elementor-section-height-default elementor-section-height-default\" data-id=\"20aa3209\" data-element_type=\"section\">\n\t\t\t\t\t\t<div class=\"elementor-container elementor-column-gap-default\">\n\t\t\t\t\t\t\t<div class=\"elementor-row\">\n\t\t\t\t\t<div class=\"elementor-column elementor-col-100 elementor-top-column elementor-element elementor-element-631d680f\" data-id=\"631d680f\" data-element_type=\"column\">\n\t\t\t<div class=\"elementor-column-wrap elementor-element-populated\">\n\t\t\t\t\t\t\t<div class=\"elementor-widget-wrap\">\n\t\t\t\t\t\t<div class=\"elementor-element elementor-element-2b7e2630 elementor-widget elementor-widget-text-editor\" data-id=\"2b7e2630\" data-element_type=\"widget\" data-widget_type=\"text-editor.default\">\n\t\t\t\t<div class=\"elementor-widget-container\">\n\t\t\t\t\t\t\t\t<div class=\"elementor-text-editor elementor-clearfix\">\n\t\t\t\t<header class=\"entry-header\">\n<h2 class=\"entry-title\"><span style=\"color: #000000;\">Chcete zm\u011bnit \u010di upravit sv\u016fj \u017dIVOTN\u00cd STYL?<\/span><\/h2>\n<\/header>\n<div class=\"entry-content\">\n<p><span style=\"color: #000000;\"><strong>Pom\u016f\u017eeme V\u00e1m naj\u00edt tu spr\u00e1vnou cestu.&nbsp;Individu\u00e1ln\u00ed p\u0159\u00edstup, \u017e\u00e1dn\u00e9 drastick\u00e9 diety, \u017e\u00e1dn\u00e9 z\u00e1zra\u010dn\u00e9 pilulky!<\/strong><\/span><\/p>\n<p><span style=\"color: #000000;\"><strong>Vyu\u017eijte na\u0161ich slu\u017eeb v oborech:&nbsp;<\/strong>v\u00fd\u017eiva, diagnostika slo\u017een\u00ed t\u011bla, kondi\u010dn\u00ed p\u0159\u00edprava.<\/span><\/p>\n<ul>\n<li><span style=\"color: #000000;\">redukce v\u00e1hy<\/span><\/li>\n<li><span style=\"color: #000000;\">nab\u00edr\u00e1n\u00ed svalov\u00e9 hmoty<\/span><\/li>\n<li><span style=\"color: #000000;\">individu\u00e1ln\u00ed stravovac\u00ed pl\u00e1ny<\/span><\/li>\n<li><span style=\"color: #000000;\">diagnostika slo\u017een\u00ed t\u011bla pomoc\u00ed p\u0159\u00edstroje Bodystat s medic\u00ednskou certifikac\u00ed<\/span><\/li>\n<li><span style=\"color: #000000;\">vy\u0161et\u0159en\u00ed klidov\u00e9ho metabolismu p\u0159\u00edstrojem Cortex \u2013 opravdov\u00e1 klidov\u00e1 spot\u0159eba energie Va\u0161eho t\u011bla- vy\u0161et\u0159en\u00ed energetick\u00e9ho metabolismu p\u0159\u00edstrojem Cortex \u2013 ur\u010den\u00ed p\u0159esn\u00e9 tepov\u00e9 frekvence, p\u0159i kter\u00e9 nejefektivn\u011bji spalujete tuky<\/span><\/li>\n<\/ul>\n<p><span style=\"color: #000000;\"><strong>KONTAKTUJTE N\u00c1S: tel.: +420 778 058 018 nebo e-mail:&nbsp;<a style=\"color: #000000;\" href=\"mailto:tomas@summusvita.cz\">ivanka@kondicnipriprava.cz<\/a><\/strong><\/span><\/p>\n<h4><span style=\"color: #000000;\">ANAL\u00ddZA T\u011aLESN\u00c9HO SLO\u017dEN\u00cd (na p\u0159\u00edstroji Bodystat)<\/span><\/h4>\n<p><span style=\"color: #000000;\">\u2013 profesion\u00e1ln\u00ed m\u011b\u0159en\u00ed procenta tuku, vody a aktivn\u00ed t\u011blesn\u00e9 hmoty Va\u0161eho t\u011bla na p\u0159\u00edstroji Bodystat s medic\u00ednskou certifikac\u00ed<\/span><br><span style=\"color: #000000;\">\u2013 tyto v\u00fdsledky spole\u010dn\u011b s dal\u0161\u00edmi jsou vyu\u017e\u00edv\u00e1ny spole\u010dn\u011b s dal\u0161\u00edmi k sestaven\u00ed individu\u00e1ln\u00edch v\u00fd\u017eivov\u00fdch pl\u00e1n\u016f<\/span><\/p>\n<h4><span style=\"color: #000000;\">ANAL\u00ddZA STRAVOV\u00c1N\u00cd (nezakazujeme, doporu\u010dujeme)<\/span><\/h4>\n<p><span style=\"color: #000000;\">\u2013 anal\u00fdza stravovac\u00edch n\u00e1vyk\u016f v\u010d. chyb, kter\u00fdch se dopou\u0161t\u00edte ve sv\u00e9m stravov\u00e1n\u00ed<\/span><br><span style=\"color: #000000;\">\u2013 ur\u010den\u00ed metabolick\u00e9ho typu klienta<\/span><br><span style=\"color: #000000;\">\u2013 jak\u00fd je v\u00e1\u0161 denn\u00ed energetick\u00fd p\u0159\u00edjem a v\u00fddej a jak\u00fd je v\u00e1\u0161 p\u0159\u00edjem z\u00e1kladn\u00edch \u017eivin (sacharidy, b\u00edlkoviny, tuky, vl\u00e1kniny)<\/span><br><span style=\"color: #000000;\">\u2013 p\u0159ed vstupn\u00edm vy\u0161et\u0159en\u00edm si t\u00fdden budete zapisovat V\u00e1\u0161 j\u00eddeln\u00ed\u010dek v\u010d. pohybov\u00fdch aktivit<\/span><br><span style=\"color: #000000;\">\u2013 sestav\u00edme V\u00e1m na m\u00edru individu\u00e1ln\u00ed stravovac\u00ed pl\u00e1n s \u0161irokou mo\u017enost\u00ed sestaven\u00ed j\u00eddeln\u00ed\u010dku (sou\u010d\u00e1st\u00ed pl\u00e1nu je kombinace denn\u00edch j\u00eddel, pohybu, pitn\u00e9ho re\u017eimu<\/span><\/p>\n<h4><span style=\"color: #000000;\">BAZ\u00c1LN\u00cd A KLIDOV\u00dd METABOLISMUS (na p\u0159\u00edstroji Cortex)<\/span><\/h4>\n<p><span style=\"color: #000000;\">\u2013 stanoven\u00ed klidov\u00e9ho metabolismu, tj. jak\u00e9 mno\u017estv\u00ed energie sp\u00e1l\u00ed va\u0161e t\u011blo v klidu<\/span><br><span style=\"color: #000000;\">\u2013 individu\u00e1ln\u00ed zji\u0161t\u011bn\u00ed energetick\u00e9 rovnov\u00e1hy<\/span><br><span style=\"color: #000000;\">\u2013 na z\u00e1klad\u011b v\u00fdsledk\u016f lze ur\u010dit nejen jak\u00e1 je va\u0161e klidov\u00e1 energetick\u00e1 spot\u0159eba (hodnota klidov\u00e9ho metabolismu), ale i vyu\u017eit\u00ed jednotliv\u00fdch \u017eivin (tuk\u016f a cukr\u016f) v klidov\u00e9m re\u017eimu<\/span><br><span style=\"color: #000000;\">\u2013 hodnoty z\u00edskan\u00e9 nep\u0159\u00edmou klidovou kalorimetri\u00ed jsou st\u011b\u017eejn\u00ed pro tvorbu individu\u00e1ln\u00edho stravovac\u00edho pl\u00e1nu<\/span><br><span style=\"color: #000000;\">\u2013 vhodn\u00fd pro v\u0161echny klienty a d\u011bti, kter\u00e9 dok\u00e1\u017eou setrvat 20 \u2013 30 minut v absolutn\u00edm klidu<\/span><\/p>\n<h4><span style=\"color: #000000;\">ENERGETICK\u00dd METABOLISMUS (na p\u0159\u00edstroji Cortex)<\/span><\/h4>\n<p><span style=\"color: #000000;\">\u2013 m\u011b\u0159en\u00ed energetick\u00e9ho v\u00fddeje klienta<\/span><br><span style=\"color: #000000;\">\u2013 vyu\u017eit\u00ed cukr\u016f, tuk\u016f a b\u00edlkovin na z\u00e1klad\u011b pom\u011bru mezi spot\u0159ebovan\u00fdm kysl\u00edkem a vydechovan\u00fdm oxidem uhli\u010dit\u00fdm<\/span><br><span style=\"color: #000000;\">\u2013 m\u011b\u0159en\u00ed energetick\u00e9 rovnov\u00e1hy a m\u00edry spalov\u00e1n\u00ed tuk\u016f a cukr\u016f s rostouc\u00ed z\u00e1t\u011b\u017e\u00ed<\/span><br><span style=\"color: #000000;\">\u2013 stanoven\u00ed optim\u00e1ln\u00edch z\u00f3n tepov\u00e9 frekvence pro spalov\u00e1n\u00ed tuk\u016f<\/span><\/p>\n<\/div>\t\t\t\t\t<\/div>\n\t\t\t\t\t\t<\/div>\n\t\t\t\t<\/div>\n\t\t\t\t\t\t<\/div>\n\t\t\t\t\t<\/div>\n\t\t<\/div>\n\t\t\t\t\t\t\t\t<\/div>\n\t\t\t\t\t<\/div>\n\t\t<\/section>\n\t\t\t\t<section class=\"elementor-section elementor-top-section elementor-element elementor-element-ae03189 elementor-section-boxed elementor-section-height-default elementor-section-height-default\" data-id=\"ae03189\" data-element_type=\"section\">\n\t\t\t\t\t\t<div class=\"elementor-container elementor-column-gap-default\">\n\t\t\t\t\t\t\t<div class=\"elementor-row\">\n\t\t\t\t\t<div class=\"elementor-column elementor-col-100 elementor-top-column elementor-element elementor-element-8616bdd\" data-id=\"8616bdd\" data-element_type=\"column\">\n\t\t\t<div class=\"elementor-column-wrap elementor-element-populated\">\n\t\t\t\t\t\t\t<div class=\"elementor-widget-wrap\">\n\t\t\t\t\t\t<div class=\"elementor-element elementor-element-6f18928 elementor-widget elementor-widget-spacer\" data-id=\"6f18928\" data-element_type=\"widget\" data-widget_type=\"spacer.default\">\n\t\t\t\t<div class=\"elementor-widget-container\">\n\t\t\t\t\t<div class=\"elementor-spacer\">\n\t\t\t<div class=\"elementor-spacer-inner\"><\/div>\n\t\t<\/div>\n\t\t\t\t<\/div>\n\t\t\t\t<\/div>\n\t\t\t\t\t\t<\/div>\n\t\t\t\t\t<\/div>\n\t\t<\/div>\n\t\t\t\t\t\t\t\t<\/div>\n\t\t\t\t\t<\/div>\n\t\t<\/section>\n\t\t\t\t<section class=\"elementor-section elementor-top-section elementor-element elementor-element-1f1ce10 elementor-section-boxed elementor-section-height-default elementor-section-height-default\" data-id=\"1f1ce10\" data-element_type=\"section\">\n\t\t\t\t\t\t<div class=\"elementor-container elementor-column-gap-default\">\n\t\t\t\t\t\t\t<div class=\"elementor-row\">\n\t\t\t\t\t<div class=\"elementor-column elementor-col-100 elementor-top-column elementor-element elementor-element-0e86778\" data-id=\"0e86778\" data-element_type=\"column\">\n\t\t\t<div class=\"elementor-column-wrap elementor-element-populated\">\n\t\t\t\t\t\t\t<div class=\"elementor-widget-wrap\">\n\t\t\t\t\t\t<div class=\"elementor-element elementor-element-3cdd145 elementor-widget elementor-widget-image-gallery\" data-id=\"3cdd145\" data-element_type=\"widget\" data-widget_type=\"image-gallery.default\">\n\t\t\t\t<div class=\"elementor-widget-container\">\n\t\t\t\t\t<div class=\"elementor-image-gallery\">\n\t\t\t\t\t<\/div>\n\t\t\t\t<\/div>\n\t\t\t\t<\/div>\n\t\t\t\t\t\t<\/div>\n\t\t\t\t\t<\/div>\n\t\t<\/div>\n\t\t\t\t\t\t\t\t<\/div>\n\t\t\t\t\t<\/div>\n\t\t<\/section>\n\t\t\t\t<section class=\"elementor-section elementor-top-section elementor-element elementor-element-6a15e42 elementor-section-boxed elementor-section-height-default elementor-section-height-default\" data-id=\"6a15e42\" data-element_type=\"section\">\n\t\t\t\t\t\t<div class=\"elementor-container elementor-column-gap-default\">\n\t\t\t\t\t\t\t<div class=\"elementor-row\">\n\t\t\t\t\t<div class=\"elementor-column elementor-col-100 elementor-top-column elementor-element elementor-element-5177d01\" data-id=\"5177d01\" data-element_type=\"column\">\n\t\t\t<div class=\"elementor-column-wrap elementor-element-populated\">\n\t\t\t\t\t\t\t<div class=\"elementor-widget-wrap\">\n\t\t\t\t\t\t<div class=\"elementor-element elementor-element-9ce2914 elementor-widget elementor-widget-spacer\" data-id=\"9ce2914\" data-element_type=\"widget\" data-widget_type=\"spacer.default\">\n\t\t\t\t<div class=\"elementor-widget-container\">\n\t\t\t\t\t<div class=\"elementor-spacer\">\n\t\t\t<div class=\"elementor-spacer-inner\"><\/div>\n\t\t<\/div>\n\t\t\t\t<\/div>\n\t\t\t\t<\/div>\n\t\t\t\t\t\t<\/div>\n\t\t\t\t\t<\/div>\n\t\t<\/div>\n\t\t\t\t\t\t\t\t<\/div>\n\t\t\t\t\t<\/div>\n\t\t<\/section>\n\t\t\t\t\t\t\t\t\t<\/div>\n\t\t\t<\/div>\n\t\t\t\t\t<\/div>","protected":false},"excerpt":{"rendered":"<p>Ivanka Hol\u00e1 &#8211; v\u00fd\u017eivov\u00fd poradce Vzd\u011bl\u00e1n\u00ed: &#8211; V\u00fd\u017eivov\u00fd poradce &#8211; Welko Institut zdrav\u00e9ho \u017eivota &#8211; V\u00fd\u017eiva a imunita &#8211; Institut&hellip;<\/p>\n<p> <a class=\"more-link\" href=\"https:\/\/www.kondicnipriprava.cz\/en\/sluzby\/vyzivove-poradenstvi\/\">Read more<\/a><\/p>","protected":false},"author":1,"featured_media":0,"parent":19,"menu_order":2,"comment_status":"closed","ping_status":"closed","template":"","meta":{"footnotes":""},"class_list":["post-86","page","type-page","status-publish"],"yoast_head":"<!-- This site is optimized with the Yoast SEO plugin v24.2 - https:\/\/yoast.com\/wordpress\/plugins\/seo\/ -->\n<title>V\u00fd\u017eivov\u00e9 poradenstv\u00ed - kondicnipriprava.cz<\/title>\n<meta name=\"robots\" content=\"index, follow, max-snippet:-1, max-image-preview:large, max-video-preview:-1\" \/>\n<link rel=\"canonical\" href=\"https:\/\/www.kondicnipriprava.cz\/en\/sluzby\/vyzivove-poradenstvi\/\" \/>\n<meta property=\"og:locale\" content=\"en_US\" \/>\n<meta property=\"og:type\" content=\"article\" \/>\n<meta property=\"og:title\" content=\"V\u00fd\u017eivov\u00e9 poradenstv\u00ed - kondicnipriprava.cz\" \/>\n<meta property=\"og:description\" content=\"Ivanka Hol\u00e1 &#8211; v\u00fd\u017eivov\u00fd poradce Vzd\u011bl\u00e1n\u00ed: &#8211; V\u00fd\u017eivov\u00fd poradce &#8211; Welko Institut zdrav\u00e9ho \u017eivota &#8211; V\u00fd\u017eiva a imunita &#8211; Institut&hellip;  Read more\" \/>\n<meta property=\"og:url\" content=\"https:\/\/www.kondicnipriprava.cz\/en\/sluzby\/vyzivove-poradenstvi\/\" \/>\n<meta property=\"og:site_name\" content=\"kondicnipriprava.cz\" \/>\n<meta property=\"article:modified_time\" content=\"2022-04-05T10:11:45+00:00\" \/>\n<meta property=\"og:image\" content=\"https:\/\/www.kondicnipriprava.cz\/wp-content\/uploads\/2021\/03\/ivanka.jpg\" \/>\n<meta name=\"twitter:card\" content=\"summary_large_image\" \/>\n<meta name=\"twitter:label1\" content=\"Est. reading time\" \/>\n\t<meta name=\"twitter:data1\" content=\"7 minutes\" \/>\n<script type=\"application\/ld+json\" class=\"yoast-schema-graph\">{\"@context\":\"https:\/\/schema.org\",\"@graph\":[{\"@type\":\"WebPage\",\"@id\":\"https:\/\/www.kondicnipriprava.cz\/sluzby\/vyzivove-poradenstvi\/\",\"url\":\"https:\/\/www.kondicnipriprava.cz\/sluzby\/vyzivove-poradenstvi\/\",\"name\":\"V\u00fd\u017eivov\u00e9 poradenstv\u00ed - kondicnipriprava.cz\",\"isPartOf\":{\"@id\":\"https:\/\/www.kondicnipriprava.cz\/#website\"},\"primaryImageOfPage\":{\"@id\":\"https:\/\/www.kondicnipriprava.cz\/sluzby\/vyzivove-poradenstvi\/#primaryimage\"},\"image\":{\"@id\":\"https:\/\/www.kondicnipriprava.cz\/sluzby\/vyzivove-poradenstvi\/#primaryimage\"},\"thumbnailUrl\":\"https:\/\/www.kondicnipriprava.cz\/wp-content\/uploads\/2021\/03\/ivanka.jpg\",\"datePublished\":\"2019-02-16T14:25:13+00:00\",\"dateModified\":\"2022-04-05T10:11:45+00:00\",\"breadcrumb\":{\"@id\":\"https:\/\/www.kondicnipriprava.cz\/sluzby\/vyzivove-poradenstvi\/#breadcrumb\"},\"inLanguage\":\"en-US\",\"potentialAction\":[{\"@type\":\"ReadAction\",\"target\":[\"https:\/\/www.kondicnipriprava.cz\/sluzby\/vyzivove-poradenstvi\/\"]}]},{\"@type\":\"ImageObject\",\"inLanguage\":\"en-US\",\"@id\":\"https:\/\/www.kondicnipriprava.cz\/sluzby\/vyzivove-poradenstvi\/#primaryimage\",\"url\":\"https:\/\/www.kondicnipriprava.cz\/wp-content\/uploads\/2021\/03\/ivanka.jpg\",\"contentUrl\":\"https:\/\/www.kondicnipriprava.cz\/wp-content\/uploads\/2021\/03\/ivanka.jpg\"},{\"@type\":\"BreadcrumbList\",\"@id\":\"https:\/\/www.kondicnipriprava.cz\/sluzby\/vyzivove-poradenstvi\/#breadcrumb\",\"itemListElement\":[{\"@type\":\"ListItem\",\"position\":1,\"name\":\"Dom\u016f\",\"item\":\"https:\/\/www.kondicnipriprava.cz\/\"},{\"@type\":\"ListItem\",\"position\":2,\"name\":\"Slu\u017eby\",\"item\":\"https:\/\/www.kondicnipriprava.cz\/sluzby\/\"},{\"@type\":\"ListItem\",\"position\":3,\"name\":\"V\u00fd\u017eivov\u00e9 poradenstv\u00ed\"}]},{\"@type\":\"WebSite\",\"@id\":\"https:\/\/www.kondicnipriprava.cz\/#website\",\"url\":\"https:\/\/www.kondicnipriprava.cz\/\",\"name\":\"kondicnipriprava.cz\",\"description\":\"Kondi\u010dn\u00ed p\u0159\u00edprava pro vrcholov\u00e9 sportovce\",\"publisher\":{\"@id\":\"https:\/\/www.kondicnipriprava.cz\/#organization\"},\"potentialAction\":[{\"@type\":\"SearchAction\",\"target\":{\"@type\":\"EntryPoint\",\"urlTemplate\":\"https:\/\/www.kondicnipriprava.cz\/?s={search_term_string}\"},\"query-input\":{\"@type\":\"PropertyValueSpecification\",\"valueRequired\":true,\"valueName\":\"search_term_string\"}}],\"inLanguage\":\"en-US\"},{\"@type\":\"Organization\",\"@id\":\"https:\/\/www.kondicnipriprava.cz\/#organization\",\"name\":\"kondicnipriprava.cz\",\"url\":\"https:\/\/www.kondicnipriprava.cz\/\",\"logo\":{\"@type\":\"ImageObject\",\"inLanguage\":\"en-US\",\"@id\":\"https:\/\/www.kondicnipriprava.cz\/#\/schema\/logo\/image\/\",\"url\":\"https:\/\/www.kondicnipriprava.cz\/wp-content\/uploads\/2020\/03\/cropped-ft-logo-web-elementor.jpg\",\"contentUrl\":\"https:\/\/www.kondicnipriprava.cz\/wp-content\/uploads\/2020\/03\/cropped-ft-logo-web-elementor.jpg\",\"width\":305,\"height\":100,\"caption\":\"kondicnipriprava.cz\"},\"image\":{\"@id\":\"https:\/\/www.kondicnipriprava.cz\/#\/schema\/logo\/image\/\"}}]}<\/script>\n<!-- \/ Yoast SEO plugin. -->","yoast_head_json":{"title":"V\u00fd\u017eivov\u00e9 poradenstv\u00ed - kondicnipriprava.cz","robots":{"index":"index","follow":"follow","max-snippet":"max-snippet:-1","max-image-preview":"max-image-preview:large","max-video-preview":"max-video-preview:-1"},"canonical":"https:\/\/www.kondicnipriprava.cz\/en\/sluzby\/vyzivove-poradenstvi\/","og_locale":"en_US","og_type":"article","og_title":"V\u00fd\u017eivov\u00e9 poradenstv\u00ed - kondicnipriprava.cz","og_description":"Ivanka Hol\u00e1 &#8211; v\u00fd\u017eivov\u00fd poradce Vzd\u011bl\u00e1n\u00ed: &#8211; V\u00fd\u017eivov\u00fd poradce &#8211; Welko Institut zdrav\u00e9ho \u017eivota &#8211; V\u00fd\u017eiva a imunita &#8211; Institut&hellip;  Read more","og_url":"https:\/\/www.kondicnipriprava.cz\/en\/sluzby\/vyzivove-poradenstvi\/","og_site_name":"kondicnipriprava.cz","article_modified_time":"2022-04-05T10:11:45+00:00","og_image":[{"url":"https:\/\/www.kondicnipriprava.cz\/wp-content\/uploads\/2021\/03\/ivanka.jpg","type":"","width":"","height":""}],"twitter_card":"summary_large_image","twitter_misc":{"Est. reading time":"7 minutes"},"schema":{"@context":"https:\/\/schema.org","@graph":[{"@type":"WebPage","@id":"https:\/\/www.kondicnipriprava.cz\/sluzby\/vyzivove-poradenstvi\/","url":"https:\/\/www.kondicnipriprava.cz\/sluzby\/vyzivove-poradenstvi\/","name":"V\u00fd\u017eivov\u00e9 poradenstv\u00ed - kondicnipriprava.cz","isPartOf":{"@id":"https:\/\/www.kondicnipriprava.cz\/#website"},"primaryImageOfPage":{"@id":"https:\/\/www.kondicnipriprava.cz\/sluzby\/vyzivove-poradenstvi\/#primaryimage"},"image":{"@id":"https:\/\/www.kondicnipriprava.cz\/sluzby\/vyzivove-poradenstvi\/#primaryimage"},"thumbnailUrl":"https:\/\/www.kondicnipriprava.cz\/wp-content\/uploads\/2021\/03\/ivanka.jpg","datePublished":"2019-02-16T14:25:13+00:00","dateModified":"2022-04-05T10:11:45+00:00","breadcrumb":{"@id":"https:\/\/www.kondicnipriprava.cz\/sluzby\/vyzivove-poradenstvi\/#breadcrumb"},"inLanguage":"en-US","potentialAction":[{"@type":"ReadAction","target":["https:\/\/www.kondicnipriprava.cz\/sluzby\/vyzivove-poradenstvi\/"]}]},{"@type":"ImageObject","inLanguage":"en-US","@id":"https:\/\/www.kondicnipriprava.cz\/sluzby\/vyzivove-poradenstvi\/#primaryimage","url":"https:\/\/www.kondicnipriprava.cz\/wp-content\/uploads\/2021\/03\/ivanka.jpg","contentUrl":"https:\/\/www.kondicnipriprava.cz\/wp-content\/uploads\/2021\/03\/ivanka.jpg"},{"@type":"BreadcrumbList","@id":"https:\/\/www.kondicnipriprava.cz\/sluzby\/vyzivove-poradenstvi\/#breadcrumb","itemListElement":[{"@type":"ListItem","position":1,"name":"Dom\u016f","item":"https:\/\/www.kondicnipriprava.cz\/"},{"@type":"ListItem","position":2,"name":"Slu\u017eby","item":"https:\/\/www.kondicnipriprava.cz\/sluzby\/"},{"@type":"ListItem","position":3,"name":"V\u00fd\u017eivov\u00e9 poradenstv\u00ed"}]},{"@type":"WebSite","@id":"https:\/\/www.kondicnipriprava.cz\/#website","url":"https:\/\/www.kondicnipriprava.cz\/","name":"kondicnipriprava.cz","description":"Kondi\u010dn\u00ed p\u0159\u00edprava pro vrcholov\u00e9 sportovce","publisher":{"@id":"https:\/\/www.kondicnipriprava.cz\/#organization"},"potentialAction":[{"@type":"SearchAction","target":{"@type":"EntryPoint","urlTemplate":"https:\/\/www.kondicnipriprava.cz\/?s={search_term_string}"},"query-input":{"@type":"PropertyValueSpecification","valueRequired":true,"valueName":"search_term_string"}}],"inLanguage":"en-US"},{"@type":"Organization","@id":"https:\/\/www.kondicnipriprava.cz\/#organization","name":"kondicnipriprava.cz","url":"https:\/\/www.kondicnipriprava.cz\/","logo":{"@type":"ImageObject","inLanguage":"en-US","@id":"https:\/\/www.kondicnipriprava.cz\/#\/schema\/logo\/image\/","url":"https:\/\/www.kondicnipriprava.cz\/wp-content\/uploads\/2020\/03\/cropped-ft-logo-web-elementor.jpg","contentUrl":"https:\/\/www.kondicnipriprava.cz\/wp-content\/uploads\/2020\/03\/cropped-ft-logo-web-elementor.jpg","width":305,"height":100,"caption":"kondicnipriprava.cz"},"image":{"@id":"https:\/\/www.kondicnipriprava.cz\/#\/schema\/logo\/image\/"}}]}},"_links":{"self":[{"href":"https:\/\/www.kondicnipriprava.cz\/en\/wp-json\/wp\/v2\/pages\/86","targetHints":{"allow":["GET"]}}],"collection":[{"href":"https:\/\/www.kondicnipriprava.cz\/en\/wp-json\/wp\/v2\/pages"}],"about":[{"href":"https:\/\/www.kondicnipriprava.cz\/en\/wp-json\/wp\/v2\/types\/page"}],"author":[{"embeddable":true,"href":"https:\/\/www.kondicnipriprava.cz\/en\/wp-json\/wp\/v2\/users\/1"}],"replies":[{"embeddable":true,"href":"https:\/\/www.kondicnipriprava.cz\/en\/wp-json\/wp\/v2\/comments?post=86"}],"version-history":[{"count":0,"href":"https:\/\/www.kondicnipriprava.cz\/en\/wp-json\/wp\/v2\/pages\/86\/revisions"}],"up":[{"embeddable":true,"href":"https:\/\/www.kondicnipriprava.cz\/en\/wp-json\/wp\/v2\/pages\/19"}],"wp:attachment":[{"href":"https:\/\/www.kondicnipriprava.cz\/en\/wp-json\/wp\/v2\/media?parent=86"}],"curies":[{"name":"wp","href":"https:\/\/api.w.org\/{rel}","templated":true}]}}