{"id":58,"date":"2019-02-16T12:08:33","date_gmt":"2019-02-16T12:08:33","guid":{"rendered":"http:\/\/www.kondicnipriprava.cz\/?page_id=58"},"modified":"2019-08-20T17:18:43","modified_gmt":"2019-08-20T17:18:43","slug":"spolupracujeme","status":"publish","type":"page","link":"https:\/\/www.kondicnipriprava.cz\/en\/spolupracujeme\/","title":{"rendered":"Spolupracujeme"},"content":{"rendered":"<div data-elementor-type=\"wp-post\" data-elementor-id=\"58\" class=\"elementor elementor-58\">\n\t\t\t\t\t\t<div class=\"elementor-inner\">\n\t\t\t\t<div class=\"elementor-section-wrap\">\n\t\t\t\t\t\t\t\t\t<section class=\"elementor-section elementor-top-section elementor-element elementor-element-291af20 elementor-section-boxed elementor-section-height-default elementor-section-height-default\" data-id=\"291af20\" data-element_type=\"section\">\n\t\t\t\t\t\t<div class=\"elementor-container elementor-column-gap-default\">\n\t\t\t\t\t\t\t<div class=\"elementor-row\">\n\t\t\t\t\t<div class=\"elementor-column elementor-col-50 elementor-top-column elementor-element elementor-element-0f5c81d\" data-id=\"0f5c81d\" data-element_type=\"column\">\n\t\t\t<div class=\"elementor-column-wrap elementor-element-populated\">\n\t\t\t\t\t\t\t<div class=\"elementor-widget-wrap\">\n\t\t\t\t\t\t<div class=\"elementor-element elementor-element-72a326f elementor-position-top elementor-vertical-align-top elementor-widget elementor-widget-image-box\" data-id=\"72a326f\" data-element_type=\"widget\" data-widget_type=\"image-box.default\">\n\t\t\t\t<div class=\"elementor-widget-container\">\n\t\t\t<div class=\"elementor-image-box-wrapper\"><figure class=\"elementor-image-box-img\"><a href=\"\/en\/spolupracujeme\/nasi-klienti\/\"><img loading=\"lazy\" decoding=\"async\" width=\"250\" height=\"166\" src=\"https:\/\/www.kondicnipriprava.cz\/wp-content\/uploads\/2019\/08\/anezka.jpg\" class=\"attachment-full size-full\" alt=\"\" \/><\/a><\/figure><div class=\"elementor-image-box-content\"><h3 class=\"elementor-image-box-title\"><a href=\"\/en\/spolupracujeme\/nasi-klienti\/\">Na\u0161i klienti<\/a><\/h3><p class=\"elementor-image-box-description\">Ane\u017eka Drahotov\u00e1, Ale\u0161 Kis\u00fd, Maty\u00e1\u0161 Zieris, Pavel Neve\u010de\u0159al, Tereza Klemp\u00ed\u0159ov\u00e1, Karlecov\u00e1 Tereace, Jakub \"VLK\" Synek, \u0160\u00e1rka Musilov\u00e1 ...<\/p><\/div><\/div>\t\t<\/div>\n\t\t\t\t<\/div>\n\t\t\t\t\t\t<\/div>\n\t\t\t\t\t<\/div>\n\t\t<\/div>\n\t\t\t\t<div class=\"elementor-column elementor-col-50 elementor-top-column elementor-element elementor-element-279ed43\" data-id=\"279ed43\" data-element_type=\"column\">\n\t\t\t<div class=\"elementor-column-wrap elementor-element-populated\">\n\t\t\t\t\t\t\t<div class=\"elementor-widget-wrap\">\n\t\t\t\t\t\t<div class=\"elementor-element elementor-element-d9c0a70 elementor-position-top elementor-vertical-align-top elementor-widget elementor-widget-image-box\" data-id=\"d9c0a70\" data-element_type=\"widget\" data-widget_type=\"image-box.default\">\n\t\t\t\t<div class=\"elementor-widget-container\">\n\t\t\t<div class=\"elementor-image-box-wrapper\"><figure class=\"elementor-image-box-img\"><a href=\"\/en\/spolupracujeme\/spolupracujeme\/\"><img loading=\"lazy\" decoding=\"async\" width=\"250\" height=\"166\" src=\"https:\/\/www.kondicnipriprava.cz\/wp-content\/uploads\/2019\/08\/teamwork-2188038_640.jpg\" class=\"attachment-full size-full\" alt=\"\" \/><\/a><\/figure><div class=\"elementor-image-box-content\"><h3 class=\"elementor-image-box-title\"><a href=\"\/en\/spolupracujeme\/spolupracujeme\/\">Spolupracujeme<\/a><\/h3><p class=\"elementor-image-box-description\">HC Dynamo pardubice, OlfinCar SKI TEAM, FITNESS HORSK\u00c1 Trutnov, AlkaTravel ...<\/p><\/div><\/div>\t\t<\/div>\n\t\t\t\t<\/div>\n\t\t\t\t\t\t<\/div>\n\t\t\t\t\t<\/div>\n\t\t<\/div>\n\t\t\t\t\t\t\t\t<\/div>\n\t\t\t\t\t<\/div>\n\t\t<\/section>\n\t\t\t\t<section class=\"elementor-section elementor-top-section elementor-element elementor-element-e457972 elementor-section-boxed elementor-section-height-default elementor-section-height-default\" data-id=\"e457972\" data-element_type=\"section\">\n\t\t\t\t\t\t<div class=\"elementor-container elementor-column-gap-default\">\n\t\t\t\t\t\t\t<div class=\"elementor-row\">\n\t\t\t\t\t<div class=\"elementor-column elementor-col-100 elementor-top-column elementor-element elementor-element-c5a58a8\" data-id=\"c5a58a8\" data-element_type=\"column\">\n\t\t\t<div class=\"elementor-column-wrap elementor-element-populated\">\n\t\t\t\t\t\t\t<div class=\"elementor-widget-wrap\">\n\t\t\t\t\t\t<div class=\"elementor-element elementor-element-fc41a58 elementor-widget elementor-widget-spacer\" data-id=\"fc41a58\" data-element_type=\"widget\" data-widget_type=\"spacer.default\">\n\t\t\t\t<div class=\"elementor-widget-container\">\n\t\t\t\t\t<div class=\"elementor-spacer\">\n\t\t\t<div class=\"elementor-spacer-inner\"><\/div>\n\t\t<\/div>\n\t\t\t\t<\/div>\n\t\t\t\t<\/div>\n\t\t\t\t\t\t<\/div>\n\t\t\t\t\t<\/div>\n\t\t<\/div>\n\t\t\t\t\t\t\t\t<\/div>\n\t\t\t\t\t<\/div>\n\t\t<\/section>\n\t\t\t\t\t\t\t\t\t<\/div>\n\t\t\t<\/div>\n\t\t\t\t\t<\/div>","protected":false},"excerpt":{"rendered":"<p>Na\u0161i klienti Ane\u017eka Drahotov\u00e1, Ale\u0161 Kis\u00fd, Maty\u00e1\u0161 Zieris, Pavel Neve\u010de\u0159al, Tereza Klemp\u00ed\u0159ov\u00e1, Karlecov\u00e1 Tereace, Jakub &#8222;VLK&#8220; Synek, \u0160\u00e1rka Musilov\u00e1 &#8230;&hellip;<\/p>\n<p> <a class=\"more-link\" href=\"https:\/\/www.kondicnipriprava.cz\/en\/spolupracujeme\/\">Read more<\/a><\/p>","protected":false},"author":1,"featured_media":0,"parent":0,"menu_order":0,"comment_status":"closed","ping_status":"closed","template":"","meta":{"footnotes":""},"class_list":["post-58","page","type-page","status-publish"],"yoast_head":"<!-- This site is optimized with the Yoast SEO plugin v24.2 - https:\/\/yoast.com\/wordpress\/plugins\/seo\/ -->\n<title>Spolupracujeme - kondicnipriprava.cz<\/title>\n<meta name=\"robots\" content=\"index, follow, max-snippet:-1, max-image-preview:large, max-video-preview:-1\" \/>\n<link rel=\"canonical\" href=\"https:\/\/www.kondicnipriprava.cz\/en\/spolupracujeme\/\" \/>\n<meta property=\"og:locale\" content=\"en_US\" \/>\n<meta property=\"og:type\" content=\"article\" \/>\n<meta property=\"og:title\" content=\"Spolupracujeme - kondicnipriprava.cz\" \/>\n<meta property=\"og:description\" content=\"Na\u0161i klienti Ane\u017eka Drahotov\u00e1, Ale\u0161 Kis\u00fd, Maty\u00e1\u0161 Zieris, Pavel Neve\u010de\u0159al, Tereza Klemp\u00ed\u0159ov\u00e1, Karlecov\u00e1 Tereace, Jakub &#8222;VLK&#8220; Synek, \u0160\u00e1rka Musilov\u00e1 &#8230;&hellip;  Read more\" \/>\n<meta property=\"og:url\" content=\"https:\/\/www.kondicnipriprava.cz\/en\/spolupracujeme\/\" \/>\n<meta property=\"og:site_name\" content=\"kondicnipriprava.cz\" \/>\n<meta property=\"article:modified_time\" content=\"2019-08-20T17:18:43+00:00\" \/>\n<meta property=\"og:image\" content=\"http:\/\/www.kondicnipriprava.cz\/wp-content\/uploads\/2019\/08\/anezka.jpg\" \/>\n<meta name=\"twitter:card\" content=\"summary_large_image\" \/>\n<script type=\"application\/ld+json\" class=\"yoast-schema-graph\">{\"@context\":\"https:\/\/schema.org\",\"@graph\":[{\"@type\":\"WebPage\",\"@id\":\"https:\/\/www.kondicnipriprava.cz\/spolupracujeme\/\",\"url\":\"https:\/\/www.kondicnipriprava.cz\/spolupracujeme\/\",\"name\":\"Spolupracujeme - kondicnipriprava.cz\",\"isPartOf\":{\"@id\":\"https:\/\/www.kondicnipriprava.cz\/#website\"},\"primaryImageOfPage\":{\"@id\":\"https:\/\/www.kondicnipriprava.cz\/spolupracujeme\/#primaryimage\"},\"image\":{\"@id\":\"https:\/\/www.kondicnipriprava.cz\/spolupracujeme\/#primaryimage\"},\"thumbnailUrl\":\"http:\/\/www.kondicnipriprava.cz\/wp-content\/uploads\/2019\/08\/anezka.jpg\",\"datePublished\":\"2019-02-16T12:08:33+00:00\",\"dateModified\":\"2019-08-20T17:18:43+00:00\",\"breadcrumb\":{\"@id\":\"https:\/\/www.kondicnipriprava.cz\/spolupracujeme\/#breadcrumb\"},\"inLanguage\":\"en-US\",\"potentialAction\":[{\"@type\":\"ReadAction\",\"target\":[\"https:\/\/www.kondicnipriprava.cz\/spolupracujeme\/\"]}]},{\"@type\":\"ImageObject\",\"inLanguage\":\"en-US\",\"@id\":\"https:\/\/www.kondicnipriprava.cz\/spolupracujeme\/#primaryimage\",\"url\":\"http:\/\/www.kondicnipriprava.cz\/wp-content\/uploads\/2019\/08\/anezka.jpg\",\"contentUrl\":\"http:\/\/www.kondicnipriprava.cz\/wp-content\/uploads\/2019\/08\/anezka.jpg\"},{\"@type\":\"BreadcrumbList\",\"@id\":\"https:\/\/www.kondicnipriprava.cz\/spolupracujeme\/#breadcrumb\",\"itemListElement\":[{\"@type\":\"ListItem\",\"position\":1,\"name\":\"Dom\u016f\",\"item\":\"https:\/\/www.kondicnipriprava.cz\/\"},{\"@type\":\"ListItem\",\"position\":2,\"name\":\"Spolupracujeme\"}]},{\"@type\":\"WebSite\",\"@id\":\"https:\/\/www.kondicnipriprava.cz\/#website\",\"url\":\"https:\/\/www.kondicnipriprava.cz\/\",\"name\":\"kondicnipriprava.cz\",\"description\":\"Kondi\u010dn\u00ed p\u0159\u00edprava pro vrcholov\u00e9 sportovce\",\"publisher\":{\"@id\":\"https:\/\/www.kondicnipriprava.cz\/#organization\"},\"potentialAction\":[{\"@type\":\"SearchAction\",\"target\":{\"@type\":\"EntryPoint\",\"urlTemplate\":\"https:\/\/www.kondicnipriprava.cz\/?s={search_term_string}\"},\"query-input\":{\"@type\":\"PropertyValueSpecification\",\"valueRequired\":true,\"valueName\":\"search_term_string\"}}],\"inLanguage\":\"en-US\"},{\"@type\":\"Organization\",\"@id\":\"https:\/\/www.kondicnipriprava.cz\/#organization\",\"name\":\"kondicnipriprava.cz\",\"url\":\"https:\/\/www.kondicnipriprava.cz\/\",\"logo\":{\"@type\":\"ImageObject\",\"inLanguage\":\"en-US\",\"@id\":\"https:\/\/www.kondicnipriprava.cz\/#\/schema\/logo\/image\/\",\"url\":\"https:\/\/www.kondicnipriprava.cz\/wp-content\/uploads\/2020\/03\/cropped-ft-logo-web-elementor.jpg\",\"contentUrl\":\"https:\/\/www.kondicnipriprava.cz\/wp-content\/uploads\/2020\/03\/cropped-ft-logo-web-elementor.jpg\",\"width\":305,\"height\":100,\"caption\":\"kondicnipriprava.cz\"},\"image\":{\"@id\":\"https:\/\/www.kondicnipriprava.cz\/#\/schema\/logo\/image\/\"}}]}<\/script>\n<!-- \/ Yoast SEO plugin. -->","yoast_head_json":{"title":"Spolupracujeme - kondicnipriprava.cz","robots":{"index":"index","follow":"follow","max-snippet":"max-snippet:-1","max-image-preview":"max-image-preview:large","max-video-preview":"max-video-preview:-1"},"canonical":"https:\/\/www.kondicnipriprava.cz\/en\/spolupracujeme\/","og_locale":"en_US","og_type":"article","og_title":"Spolupracujeme - kondicnipriprava.cz","og_description":"Na\u0161i klienti Ane\u017eka Drahotov\u00e1, Ale\u0161 Kis\u00fd, Maty\u00e1\u0161 Zieris, Pavel Neve\u010de\u0159al, Tereza Klemp\u00ed\u0159ov\u00e1, Karlecov\u00e1 Tereace, Jakub &#8222;VLK&#8220; Synek, \u0160\u00e1rka Musilov\u00e1 &#8230;&hellip;  Read more","og_url":"https:\/\/www.kondicnipriprava.cz\/en\/spolupracujeme\/","og_site_name":"kondicnipriprava.cz","article_modified_time":"2019-08-20T17:18:43+00:00","og_image":[{"url":"http:\/\/www.kondicnipriprava.cz\/wp-content\/uploads\/2019\/08\/anezka.jpg","type":"","width":"","height":""}],"twitter_card":"summary_large_image","schema":{"@context":"https:\/\/schema.org","@graph":[{"@type":"WebPage","@id":"https:\/\/www.kondicnipriprava.cz\/spolupracujeme\/","url":"https:\/\/www.kondicnipriprava.cz\/spolupracujeme\/","name":"Spolupracujeme - kondicnipriprava.cz","isPartOf":{"@id":"https:\/\/www.kondicnipriprava.cz\/#website"},"primaryImageOfPage":{"@id":"https:\/\/www.kondicnipriprava.cz\/spolupracujeme\/#primaryimage"},"image":{"@id":"https:\/\/www.kondicnipriprava.cz\/spolupracujeme\/#primaryimage"},"thumbnailUrl":"http:\/\/www.kondicnipriprava.cz\/wp-content\/uploads\/2019\/08\/anezka.jpg","datePublished":"2019-02-16T12:08:33+00:00","dateModified":"2019-08-20T17:18:43+00:00","breadcrumb":{"@id":"https:\/\/www.kondicnipriprava.cz\/spolupracujeme\/#breadcrumb"},"inLanguage":"en-US","potentialAction":[{"@type":"ReadAction","target":["https:\/\/www.kondicnipriprava.cz\/spolupracujeme\/"]}]},{"@type":"ImageObject","inLanguage":"en-US","@id":"https:\/\/www.kondicnipriprava.cz\/spolupracujeme\/#primaryimage","url":"http:\/\/www.kondicnipriprava.cz\/wp-content\/uploads\/2019\/08\/anezka.jpg","contentUrl":"http:\/\/www.kondicnipriprava.cz\/wp-content\/uploads\/2019\/08\/anezka.jpg"},{"@type":"BreadcrumbList","@id":"https:\/\/www.kondicnipriprava.cz\/spolupracujeme\/#breadcrumb","itemListElement":[{"@type":"ListItem","position":1,"name":"Dom\u016f","item":"https:\/\/www.kondicnipriprava.cz\/"},{"@type":"ListItem","position":2,"name":"Spolupracujeme"}]},{"@type":"WebSite","@id":"https:\/\/www.kondicnipriprava.cz\/#website","url":"https:\/\/www.kondicnipriprava.cz\/","name":"kondicnipriprava.cz","description":"Kondi\u010dn\u00ed p\u0159\u00edprava pro vrcholov\u00e9 sportovce","publisher":{"@id":"https:\/\/www.kondicnipriprava.cz\/#organization"},"potentialAction":[{"@type":"SearchAction","target":{"@type":"EntryPoint","urlTemplate":"https:\/\/www.kondicnipriprava.cz\/?s={search_term_string}"},"query-input":{"@type":"PropertyValueSpecification","valueRequired":true,"valueName":"search_term_string"}}],"inLanguage":"en-US"},{"@type":"Organization","@id":"https:\/\/www.kondicnipriprava.cz\/#organization","name":"kondicnipriprava.cz","url":"https:\/\/www.kondicnipriprava.cz\/","logo":{"@type":"ImageObject","inLanguage":"en-US","@id":"https:\/\/www.kondicnipriprava.cz\/#\/schema\/logo\/image\/","url":"https:\/\/www.kondicnipriprava.cz\/wp-content\/uploads\/2020\/03\/cropped-ft-logo-web-elementor.jpg","contentUrl":"https:\/\/www.kondicnipriprava.cz\/wp-content\/uploads\/2020\/03\/cropped-ft-logo-web-elementor.jpg","width":305,"height":100,"caption":"kondicnipriprava.cz"},"image":{"@id":"https:\/\/www.kondicnipriprava.cz\/#\/schema\/logo\/image\/"}}]}},"_links":{"self":[{"href":"https:\/\/www.kondicnipriprava.cz\/en\/wp-json\/wp\/v2\/pages\/58","targetHints":{"allow":["GET"]}}],"collection":[{"href":"https:\/\/www.kondicnipriprava.cz\/en\/wp-json\/wp\/v2\/pages"}],"about":[{"href":"https:\/\/www.kondicnipriprava.cz\/en\/wp-json\/wp\/v2\/types\/page"}],"author":[{"embeddable":true,"href":"https:\/\/www.kondicnipriprava.cz\/en\/wp-json\/wp\/v2\/users\/1"}],"replies":[{"embeddable":true,"href":"https:\/\/www.kondicnipriprava.cz\/en\/wp-json\/wp\/v2\/comments?post=58"}],"version-history":[{"count":0,"href":"https:\/\/www.kondicnipriprava.cz\/en\/wp-json\/wp\/v2\/pages\/58\/revisions"}],"wp:attachment":[{"href":"https:\/\/www.kondicnipriprava.cz\/en\/wp-json\/wp\/v2\/media?parent=58"}],"curies":[{"name":"wp","href":"https:\/\/api.w.org\/{rel}","templated":true}]}}