{"id":13465,"date":"2025-01-15T12:53:10","date_gmt":"2025-01-15T12:53:10","guid":{"rendered":"https:\/\/www.kondicnipriprava.cz\/?page_id=13465"},"modified":"2025-01-15T12:53:10","modified_gmt":"2025-01-15T12:53:10","slug":"obchodni-podminky","status":"publish","type":"page","link":"https:\/\/www.kondicnipriprava.cz\/en\/obchodni-podminky\/","title":{"rendered":"Obchodn\u00ed podm\u00ednky"},"content":{"rendered":"<p><strong>Podm\u00ednky pro vr\u00e1cen\u00ed pen\u011bz<\/strong><\/p>\n<p><strong>\u00a0<\/strong><\/p>\n<p>V p\u0159\u00edpad\u011b, \u017ee se rozhodnete zru\u0161it svou \u00fa\u010dast na programu <strong>FIT DO PLAVEK 2025<\/strong>, pros\u00edm, seznamte se s n\u00e1sleduj\u00edc\u00edmi podm\u00ednkami vr\u00e1cen\u00ed pen\u011bz:<\/p>\n<p>&nbsp;<\/p>\n<ol>\n<li><strong>Zru\u0161en\u00ed \u00fa\u010dasti v\u00edce ne\u017e 14 dn\u00ed p\u0159ed za\u010d\u00e1tkem programu:<\/strong>\n<ul>\n<li>Pokud \u00fa\u010dastn\u00edk zru\u0161\u00ed \u00fa\u010dast <strong>nejpozd\u011bji do 14 dn\u00ed p\u0159ed zah\u00e1jen\u00edm programu<\/strong> (do 15. 2. 2025), bude mu vr\u00e1cena cel\u00e1 zaplacen\u00e1 \u010d\u00e1stka <strong>s v\u00fdjimkou administrativn\u00edho poplatku 500 K\u010d<\/strong>.<\/li>\n<\/ul>\n<\/li>\n<li><strong>Zru\u0161en\u00ed \u00fa\u010dasti m\u00e9n\u011b ne\u017e 14 dn\u00ed p\u0159ed za\u010d\u00e1tkem programu:<\/strong>\n<ul>\n<li>Pokud \u00fa\u010dastn\u00edk zru\u0161\u00ed \u00fa\u010dast <strong>m\u00e9n\u011b ne\u017e 14 dn\u00ed p\u0159ed za\u010d\u00e1tkem programu<\/strong> (po 15. 2. 2025), bude mu vr\u00e1ceno <strong>50 % z celkov\u00e9 zaplacen\u00e9 \u010d\u00e1stky<\/strong> nebo mu bude nab\u00eddnuto posunut\u00ed \u00fa\u010dasti na jin\u00fd term\u00edn.<\/li>\n<\/ul>\n<\/li>\n<li><strong>Vr\u00e1cen\u00ed pen\u011bz v p\u0159\u00edpad\u011b nemoci nebo ne\u010dekan\u00fdch ud\u00e1lost\u00ed:<\/strong>\n<ul>\n<li>Pokud \u00fa\u010dastn\u00edk nem\u016f\u017ee dokon\u010dit program kv\u016fli v\u00e1\u017en\u00e9 nemoci nebo jin\u00e9 ne\u010dekan\u00e9 ud\u00e1losti, m\u016f\u017ee se domluvit na <strong>posunut\u00ed \u00fa\u010dasti na jin\u00fd term\u00edn<\/strong> nebo bude vr\u00e1ceno <strong>50 % z celkov\u00e9 zaplacen\u00e9 \u010d\u00e1stky<\/strong>.<\/li>\n<li>V takov\u00e9m p\u0159\u00edpad\u011b je nutn\u00e9 poskytnout <strong>l\u00e9ka\u0159sk\u00e9 potvrzen\u00ed<\/strong> o neschopnosti \u00fa\u010dastnit se programu.<\/li>\n<\/ul>\n<\/li>\n<li><strong>Posunut\u00ed \u00fa\u010dasti na jin\u00fd term\u00edn:<\/strong>\n<ul>\n<li>\u00da\u010dastn\u00edk m\u016f\u017ee po\u017e\u00e1dat o <strong>posunut\u00ed \u00fa\u010dasti na jin\u00fd term\u00edn<\/strong>, pokud se nem\u016f\u017ee z\u00fa\u010dastnit programu z v\u00e1\u017en\u00fdch d\u016fvod\u016f (nap\u0159. nemoc, rodinn\u00e9 d\u016fvody), a to <strong>alespo\u0148 7 dn\u00ed p\u0159ed za\u010d\u00e1tkem programu<\/strong>. V p\u0159\u00edpad\u011b, \u017ee posunut\u00ed nebude mo\u017en\u00e9, budou platit podm\u00ednky pro vr\u00e1cen\u00ed pen\u011bz uveden\u00e9 v\u00fd\u0161e.<\/li>\n<\/ul>\n<\/li>\n<li><strong>Zru\u0161en\u00ed programu organiz\u00e1torem:<\/strong>\n<ul>\n<li>V p\u0159\u00edpad\u011b, \u017ee bude program zru\u0161en z d\u016fvodu vy\u0161\u0161\u00ed moci nebo jin\u00fdch nep\u0159edv\u00eddan\u00fdch okolnost\u00ed, \u00fa\u010dastn\u00edk\u016fm bude vr\u00e1cena <strong>cel\u00e1 zaplacen\u00e1 \u010d\u00e1stka<\/strong> nebo jim bude nab\u00eddnut alternativn\u00ed term\u00edn pro \u00fa\u010dast na programu.<\/li>\n<\/ul>\n<\/li>\n<\/ol>","protected":false},"excerpt":{"rendered":"<p>Podm\u00ednky pro vr\u00e1cen\u00ed pen\u011bz \u00a0 V p\u0159\u00edpad\u011b, \u017ee se rozhodnete zru\u0161it svou \u00fa\u010dast na programu FIT DO PLAVEK 2025, pros\u00edm,&hellip;<\/p>\n<p> <a class=\"more-link\" href=\"https:\/\/www.kondicnipriprava.cz\/en\/obchodni-podminky\/\">Read more<\/a><\/p>","protected":false},"author":1,"featured_media":0,"parent":0,"menu_order":0,"comment_status":"closed","ping_status":"closed","template":"","meta":{"footnotes":""},"class_list":["post-13465","page","type-page","status-publish"],"yoast_head":"<!-- This site is optimized with the Yoast SEO plugin v24.2 - https:\/\/yoast.com\/wordpress\/plugins\/seo\/ -->\n<title>Obchodn\u00ed podm\u00ednky - kondicnipriprava.cz<\/title>\n<meta name=\"robots\" content=\"index, follow, max-snippet:-1, max-image-preview:large, max-video-preview:-1\" \/>\n<link rel=\"canonical\" href=\"https:\/\/www.kondicnipriprava.cz\/en\/obchodni-podminky\/\" \/>\n<meta property=\"og:locale\" content=\"en_US\" \/>\n<meta property=\"og:type\" content=\"article\" \/>\n<meta property=\"og:title\" content=\"Obchodn\u00ed podm\u00ednky - kondicnipriprava.cz\" \/>\n<meta property=\"og:description\" content=\"Podm\u00ednky pro vr\u00e1cen\u00ed pen\u011bz \u00a0 V p\u0159\u00edpad\u011b, \u017ee se rozhodnete zru\u0161it svou \u00fa\u010dast na programu FIT DO PLAVEK 2025, pros\u00edm,&hellip;  Read more\" \/>\n<meta property=\"og:url\" content=\"https:\/\/www.kondicnipriprava.cz\/en\/obchodni-podminky\/\" \/>\n<meta property=\"og:site_name\" content=\"kondicnipriprava.cz\" \/>\n<meta name=\"twitter:card\" content=\"summary_large_image\" \/>\n<meta name=\"twitter:label1\" content=\"Est. reading time\" \/>\n\t<meta name=\"twitter:data1\" content=\"2 minutes\" \/>\n<script type=\"application\/ld+json\" class=\"yoast-schema-graph\">{\"@context\":\"https:\/\/schema.org\",\"@graph\":[{\"@type\":\"WebPage\",\"@id\":\"https:\/\/www.kondicnipriprava.cz\/obchodni-podminky\/\",\"url\":\"https:\/\/www.kondicnipriprava.cz\/obchodni-podminky\/\",\"name\":\"Obchodn\u00ed podm\u00ednky - kondicnipriprava.cz\",\"isPartOf\":{\"@id\":\"https:\/\/www.kondicnipriprava.cz\/#website\"},\"datePublished\":\"2025-01-15T12:53:10+00:00\",\"dateModified\":\"2025-01-15T12:53:10+00:00\",\"breadcrumb\":{\"@id\":\"https:\/\/www.kondicnipriprava.cz\/obchodni-podminky\/#breadcrumb\"},\"inLanguage\":\"en-US\",\"potentialAction\":[{\"@type\":\"ReadAction\",\"target\":[\"https:\/\/www.kondicnipriprava.cz\/obchodni-podminky\/\"]}]},{\"@type\":\"BreadcrumbList\",\"@id\":\"https:\/\/www.kondicnipriprava.cz\/obchodni-podminky\/#breadcrumb\",\"itemListElement\":[{\"@type\":\"ListItem\",\"position\":1,\"name\":\"Dom\u016f\",\"item\":\"https:\/\/www.kondicnipriprava.cz\/\"},{\"@type\":\"ListItem\",\"position\":2,\"name\":\"Obchodn\u00ed podm\u00ednky\"}]},{\"@type\":\"WebSite\",\"@id\":\"https:\/\/www.kondicnipriprava.cz\/#website\",\"url\":\"https:\/\/www.kondicnipriprava.cz\/\",\"name\":\"kondicnipriprava.cz\",\"description\":\"Kondi\u010dn\u00ed p\u0159\u00edprava pro vrcholov\u00e9 sportovce\",\"publisher\":{\"@id\":\"https:\/\/www.kondicnipriprava.cz\/#organization\"},\"potentialAction\":[{\"@type\":\"SearchAction\",\"target\":{\"@type\":\"EntryPoint\",\"urlTemplate\":\"https:\/\/www.kondicnipriprava.cz\/?s={search_term_string}\"},\"query-input\":{\"@type\":\"PropertyValueSpecification\",\"valueRequired\":true,\"valueName\":\"search_term_string\"}}],\"inLanguage\":\"en-US\"},{\"@type\":\"Organization\",\"@id\":\"https:\/\/www.kondicnipriprava.cz\/#organization\",\"name\":\"kondicnipriprava.cz\",\"url\":\"https:\/\/www.kondicnipriprava.cz\/\",\"logo\":{\"@type\":\"ImageObject\",\"inLanguage\":\"en-US\",\"@id\":\"https:\/\/www.kondicnipriprava.cz\/#\/schema\/logo\/image\/\",\"url\":\"https:\/\/www.kondicnipriprava.cz\/wp-content\/uploads\/2020\/03\/cropped-ft-logo-web-elementor.jpg\",\"contentUrl\":\"https:\/\/www.kondicnipriprava.cz\/wp-content\/uploads\/2020\/03\/cropped-ft-logo-web-elementor.jpg\",\"width\":305,\"height\":100,\"caption\":\"kondicnipriprava.cz\"},\"image\":{\"@id\":\"https:\/\/www.kondicnipriprava.cz\/#\/schema\/logo\/image\/\"}}]}<\/script>\n<!-- \/ Yoast SEO plugin. -->","yoast_head_json":{"title":"Obchodn\u00ed podm\u00ednky - kondicnipriprava.cz","robots":{"index":"index","follow":"follow","max-snippet":"max-snippet:-1","max-image-preview":"max-image-preview:large","max-video-preview":"max-video-preview:-1"},"canonical":"https:\/\/www.kondicnipriprava.cz\/en\/obchodni-podminky\/","og_locale":"en_US","og_type":"article","og_title":"Obchodn\u00ed podm\u00ednky - kondicnipriprava.cz","og_description":"Podm\u00ednky pro vr\u00e1cen\u00ed pen\u011bz \u00a0 V p\u0159\u00edpad\u011b, \u017ee se rozhodnete zru\u0161it svou \u00fa\u010dast na programu FIT DO PLAVEK 2025, pros\u00edm,&hellip;  Read more","og_url":"https:\/\/www.kondicnipriprava.cz\/en\/obchodni-podminky\/","og_site_name":"kondicnipriprava.cz","twitter_card":"summary_large_image","twitter_misc":{"Est. reading time":"2 minutes"},"schema":{"@context":"https:\/\/schema.org","@graph":[{"@type":"WebPage","@id":"https:\/\/www.kondicnipriprava.cz\/obchodni-podminky\/","url":"https:\/\/www.kondicnipriprava.cz\/obchodni-podminky\/","name":"Obchodn\u00ed podm\u00ednky - kondicnipriprava.cz","isPartOf":{"@id":"https:\/\/www.kondicnipriprava.cz\/#website"},"datePublished":"2025-01-15T12:53:10+00:00","dateModified":"2025-01-15T12:53:10+00:00","breadcrumb":{"@id":"https:\/\/www.kondicnipriprava.cz\/obchodni-podminky\/#breadcrumb"},"inLanguage":"en-US","potentialAction":[{"@type":"ReadAction","target":["https:\/\/www.kondicnipriprava.cz\/obchodni-podminky\/"]}]},{"@type":"BreadcrumbList","@id":"https:\/\/www.kondicnipriprava.cz\/obchodni-podminky\/#breadcrumb","itemListElement":[{"@type":"ListItem","position":1,"name":"Dom\u016f","item":"https:\/\/www.kondicnipriprava.cz\/"},{"@type":"ListItem","position":2,"name":"Obchodn\u00ed podm\u00ednky"}]},{"@type":"WebSite","@id":"https:\/\/www.kondicnipriprava.cz\/#website","url":"https:\/\/www.kondicnipriprava.cz\/","name":"kondicnipriprava.cz","description":"Kondi\u010dn\u00ed p\u0159\u00edprava pro vrcholov\u00e9 sportovce","publisher":{"@id":"https:\/\/www.kondicnipriprava.cz\/#organization"},"potentialAction":[{"@type":"SearchAction","target":{"@type":"EntryPoint","urlTemplate":"https:\/\/www.kondicnipriprava.cz\/?s={search_term_string}"},"query-input":{"@type":"PropertyValueSpecification","valueRequired":true,"valueName":"search_term_string"}}],"inLanguage":"en-US"},{"@type":"Organization","@id":"https:\/\/www.kondicnipriprava.cz\/#organization","name":"kondicnipriprava.cz","url":"https:\/\/www.kondicnipriprava.cz\/","logo":{"@type":"ImageObject","inLanguage":"en-US","@id":"https:\/\/www.kondicnipriprava.cz\/#\/schema\/logo\/image\/","url":"https:\/\/www.kondicnipriprava.cz\/wp-content\/uploads\/2020\/03\/cropped-ft-logo-web-elementor.jpg","contentUrl":"https:\/\/www.kondicnipriprava.cz\/wp-content\/uploads\/2020\/03\/cropped-ft-logo-web-elementor.jpg","width":305,"height":100,"caption":"kondicnipriprava.cz"},"image":{"@id":"https:\/\/www.kondicnipriprava.cz\/#\/schema\/logo\/image\/"}}]}},"_links":{"self":[{"href":"https:\/\/www.kondicnipriprava.cz\/en\/wp-json\/wp\/v2\/pages\/13465","targetHints":{"allow":["GET"]}}],"collection":[{"href":"https:\/\/www.kondicnipriprava.cz\/en\/wp-json\/wp\/v2\/pages"}],"about":[{"href":"https:\/\/www.kondicnipriprava.cz\/en\/wp-json\/wp\/v2\/types\/page"}],"author":[{"embeddable":true,"href":"https:\/\/www.kondicnipriprava.cz\/en\/wp-json\/wp\/v2\/users\/1"}],"replies":[{"embeddable":true,"href":"https:\/\/www.kondicnipriprava.cz\/en\/wp-json\/wp\/v2\/comments?post=13465"}],"version-history":[{"count":0,"href":"https:\/\/www.kondicnipriprava.cz\/en\/wp-json\/wp\/v2\/pages\/13465\/revisions"}],"wp:attachment":[{"href":"https:\/\/www.kondicnipriprava.cz\/en\/wp-json\/wp\/v2\/media?parent=13465"}],"curies":[{"name":"wp","href":"https:\/\/api.w.org\/{rel}","templated":true}]}}