{"id":13448,"date":"2025-01-15T12:28:48","date_gmt":"2025-01-15T12:28:48","guid":{"rendered":"https:\/\/www.kondicnipriprava.cz\/?page_id=13448"},"modified":"2025-01-15T12:56:49","modified_gmt":"2025-01-15T12:56:49","slug":"fit-do-plavek-2025-prihlaska","status":"publish","type":"page","link":"https:\/\/www.kondicnipriprava.cz\/en\/fit-do-plavek-2025-prihlaska\/","title":{"rendered":"FIT DO PLAVEK 2025 &#8211; P\u0158IHL\u00c1\u0160KA"},"content":{"rendered":"<div class=\"wpforms-container\" id=\"wpforms-13440\"><form id=\"wpforms-form-13440\" class=\"wpforms-validate wpforms-form wpforms-ajax-form\" data-formid=\"13440\" method=\"post\" enctype=\"multipart\/form-data\" action=\"\/en\/wp-json\/wp\/v2\/pages\/13448\" data-token=\"e88c1533d9157f63cb2c5f7f7e2e41e9\" data-token-time=\"1777549066\" data-trp-original-action=\"\/en\/wp-json\/wp\/v2\/pages\/13448\"><noscript class=\"wpforms-error-noscript\">Please enable JavaScript in your browser to complete this form.<\/noscript><div class=\"wpforms-field-container\"><div id=\"wpforms-13440-field_2-container\" class=\"wpforms-field wpforms-field-name\" data-field-id=\"2\"><label class=\"wpforms-field-label\">Osobn\u00ed \u00fadaje: <span class=\"wpforms-required-label\">*<\/span><\/label><div class=\"wpforms-field-row wpforms-field-medium\"><div class=\"wpforms-field-row-block wpforms-first wpforms-one-half\"><input type=\"text\" id=\"wpforms-13440-field_2\" class=\"wpforms-field-name-first wpforms-field-required\" name=\"wpforms[fields][2][first]\" required><label for=\"wpforms-13440-field_2\" class=\"wpforms-field-sublabel after\">First<\/label><\/div><div class=\"wpforms-field-row-block wpforms-one-half\"><input type=\"text\" id=\"wpforms-13440-field_2-last\" class=\"wpforms-field-name-last wpforms-field-required\" name=\"wpforms[fields][2][last]\" required><label for=\"wpforms-13440-field_2-last\" class=\"wpforms-field-sublabel after\">Last<\/label><\/div><\/div><\/div><div id=\"wpforms-13440-field_29-container\" class=\"wpforms-field wpforms-field-text\" data-field-id=\"29\"><label class=\"wpforms-field-label\" for=\"wpforms-13440-field_29\">Telefonn\u00ed \u010d\u00edslo: <span class=\"wpforms-required-label\">*<\/span><\/label><input type=\"text\" id=\"wpforms-13440-field_29\" class=\"wpforms-field-small wpforms-field-required\" name=\"wpforms[fields][29]\" required><\/div><div id=\"wpforms-13440-field_4-container\" class=\"wpforms-field wpforms-field-email\" data-field-id=\"4\"><label class=\"wpforms-field-label\" for=\"wpforms-13440-field_4\">Email: <span class=\"wpforms-required-label\">*<\/span><\/label><input type=\"email\" id=\"wpforms-13440-field_4\" class=\"wpforms-field-small wpforms-field-required\" name=\"wpforms[fields][4]\" spellcheck=\"false\" required><\/div><div id=\"wpforms-13440-field_13-container\" class=\"wpforms-field wpforms-field-text\" data-field-id=\"13\"><label class=\"wpforms-field-label\" for=\"wpforms-13440-field_13\">T\u011blesn\u00e9 parametry: V\u00fd\u0161ka (cm): \/ V\u00e1ha (kg): \/ Obvod pasu (cm): \/ Obvod bok\u016f (cm): <span class=\"wpforms-required-label\">*<\/span><\/label><input type=\"text\" id=\"wpforms-13440-field_13\" class=\"wpforms-field-medium wpforms-field-required\" name=\"wpforms[fields][13]\" required><\/div><div id=\"wpforms-13440-field_26-container\" class=\"wpforms-field wpforms-field-textarea\" data-field-id=\"26\"><label class=\"wpforms-field-label\" for=\"wpforms-13440-field_26\">M\u00e1te n\u011bjak\u00e9 zdravotn\u00ed probl\u00e9my nebo omezen\u00ed, kter\u00e9 bychom m\u011bli v\u011bd\u011bt? <span class=\"wpforms-required-label\">*<\/span><\/label><textarea id=\"wpforms-13440-field_26\" class=\"wpforms-field-medium wpforms-field-required\" name=\"wpforms[fields][26]\" placeholder=\"ANO (pros\u00edm, specifikujte) - NE\" required><\/textarea><\/div><div id=\"wpforms-13440-field_27-container\" class=\"wpforms-field wpforms-field-textarea\" data-field-id=\"27\"><label class=\"wpforms-field-label\" for=\"wpforms-13440-field_27\">Jste pod l\u00e9ka\u0159sk\u00fdm dohledem nebo m\u00e1te n\u011bjak\u00e9 zdravotn\u00ed omezen\u00ed, kter\u00e9 by mohlo ovlivnit va\u0161i \u00fa\u010dast na programu? <span class=\"wpforms-required-label\">*<\/span><\/label><textarea id=\"wpforms-13440-field_27\" class=\"wpforms-field-medium wpforms-field-required\" name=\"wpforms[fields][27]\" placeholder=\"Ano (pros\u00edm, specifikujte) - NE\" required><\/textarea><\/div><div id=\"wpforms-13440-field_16-container\" class=\"wpforms-field wpforms-field-textarea\" data-field-id=\"16\"><label class=\"wpforms-field-label\" for=\"wpforms-13440-field_16\">C\u00edle a motivace: <span class=\"wpforms-required-label\">*<\/span><\/label><textarea id=\"wpforms-13440-field_16\" class=\"wpforms-field-medium wpforms-field-required\" name=\"wpforms[fields][16]\" required><\/textarea><div class=\"wpforms-field-description\">Jak\u00e9 jsou va\u0161e hlavn\u00ed c\u00edle v r\u00e1mci programu? (nap\u0159. hubnut\u00ed, zlep\u0161en\u00ed kondice, zv\u00fd\u0161en\u00ed energie, pos\u00edlen\u00ed sval\u016f, zlep\u0161en\u00ed zdrav\u00ed, atd.)<\/div><\/div><div id=\"wpforms-13440-field_17-container\" class=\"wpforms-field wpforms-field-textarea\" data-field-id=\"17\"><label class=\"wpforms-field-label\" for=\"wpforms-13440-field_17\">Co v\u00e1s motivuje k \u00fa\u010dasti na tomto programu? <span class=\"wpforms-required-label\">*<\/span><\/label><textarea id=\"wpforms-13440-field_17\" class=\"wpforms-field-medium wpforms-field-required\" name=\"wpforms[fields][17]\" required><\/textarea><\/div><div id=\"wpforms-13440-field_18-container\" class=\"wpforms-field wpforms-field-checkbox\" data-field-id=\"18\"><label class=\"wpforms-field-label\">Volba platby: <span class=\"wpforms-required-label\">*<\/span><\/label><ul id=\"wpforms-13440-field_18\" class=\"wpforms-field-required\"><li class=\"choice-1 depth-1\"><input type=\"checkbox\" id=\"wpforms-13440-field_18_1\" name=\"wpforms[fields][18][]\" value=\"Celkov\u00e1 platba p\u0159edem (9 490 K\u010d) \u2013 sleva 5 % na celkovou cenu (b\u011b\u017en\u00e1 cena 9 990 K\u010d).\" required><label class=\"wpforms-field-label-inline\" for=\"wpforms-13440-field_18_1\">Celkov\u00e1 platba p\u0159edem (9 490 K\u010d) \u2013 sleva 5 % na celkovou cenu (b\u011b\u017en\u00e1 cena 9 990 K\u010d).<\/label><\/li><li class=\"choice-2 depth-1\"><input type=\"checkbox\" id=\"wpforms-13440-field_18_2\" name=\"wpforms[fields][18][]\" value=\"Z\u00e1loha (3 000 K\u010d) + doplatek (6 990 K\u010d) p\u0159ed za\u010d\u00e1tkem programu (do 28. 2. 2025).\" required><label class=\"wpforms-field-label-inline\" for=\"wpforms-13440-field_18_2\">Z\u00e1loha (3 000 K\u010d) + doplatek (6 990 K\u010d) p\u0159ed za\u010d\u00e1tkem programu (do 28. 2. 2025).<\/label><\/li><li class=\"choice-3 depth-1\"><input type=\"checkbox\" id=\"wpforms-13440-field_18_3\" name=\"wpforms[fields][18][]\" value=\"M\u011bs\u00ed\u010dn\u00ed spl\u00e1tky \u2013 2 spl\u00e1tky po 4 995 K\u010d. Prvn\u00ed spl\u00e1tka p\u0159i registraci (do 23. 2. 2025). Druh\u00e1 spl\u00e1tka do 15. 3. 2025.\" required><label class=\"wpforms-field-label-inline\" for=\"wpforms-13440-field_18_3\">M\u011bs\u00ed\u010dn\u00ed spl\u00e1tky \u2013 2 spl\u00e1tky po 4 995 K\u010d. Prvn\u00ed spl\u00e1tka p\u0159i registraci (do 23. 2. 2025). Druh\u00e1 spl\u00e1tka do 15. 3. 2025.<\/label><\/li><\/ul><\/div><div id=\"wpforms-13440-field_19-container\" class=\"wpforms-field wpforms-field-checkbox\" data-field-id=\"19\"><label class=\"wpforms-field-label\">Jak jste se o programu dozv\u011bd\u011bli? <span class=\"wpforms-required-label\">*<\/span><\/label><ul id=\"wpforms-13440-field_19\" class=\"wpforms-field-required\"><li class=\"choice-1 depth-1\"><input type=\"checkbox\" id=\"wpforms-13440-field_19_1\" name=\"wpforms[fields][19][]\" value=\"Soci\u00e1ln\u00ed m\u00e9dia (Instagram\/Facebook)\" required><label class=\"wpforms-field-label-inline\" for=\"wpforms-13440-field_19_1\">Soci\u00e1ln\u00ed m\u00e9dia (Instagram\/Facebook)<\/label><\/li><li class=\"choice-2 depth-1\"><input type=\"checkbox\" id=\"wpforms-13440-field_19_2\" name=\"wpforms[fields][19][]\" value=\"Doporu\u010den\u00ed od p\u0159\u00e1tel\" required><label class=\"wpforms-field-label-inline\" for=\"wpforms-13440-field_19_2\">Doporu\u010den\u00ed od p\u0159\u00e1tel<\/label><\/li><li class=\"choice-3 depth-1\"><input type=\"checkbox\" id=\"wpforms-13440-field_19_3\" name=\"wpforms[fields][19][]\" value=\"Jin\u00e9\" required><label class=\"wpforms-field-label-inline\" for=\"wpforms-13440-field_19_3\">Jin\u00e9<\/label><\/li><\/ul><\/div><div id=\"wpforms-13440-field_22-container\" class=\"wpforms-field wpforms-field-checkbox\" data-field-id=\"22\"><label class=\"wpforms-field-label\">Souhlas\u00edm s pou\u017eit\u00edm sv\u00fdch fotografi\u00ed a osobn\u00edch pokrok\u016f v r\u00e1mci programu pro marketingov\u00e9 \u00fa\u010dely. <span class=\"wpforms-required-label\">*<\/span><\/label><ul id=\"wpforms-13440-field_22\" class=\"wpforms-field-required\"><li class=\"choice-1 depth-1\"><input type=\"checkbox\" id=\"wpforms-13440-field_22_1\" name=\"wpforms[fields][22][]\" value=\"Ano\" required><label class=\"wpforms-field-label-inline\" for=\"wpforms-13440-field_22_1\">Ano<\/label><\/li><li class=\"choice-2 depth-1\"><input type=\"checkbox\" id=\"wpforms-13440-field_22_2\" name=\"wpforms[fields][22][]\" value=\"Ne\" required><label class=\"wpforms-field-label-inline\" for=\"wpforms-13440-field_22_2\">Ne<\/label><\/li><\/ul><\/div><div id=\"wpforms-13440-field_23-container\" class=\"wpforms-field wpforms-field-text\" data-field-id=\"23\"><label class=\"wpforms-field-label\" for=\"wpforms-13440-field_23\">Speci\u00e1ln\u00ed po\u017eadavky: M\u00e1te n\u011bjak\u00e9 speci\u00e1ln\u00ed po\u017eadavky (nap\u0159. alergie, preferovan\u00e1 strava)? <span class=\"wpforms-required-label\">*<\/span><\/label><input type=\"text\" id=\"wpforms-13440-field_23\" class=\"wpforms-field-medium wpforms-field-required\" name=\"wpforms[fields][23]\" required><\/div><div id=\"wpforms-13440-field_20-container\" class=\"wpforms-field wpforms-field-checkbox\" data-field-id=\"20\"><label class=\"wpforms-field-label\">Souhlas s podm\u00ednkami \u00fa\u010dasti: <span class=\"wpforms-required-label\">*<\/span><\/label><ul id=\"wpforms-13440-field_20\" class=\"wpforms-field-required\"><li class=\"choice-1 depth-1\"><input type=\"checkbox\" id=\"wpforms-13440-field_20_1\" name=\"wpforms[fields][20][]\" value=\"Souhlas\u00edm s podm\u00ednkami \u00fa\u010dasti na programu FIT DO PLAVEK 2025 a souhlas\u00edm s t\u00edm, \u017ee jsem se sezn\u00e1mil\/a s podm\u00ednkami vr\u00e1cen\u00ed pen\u011bz a zru\u0161en\u00ed \u00fa\u010dasti.\" required><label class=\"wpforms-field-label-inline\" for=\"wpforms-13440-field_20_1\">Souhlas\u00edm s podm\u00ednkami \u00fa\u010dasti na programu FIT DO PLAVEK 2025 a souhlas\u00edm s t\u00edm, \u017ee jsem se sezn\u00e1mil\/a s podm\u00ednkami vr\u00e1cen\u00ed pen\u011bz a zru\u0161en\u00ed \u00fa\u010dasti.<\/label><\/li><\/ul><\/div><\/div><!-- .wpforms-field-container --><div class=\"wpforms-submit-container\" ><input type=\"hidden\" name=\"wpforms[id]\" value=\"13440\"><input type=\"hidden\" name=\"page_title\" value=\"\"><input type=\"hidden\" name=\"page_url\" value=\"https:\/\/www.kondicnipriprava.cz\/en\/wp-json\/wp\/v2\/pages\/13448\"><button type=\"submit\" name=\"wpforms[submit]\" id=\"wpforms-submit-13440\" class=\"wpforms-submit\" data-alt-text=\"Odes\u00edl\u00e1ni...\" data-submit-text=\"Odeslat\" aria-live=\"assertive\" value=\"wpforms-submit\">Odeslat<\/button><img loading=\"lazy\" decoding=\"async\" src=\"https:\/\/www.kondicnipriprava.cz\/wp-content\/plugins\/wpforms-lite\/assets\/images\/submit-spin.svg\" class=\"wpforms-submit-spinner\" style=\"display: none;\" width=\"26\" height=\"26\" alt=\"Loading\"><\/div><input type=\"hidden\" name=\"trp-form-language\" value=\"en\"\/><\/form><\/div>  <!-- .wpforms-container -->\n<p><em><span style=\"color: #ff0000;\"><strong><a style=\"color: #ff0000;\" href=\"https:\/\/www.kondicnipriprava.cz\/en\/obchodni-podminky\/\">Obchodn\u00ed podm\u00ednky zde:<\/a><\/strong><\/span><\/em><\/p>","protected":false},"excerpt":{"rendered":"<p>Obchodn\u00ed podm\u00ednky zde:<\/p>","protected":false},"author":1,"featured_media":0,"parent":0,"menu_order":0,"comment_status":"closed","ping_status":"closed","template":"","meta":{"footnotes":""},"class_list":["post-13448","page","type-page","status-publish"],"yoast_head":"<!-- This site is optimized with the Yoast SEO plugin v24.2 - https:\/\/yoast.com\/wordpress\/plugins\/seo\/ -->\n<title>FIT DO PLAVEK 2025 - P\u0158IHL\u00c1\u0160KA - kondicnipriprava.cz<\/title>\n<meta name=\"robots\" content=\"index, follow, max-snippet:-1, max-image-preview:large, max-video-preview:-1\" \/>\n<link rel=\"canonical\" href=\"https:\/\/www.kondicnipriprava.cz\/en\/fit-do-plavek-2025-prihlaska\/\" \/>\n<meta property=\"og:locale\" content=\"en_US\" \/>\n<meta property=\"og:type\" content=\"article\" \/>\n<meta property=\"og:title\" content=\"FIT DO PLAVEK 2025 - P\u0158IHL\u00c1\u0160KA - kondicnipriprava.cz\" \/>\n<meta property=\"og:description\" content=\"Obchodn\u00ed podm\u00ednky zde:\" \/>\n<meta property=\"og:url\" content=\"https:\/\/www.kondicnipriprava.cz\/en\/fit-do-plavek-2025-prihlaska\/\" \/>\n<meta property=\"og:site_name\" content=\"kondicnipriprava.cz\" \/>\n<meta property=\"article:modified_time\" content=\"2025-01-15T12:56:49+00:00\" \/>\n<meta name=\"twitter:card\" content=\"summary_large_image\" \/>\n<meta name=\"twitter:label1\" content=\"Est. reading time\" \/>\n\t<meta name=\"twitter:data1\" content=\"1 minute\" \/>\n<script type=\"application\/ld+json\" class=\"yoast-schema-graph\">{\"@context\":\"https:\/\/schema.org\",\"@graph\":[{\"@type\":\"WebPage\",\"@id\":\"https:\/\/www.kondicnipriprava.cz\/fit-do-plavek-2025-prihlaska\/\",\"url\":\"https:\/\/www.kondicnipriprava.cz\/fit-do-plavek-2025-prihlaska\/\",\"name\":\"FIT DO PLAVEK 2025 - P\u0158IHL\u00c1\u0160KA - kondicnipriprava.cz\",\"isPartOf\":{\"@id\":\"https:\/\/www.kondicnipriprava.cz\/#website\"},\"datePublished\":\"2025-01-15T12:28:48+00:00\",\"dateModified\":\"2025-01-15T12:56:49+00:00\",\"breadcrumb\":{\"@id\":\"https:\/\/www.kondicnipriprava.cz\/fit-do-plavek-2025-prihlaska\/#breadcrumb\"},\"inLanguage\":\"en-US\",\"potentialAction\":[{\"@type\":\"ReadAction\",\"target\":[\"https:\/\/www.kondicnipriprava.cz\/fit-do-plavek-2025-prihlaska\/\"]}]},{\"@type\":\"BreadcrumbList\",\"@id\":\"https:\/\/www.kondicnipriprava.cz\/fit-do-plavek-2025-prihlaska\/#breadcrumb\",\"itemListElement\":[{\"@type\":\"ListItem\",\"position\":1,\"name\":\"Dom\u016f\",\"item\":\"https:\/\/www.kondicnipriprava.cz\/\"},{\"@type\":\"ListItem\",\"position\":2,\"name\":\"FIT DO PLAVEK 2025 &#8211; P\u0158IHL\u00c1\u0160KA\"}]},{\"@type\":\"WebSite\",\"@id\":\"https:\/\/www.kondicnipriprava.cz\/#website\",\"url\":\"https:\/\/www.kondicnipriprava.cz\/\",\"name\":\"kondicnipriprava.cz\",\"description\":\"Kondi\u010dn\u00ed p\u0159\u00edprava pro vrcholov\u00e9 sportovce\",\"publisher\":{\"@id\":\"https:\/\/www.kondicnipriprava.cz\/#organization\"},\"potentialAction\":[{\"@type\":\"SearchAction\",\"target\":{\"@type\":\"EntryPoint\",\"urlTemplate\":\"https:\/\/www.kondicnipriprava.cz\/?s={search_term_string}\"},\"query-input\":{\"@type\":\"PropertyValueSpecification\",\"valueRequired\":true,\"valueName\":\"search_term_string\"}}],\"inLanguage\":\"en-US\"},{\"@type\":\"Organization\",\"@id\":\"https:\/\/www.kondicnipriprava.cz\/#organization\",\"name\":\"kondicnipriprava.cz\",\"url\":\"https:\/\/www.kondicnipriprava.cz\/\",\"logo\":{\"@type\":\"ImageObject\",\"inLanguage\":\"en-US\",\"@id\":\"https:\/\/www.kondicnipriprava.cz\/#\/schema\/logo\/image\/\",\"url\":\"https:\/\/www.kondicnipriprava.cz\/wp-content\/uploads\/2020\/03\/cropped-ft-logo-web-elementor.jpg\",\"contentUrl\":\"https:\/\/www.kondicnipriprava.cz\/wp-content\/uploads\/2020\/03\/cropped-ft-logo-web-elementor.jpg\",\"width\":305,\"height\":100,\"caption\":\"kondicnipriprava.cz\"},\"image\":{\"@id\":\"https:\/\/www.kondicnipriprava.cz\/#\/schema\/logo\/image\/\"}}]}<\/script>\n<!-- \/ Yoast SEO plugin. -->","yoast_head_json":{"title":"FIT DO PLAVEK 2025 - P\u0158IHL\u00c1\u0160KA - kondicnipriprava.cz","robots":{"index":"index","follow":"follow","max-snippet":"max-snippet:-1","max-image-preview":"max-image-preview:large","max-video-preview":"max-video-preview:-1"},"canonical":"https:\/\/www.kondicnipriprava.cz\/en\/fit-do-plavek-2025-prihlaska\/","og_locale":"en_US","og_type":"article","og_title":"FIT DO PLAVEK 2025 - P\u0158IHL\u00c1\u0160KA - kondicnipriprava.cz","og_description":"Obchodn\u00ed podm\u00ednky zde:","og_url":"https:\/\/www.kondicnipriprava.cz\/en\/fit-do-plavek-2025-prihlaska\/","og_site_name":"kondicnipriprava.cz","article_modified_time":"2025-01-15T12:56:49+00:00","twitter_card":"summary_large_image","twitter_misc":{"Est. reading time":"1 minute"},"schema":{"@context":"https:\/\/schema.org","@graph":[{"@type":"WebPage","@id":"https:\/\/www.kondicnipriprava.cz\/fit-do-plavek-2025-prihlaska\/","url":"https:\/\/www.kondicnipriprava.cz\/fit-do-plavek-2025-prihlaska\/","name":"FIT DO PLAVEK 2025 - P\u0158IHL\u00c1\u0160KA - kondicnipriprava.cz","isPartOf":{"@id":"https:\/\/www.kondicnipriprava.cz\/#website"},"datePublished":"2025-01-15T12:28:48+00:00","dateModified":"2025-01-15T12:56:49+00:00","breadcrumb":{"@id":"https:\/\/www.kondicnipriprava.cz\/fit-do-plavek-2025-prihlaska\/#breadcrumb"},"inLanguage":"en-US","potentialAction":[{"@type":"ReadAction","target":["https:\/\/www.kondicnipriprava.cz\/fit-do-plavek-2025-prihlaska\/"]}]},{"@type":"BreadcrumbList","@id":"https:\/\/www.kondicnipriprava.cz\/fit-do-plavek-2025-prihlaska\/#breadcrumb","itemListElement":[{"@type":"ListItem","position":1,"name":"Dom\u016f","item":"https:\/\/www.kondicnipriprava.cz\/"},{"@type":"ListItem","position":2,"name":"FIT DO PLAVEK 2025 &#8211; P\u0158IHL\u00c1\u0160KA"}]},{"@type":"WebSite","@id":"https:\/\/www.kondicnipriprava.cz\/#website","url":"https:\/\/www.kondicnipriprava.cz\/","name":"kondicnipriprava.cz","description":"Kondi\u010dn\u00ed p\u0159\u00edprava pro vrcholov\u00e9 sportovce","publisher":{"@id":"https:\/\/www.kondicnipriprava.cz\/#organization"},"potentialAction":[{"@type":"SearchAction","target":{"@type":"EntryPoint","urlTemplate":"https:\/\/www.kondicnipriprava.cz\/?s={search_term_string}"},"query-input":{"@type":"PropertyValueSpecification","valueRequired":true,"valueName":"search_term_string"}}],"inLanguage":"en-US"},{"@type":"Organization","@id":"https:\/\/www.kondicnipriprava.cz\/#organization","name":"kondicnipriprava.cz","url":"https:\/\/www.kondicnipriprava.cz\/","logo":{"@type":"ImageObject","inLanguage":"en-US","@id":"https:\/\/www.kondicnipriprava.cz\/#\/schema\/logo\/image\/","url":"https:\/\/www.kondicnipriprava.cz\/wp-content\/uploads\/2020\/03\/cropped-ft-logo-web-elementor.jpg","contentUrl":"https:\/\/www.kondicnipriprava.cz\/wp-content\/uploads\/2020\/03\/cropped-ft-logo-web-elementor.jpg","width":305,"height":100,"caption":"kondicnipriprava.cz"},"image":{"@id":"https:\/\/www.kondicnipriprava.cz\/#\/schema\/logo\/image\/"}}]}},"_links":{"self":[{"href":"https:\/\/www.kondicnipriprava.cz\/en\/wp-json\/wp\/v2\/pages\/13448","targetHints":{"allow":["GET"]}}],"collection":[{"href":"https:\/\/www.kondicnipriprava.cz\/en\/wp-json\/wp\/v2\/pages"}],"about":[{"href":"https:\/\/www.kondicnipriprava.cz\/en\/wp-json\/wp\/v2\/types\/page"}],"author":[{"embeddable":true,"href":"https:\/\/www.kondicnipriprava.cz\/en\/wp-json\/wp\/v2\/users\/1"}],"replies":[{"embeddable":true,"href":"https:\/\/www.kondicnipriprava.cz\/en\/wp-json\/wp\/v2\/comments?post=13448"}],"version-history":[{"count":0,"href":"https:\/\/www.kondicnipriprava.cz\/en\/wp-json\/wp\/v2\/pages\/13448\/revisions"}],"wp:attachment":[{"href":"https:\/\/www.kondicnipriprava.cz\/en\/wp-json\/wp\/v2\/media?parent=13448"}],"curies":[{"name":"wp","href":"https:\/\/api.w.org\/{rel}","templated":true}]}}