{"id":13324,"date":"2022-05-27T10:40:06","date_gmt":"2022-05-27T10:40:06","guid":{"rendered":"https:\/\/www.kondicnipriprava.cz\/?page_id=13324"},"modified":"2022-05-27T10:41:56","modified_gmt":"2022-05-27T10:41:56","slug":"martina-elhenicka","status":"publish","type":"page","link":"https:\/\/www.kondicnipriprava.cz\/en\/martina-elhenicka\/","title":{"rendered":"Martina Elhenick\u00e1"},"content":{"rendered":"<div data-elementor-type=\"wp-page\" data-elementor-id=\"13324\" class=\"elementor elementor-13324\">\n\t\t\t\t\t\t<div class=\"elementor-inner\">\n\t\t\t\t<div class=\"elementor-section-wrap\">\n\t\t\t\t\t\t\t\t\t<section class=\"elementor-section elementor-top-section elementor-element elementor-element-036f85c elementor-section-boxed elementor-section-height-default elementor-section-height-default\" data-id=\"036f85c\" data-element_type=\"section\">\n\t\t\t\t\t\t<div class=\"elementor-container elementor-column-gap-default\">\n\t\t\t\t\t\t\t<div class=\"elementor-row\">\n\t\t\t\t\t<div class=\"elementor-column elementor-col-100 elementor-top-column elementor-element elementor-element-d3bf335\" data-id=\"d3bf335\" data-element_type=\"column\">\n\t\t\t<div class=\"elementor-column-wrap elementor-element-populated\">\n\t\t\t\t\t\t\t<div class=\"elementor-widget-wrap\">\n\t\t\t\t\t\t<div class=\"elementor-element elementor-element-05f2d5f elementor-widget elementor-widget-text-editor\" data-id=\"05f2d5f\" data-element_type=\"widget\" data-widget_type=\"text-editor.default\">\n\t\t\t\t<div class=\"elementor-widget-container\">\n\t\t\t\t\t\t\t\t<div class=\"elementor-text-editor elementor-clearfix\">\n\t\t\t\t<div class=\"page-header clearfix\"><h1 class=\"page-title\"><span style=\"color: #000000;\">Martina Elhenick\u00e1\u00a0<\/span><\/h1><\/div><div class=\"item-page clearfix\"><article><section class=\"article-content clearfix\"><p><span style=\"color: #000000;\"><img decoding=\"async\" class=\"alignright\" title=\"Martina Elhenick\u00e1\" src=\"https:\/\/www.lokotrutnov.cz\/images\/stories\/oddily\/plavani\/nejlepsi-sportovci\/plavani-martina-elhenicka.jpg\" alt=\"Martina Elhenick\u00e1\" \/><\/span><\/p><ul><li><span style=\"color: #000000;\">\u00fa\u010dastnice MS 2015 v Kazani<\/span><\/li><li><span style=\"color: #000000;\">finalistka Sv\u011btov\u00e9 univerzi\u00e1dy 2015 v Gwangju &#8211; 2 x 8. m\u00edsto<\/span><\/li><li><span style=\"color: #000000;\">\u00fa\u010dastnice YOG (1.Sv\u011bt.olympi\u00e1da ml\u00e1de\u017ee) 2010 Singapore 9.,11.,15. m\u00edsto<\/span><\/li><li><span style=\"color: #000000;\">\u00fa\u010dastnice Mistrovstv\u00ed Evropy junior\u016f 2009 v Praze &#8211; 20. m\u00edsto<\/span><\/li><li><span style=\"color: #000000;\">mistryn\u011b \u010cR dosp\u011bl\u00fdch ve \u0161tafet\u011b<\/span><\/li><li><span style=\"color: #000000;\">mnohon\u00e1sobn\u00e1 mistryn\u011b \u010cR dorostu a \u017eactva<\/span><\/li><li><span style=\"color: #000000;\">medailistka M-\u010cR dosp\u011bl\u00fdch<\/span><\/li><li><span style=\"color: #000000;\">mistryn\u011b \u010cR dorostu v d\u00e1lkov\u00e9m plav\u00e1n\u00ed<\/span><\/li><li><span style=\"color: #000000;\">reprezentantka \u010cR dosp\u011bl\u00fdch<\/span><\/li><li><span style=\"color: #000000;\">\u010dlenka resortn\u00edho centra Ministerstva vnitra \u010cR<\/span><\/li><li><span style=\"color: #000000;\">\u00fa\u010dastnice multiutk\u00e1n\u00ed junior\u016f \u010cR-POL-SVK-HUN-SLO-ROM<\/span><\/li><li><span style=\"color: #000000;\">v\u00edt\u011bzka OLYMPI\u00c1DY D\u011aT\u00cd \u010cR<\/span><\/li><li><span style=\"color: #000000;\">dr\u017eitelka krajsk\u00fdch rekord\u016f a 1.VT<\/span><\/li><li><span style=\"color: #000000;\">dr\u017eitelka \u010desk\u00e9ho rekordu dorostu na 10km<\/span><\/li><li><span style=\"color: #000000;\">\u010dlenka t\u00fdmu Mistry\u0148 \u010cR 2009<\/span><\/li><li><span style=\"color: #000000;\">nejlep\u0161\u00ed sportovec Trutnova 2010<br \/><br \/>Zdroj:<\/span> <span style=\"color: #ff0000;\"><a style=\"color: #ff0000;\" href=\"https:\/\/www.lokotrutnov.cz\/plavani-historie\/270-nejlepsi-sportovci-tj-lokomotivy-trutnov\/plavani-nejlepsi-soucasni-sportovci\/2412-martina-elhenicka\">lokotrutnov<\/a><\/span><\/li><\/ul><\/section><\/article><\/div>\t\t\t\t\t<\/div>\n\t\t\t\t\t\t<\/div>\n\t\t\t\t<\/div>\n\t\t\t\t\t\t<\/div>\n\t\t\t\t\t<\/div>\n\t\t<\/div>\n\t\t\t\t\t\t\t\t<\/div>\n\t\t\t\t\t<\/div>\n\t\t<\/section>\n\t\t\t\t\t\t\t\t\t<\/div>\n\t\t\t<\/div>\n\t\t\t\t\t<\/div>","protected":false},"excerpt":{"rendered":"<p>Martina Elhenick\u00e1\u00a0 \u00fa\u010dastnice MS 2015 v Kazani finalistka Sv\u011btov\u00e9 univerzi\u00e1dy 2015 v Gwangju &#8211; 2 x 8. m\u00edsto \u00fa\u010dastnice YOG&hellip;<\/p>\n<p> <a class=\"more-link\" href=\"https:\/\/www.kondicnipriprava.cz\/en\/martina-elhenicka\/\">Read more<\/a><\/p>","protected":false},"author":1,"featured_media":0,"parent":0,"menu_order":0,"comment_status":"closed","ping_status":"closed","template":"","meta":{"footnotes":""},"class_list":["post-13324","page","type-page","status-publish"],"yoast_head":"<!-- This site is optimized with the Yoast SEO plugin v24.2 - https:\/\/yoast.com\/wordpress\/plugins\/seo\/ -->\n<title>Martina Elhenick\u00e1 - kondicnipriprava.cz<\/title>\n<meta name=\"robots\" content=\"index, follow, max-snippet:-1, max-image-preview:large, max-video-preview:-1\" \/>\n<link rel=\"canonical\" href=\"https:\/\/www.kondicnipriprava.cz\/en\/martina-elhenicka\/\" \/>\n<meta property=\"og:locale\" content=\"en_US\" \/>\n<meta property=\"og:type\" content=\"article\" \/>\n<meta property=\"og:title\" content=\"Martina Elhenick\u00e1 - kondicnipriprava.cz\" \/>\n<meta property=\"og:description\" content=\"Martina Elhenick\u00e1\u00a0 \u00fa\u010dastnice MS 2015 v Kazani finalistka Sv\u011btov\u00e9 univerzi\u00e1dy 2015 v Gwangju &#8211; 2 x 8. m\u00edsto \u00fa\u010dastnice YOG&hellip;  Read more\" \/>\n<meta property=\"og:url\" content=\"https:\/\/www.kondicnipriprava.cz\/en\/martina-elhenicka\/\" \/>\n<meta property=\"og:site_name\" content=\"kondicnipriprava.cz\" \/>\n<meta property=\"article:modified_time\" content=\"2022-05-27T10:41:56+00:00\" \/>\n<meta property=\"og:image\" content=\"https:\/\/www.lokotrutnov.cz\/images\/stories\/oddily\/plavani\/nejlepsi-sportovci\/plavani-martina-elhenicka.jpg\" \/>\n<meta name=\"twitter:card\" content=\"summary_large_image\" \/>\n<meta name=\"twitter:label1\" content=\"Est. reading time\" \/>\n\t<meta name=\"twitter:data1\" content=\"1 minute\" \/>\n<script type=\"application\/ld+json\" class=\"yoast-schema-graph\">{\"@context\":\"https:\/\/schema.org\",\"@graph\":[{\"@type\":\"WebPage\",\"@id\":\"https:\/\/www.kondicnipriprava.cz\/martina-elhenicka\/\",\"url\":\"https:\/\/www.kondicnipriprava.cz\/martina-elhenicka\/\",\"name\":\"Martina Elhenick\u00e1 - kondicnipriprava.cz\",\"isPartOf\":{\"@id\":\"https:\/\/www.kondicnipriprava.cz\/#website\"},\"primaryImageOfPage\":{\"@id\":\"https:\/\/www.kondicnipriprava.cz\/martina-elhenicka\/#primaryimage\"},\"image\":{\"@id\":\"https:\/\/www.kondicnipriprava.cz\/martina-elhenicka\/#primaryimage\"},\"thumbnailUrl\":\"https:\/\/www.lokotrutnov.cz\/images\/stories\/oddily\/plavani\/nejlepsi-sportovci\/plavani-martina-elhenicka.jpg\",\"datePublished\":\"2022-05-27T10:40:06+00:00\",\"dateModified\":\"2022-05-27T10:41:56+00:00\",\"breadcrumb\":{\"@id\":\"https:\/\/www.kondicnipriprava.cz\/martina-elhenicka\/#breadcrumb\"},\"inLanguage\":\"en-US\",\"potentialAction\":[{\"@type\":\"ReadAction\",\"target\":[\"https:\/\/www.kondicnipriprava.cz\/martina-elhenicka\/\"]}]},{\"@type\":\"ImageObject\",\"inLanguage\":\"en-US\",\"@id\":\"https:\/\/www.kondicnipriprava.cz\/martina-elhenicka\/#primaryimage\",\"url\":\"https:\/\/www.lokotrutnov.cz\/images\/stories\/oddily\/plavani\/nejlepsi-sportovci\/plavani-martina-elhenicka.jpg\",\"contentUrl\":\"https:\/\/www.lokotrutnov.cz\/images\/stories\/oddily\/plavani\/nejlepsi-sportovci\/plavani-martina-elhenicka.jpg\"},{\"@type\":\"BreadcrumbList\",\"@id\":\"https:\/\/www.kondicnipriprava.cz\/martina-elhenicka\/#breadcrumb\",\"itemListElement\":[{\"@type\":\"ListItem\",\"position\":1,\"name\":\"Dom\u016f\",\"item\":\"https:\/\/www.kondicnipriprava.cz\/\"},{\"@type\":\"ListItem\",\"position\":2,\"name\":\"Martina Elhenick\u00e1\"}]},{\"@type\":\"WebSite\",\"@id\":\"https:\/\/www.kondicnipriprava.cz\/#website\",\"url\":\"https:\/\/www.kondicnipriprava.cz\/\",\"name\":\"kondicnipriprava.cz\",\"description\":\"Kondi\u010dn\u00ed p\u0159\u00edprava pro vrcholov\u00e9 sportovce\",\"publisher\":{\"@id\":\"https:\/\/www.kondicnipriprava.cz\/#organization\"},\"potentialAction\":[{\"@type\":\"SearchAction\",\"target\":{\"@type\":\"EntryPoint\",\"urlTemplate\":\"https:\/\/www.kondicnipriprava.cz\/?s={search_term_string}\"},\"query-input\":{\"@type\":\"PropertyValueSpecification\",\"valueRequired\":true,\"valueName\":\"search_term_string\"}}],\"inLanguage\":\"en-US\"},{\"@type\":\"Organization\",\"@id\":\"https:\/\/www.kondicnipriprava.cz\/#organization\",\"name\":\"kondicnipriprava.cz\",\"url\":\"https:\/\/www.kondicnipriprava.cz\/\",\"logo\":{\"@type\":\"ImageObject\",\"inLanguage\":\"en-US\",\"@id\":\"https:\/\/www.kondicnipriprava.cz\/#\/schema\/logo\/image\/\",\"url\":\"https:\/\/www.kondicnipriprava.cz\/wp-content\/uploads\/2020\/03\/cropped-ft-logo-web-elementor.jpg\",\"contentUrl\":\"https:\/\/www.kondicnipriprava.cz\/wp-content\/uploads\/2020\/03\/cropped-ft-logo-web-elementor.jpg\",\"width\":305,\"height\":100,\"caption\":\"kondicnipriprava.cz\"},\"image\":{\"@id\":\"https:\/\/www.kondicnipriprava.cz\/#\/schema\/logo\/image\/\"}}]}<\/script>\n<!-- \/ Yoast SEO plugin. -->","yoast_head_json":{"title":"Martina Elhenick\u00e1 - kondicnipriprava.cz","robots":{"index":"index","follow":"follow","max-snippet":"max-snippet:-1","max-image-preview":"max-image-preview:large","max-video-preview":"max-video-preview:-1"},"canonical":"https:\/\/www.kondicnipriprava.cz\/en\/martina-elhenicka\/","og_locale":"en_US","og_type":"article","og_title":"Martina Elhenick\u00e1 - kondicnipriprava.cz","og_description":"Martina Elhenick\u00e1\u00a0 \u00fa\u010dastnice MS 2015 v Kazani finalistka Sv\u011btov\u00e9 univerzi\u00e1dy 2015 v Gwangju &#8211; 2 x 8. m\u00edsto \u00fa\u010dastnice YOG&hellip;  Read more","og_url":"https:\/\/www.kondicnipriprava.cz\/en\/martina-elhenicka\/","og_site_name":"kondicnipriprava.cz","article_modified_time":"2022-05-27T10:41:56+00:00","og_image":[{"url":"https:\/\/www.lokotrutnov.cz\/images\/stories\/oddily\/plavani\/nejlepsi-sportovci\/plavani-martina-elhenicka.jpg","type":"","width":"","height":""}],"twitter_card":"summary_large_image","twitter_misc":{"Est. reading time":"1 minute"},"schema":{"@context":"https:\/\/schema.org","@graph":[{"@type":"WebPage","@id":"https:\/\/www.kondicnipriprava.cz\/martina-elhenicka\/","url":"https:\/\/www.kondicnipriprava.cz\/martina-elhenicka\/","name":"Martina Elhenick\u00e1 - kondicnipriprava.cz","isPartOf":{"@id":"https:\/\/www.kondicnipriprava.cz\/#website"},"primaryImageOfPage":{"@id":"https:\/\/www.kondicnipriprava.cz\/martina-elhenicka\/#primaryimage"},"image":{"@id":"https:\/\/www.kondicnipriprava.cz\/martina-elhenicka\/#primaryimage"},"thumbnailUrl":"https:\/\/www.lokotrutnov.cz\/images\/stories\/oddily\/plavani\/nejlepsi-sportovci\/plavani-martina-elhenicka.jpg","datePublished":"2022-05-27T10:40:06+00:00","dateModified":"2022-05-27T10:41:56+00:00","breadcrumb":{"@id":"https:\/\/www.kondicnipriprava.cz\/martina-elhenicka\/#breadcrumb"},"inLanguage":"en-US","potentialAction":[{"@type":"ReadAction","target":["https:\/\/www.kondicnipriprava.cz\/martina-elhenicka\/"]}]},{"@type":"ImageObject","inLanguage":"en-US","@id":"https:\/\/www.kondicnipriprava.cz\/martina-elhenicka\/#primaryimage","url":"https:\/\/www.lokotrutnov.cz\/images\/stories\/oddily\/plavani\/nejlepsi-sportovci\/plavani-martina-elhenicka.jpg","contentUrl":"https:\/\/www.lokotrutnov.cz\/images\/stories\/oddily\/plavani\/nejlepsi-sportovci\/plavani-martina-elhenicka.jpg"},{"@type":"BreadcrumbList","@id":"https:\/\/www.kondicnipriprava.cz\/martina-elhenicka\/#breadcrumb","itemListElement":[{"@type":"ListItem","position":1,"name":"Dom\u016f","item":"https:\/\/www.kondicnipriprava.cz\/"},{"@type":"ListItem","position":2,"name":"Martina Elhenick\u00e1"}]},{"@type":"WebSite","@id":"https:\/\/www.kondicnipriprava.cz\/#website","url":"https:\/\/www.kondicnipriprava.cz\/","name":"kondicnipriprava.cz","description":"Kondi\u010dn\u00ed p\u0159\u00edprava pro vrcholov\u00e9 sportovce","publisher":{"@id":"https:\/\/www.kondicnipriprava.cz\/#organization"},"potentialAction":[{"@type":"SearchAction","target":{"@type":"EntryPoint","urlTemplate":"https:\/\/www.kondicnipriprava.cz\/?s={search_term_string}"},"query-input":{"@type":"PropertyValueSpecification","valueRequired":true,"valueName":"search_term_string"}}],"inLanguage":"en-US"},{"@type":"Organization","@id":"https:\/\/www.kondicnipriprava.cz\/#organization","name":"kondicnipriprava.cz","url":"https:\/\/www.kondicnipriprava.cz\/","logo":{"@type":"ImageObject","inLanguage":"en-US","@id":"https:\/\/www.kondicnipriprava.cz\/#\/schema\/logo\/image\/","url":"https:\/\/www.kondicnipriprava.cz\/wp-content\/uploads\/2020\/03\/cropped-ft-logo-web-elementor.jpg","contentUrl":"https:\/\/www.kondicnipriprava.cz\/wp-content\/uploads\/2020\/03\/cropped-ft-logo-web-elementor.jpg","width":305,"height":100,"caption":"kondicnipriprava.cz"},"image":{"@id":"https:\/\/www.kondicnipriprava.cz\/#\/schema\/logo\/image\/"}}]}},"_links":{"self":[{"href":"https:\/\/www.kondicnipriprava.cz\/en\/wp-json\/wp\/v2\/pages\/13324","targetHints":{"allow":["GET"]}}],"collection":[{"href":"https:\/\/www.kondicnipriprava.cz\/en\/wp-json\/wp\/v2\/pages"}],"about":[{"href":"https:\/\/www.kondicnipriprava.cz\/en\/wp-json\/wp\/v2\/types\/page"}],"author":[{"embeddable":true,"href":"https:\/\/www.kondicnipriprava.cz\/en\/wp-json\/wp\/v2\/users\/1"}],"replies":[{"embeddable":true,"href":"https:\/\/www.kondicnipriprava.cz\/en\/wp-json\/wp\/v2\/comments?post=13324"}],"version-history":[{"count":0,"href":"https:\/\/www.kondicnipriprava.cz\/en\/wp-json\/wp\/v2\/pages\/13324\/revisions"}],"wp:attachment":[{"href":"https:\/\/www.kondicnipriprava.cz\/en\/wp-json\/wp\/v2\/media?parent=13324"}],"curies":[{"name":"wp","href":"https:\/\/api.w.org\/{rel}","templated":true}]}}