{"id":13310,"date":"2022-05-27T10:31:45","date_gmt":"2022-05-27T10:31:45","guid":{"rendered":"https:\/\/www.kondicnipriprava.cz\/?page_id=13310"},"modified":"2022-05-27T10:35:45","modified_gmt":"2022-05-27T10:35:45","slug":"hc-pardubice","status":"publish","type":"page","link":"https:\/\/www.kondicnipriprava.cz\/en\/hc-pardubice\/","title":{"rendered":"HC Pardubice"},"content":{"rendered":"<div data-elementor-type=\"wp-page\" data-elementor-id=\"13310\" class=\"elementor elementor-13310\">\n\t\t\t\t\t\t<div class=\"elementor-inner\">\n\t\t\t\t<div class=\"elementor-section-wrap\">\n\t\t\t\t\t\t\t\t\t<section class=\"elementor-section elementor-top-section elementor-element elementor-element-1ab724b elementor-section-boxed elementor-section-height-default elementor-section-height-default\" data-id=\"1ab724b\" data-element_type=\"section\">\n\t\t\t\t\t\t<div class=\"elementor-container elementor-column-gap-default\">\n\t\t\t\t\t\t\t<div class=\"elementor-row\">\n\t\t\t\t\t<div class=\"elementor-column elementor-col-100 elementor-top-column elementor-element elementor-element-374ba9d\" data-id=\"374ba9d\" data-element_type=\"column\">\n\t\t\t<div class=\"elementor-column-wrap elementor-element-populated\">\n\t\t\t\t\t\t\t<div class=\"elementor-widget-wrap\">\n\t\t\t\t\t\t<div class=\"elementor-element elementor-element-1c8ce65 elementor-widget elementor-widget-image\" data-id=\"1c8ce65\" data-element_type=\"widget\" data-widget_type=\"image.default\">\n\t\t\t\t<div class=\"elementor-widget-container\">\n\t\t\t\t\t\t\t\t<div class=\"elementor-image\">\n\t\t\t\t\t\t\t\t\t\t\t\t<img loading=\"lazy\" decoding=\"async\" width=\"636\" height=\"636\" src=\"https:\/\/www.kondicnipriprava.cz\/wp-content\/uploads\/2019\/02\/HC-Dynamo-1vzrrsr0xk01dg9oklfkx3ykp01yo3hu8q4.jpg\" class=\"attachment-large size-large\" alt=\"\" srcset=\"https:\/\/www.kondicnipriprava.cz\/wp-content\/uploads\/2019\/02\/HC-Dynamo-1vzrrsr0xk01dg9oklfkx3ykp01yo3hu8q4.jpg 636w, https:\/\/www.kondicnipriprava.cz\/wp-content\/uploads\/2019\/02\/HC-Dynamo-1vzrrsr0xk01dg9oklfkx3ykp01yo3hu8q4-150x150.jpg 150w, https:\/\/www.kondicnipriprava.cz\/wp-content\/uploads\/2019\/02\/HC-Dynamo-1vzrrsr0xk01dg9oklfkx3ykp01yo3hu8q4-300x300.jpg 300w\" sizes=\"auto, (max-width: 636px) 100vw, 636px\" \/>\t\t\t\t\t\t\t\t\t\t\t\t\t\t<\/div>\n\t\t\t\t\t\t<\/div>\n\t\t\t\t<\/div>\n\t\t\t\t\t\t<\/div>\n\t\t\t\t\t<\/div>\n\t\t<\/div>\n\t\t\t\t\t\t\t\t<\/div>\n\t\t\t\t\t<\/div>\n\t\t<\/section>\n\t\t\t\t<section class=\"elementor-section elementor-top-section elementor-element elementor-element-5500e37 elementor-section-boxed elementor-section-height-default elementor-section-height-default\" data-id=\"5500e37\" data-element_type=\"section\">\n\t\t\t\t\t\t<div class=\"elementor-container elementor-column-gap-default\">\n\t\t\t\t\t\t\t<div class=\"elementor-row\">\n\t\t\t\t\t<div class=\"elementor-column elementor-col-100 elementor-top-column elementor-element elementor-element-d14301f\" data-id=\"d14301f\" data-element_type=\"column\">\n\t\t\t<div class=\"elementor-column-wrap elementor-element-populated\">\n\t\t\t\t\t\t\t<div class=\"elementor-widget-wrap\">\n\t\t\t\t\t\t<div class=\"elementor-element elementor-element-c05d262 elementor-aspect-ratio-169 elementor-widget elementor-widget-video\" data-id=\"c05d262\" data-element_type=\"widget\" data-settings=\"{&quot;youtube_url&quot;:&quot;https:\\\/\\\/www.youtube.com\\\/watch?v=aVeMw0onBYo&quot;,&quot;video_type&quot;:&quot;youtube&quot;,&quot;controls&quot;:&quot;yes&quot;,&quot;aspect_ratio&quot;:&quot;169&quot;}\" data-widget_type=\"video.default\">\n\t\t\t\t<div class=\"elementor-widget-container\">\n\t\t\t\t\t<div class=\"elementor-wrapper elementor-fit-aspect-ratio elementor-open-inline\">\n\t\t\t<div class=\"elementor-video\"><\/div>\t\t<\/div>\n\t\t\t\t<\/div>\n\t\t\t\t<\/div>\n\t\t\t\t\t\t<\/div>\n\t\t\t\t\t<\/div>\n\t\t<\/div>\n\t\t\t\t\t\t\t\t<\/div>\n\t\t\t\t\t<\/div>\n\t\t<\/section>\n\t\t\t\t<section class=\"elementor-section elementor-top-section elementor-element elementor-element-e0310ce elementor-section-boxed elementor-section-height-default elementor-section-height-default\" data-id=\"e0310ce\" data-element_type=\"section\">\n\t\t\t\t\t\t<div class=\"elementor-container elementor-column-gap-default\">\n\t\t\t\t\t\t\t<div class=\"elementor-row\">\n\t\t\t\t\t<div class=\"elementor-column elementor-col-100 elementor-top-column elementor-element elementor-element-24baf0d\" data-id=\"24baf0d\" data-element_type=\"column\">\n\t\t\t<div class=\"elementor-column-wrap elementor-element-populated\">\n\t\t\t\t\t\t\t<div class=\"elementor-widget-wrap\">\n\t\t\t\t\t\t<div class=\"elementor-element elementor-element-f0a93ce elementor-widget elementor-widget-spacer\" data-id=\"f0a93ce\" data-element_type=\"widget\" data-widget_type=\"spacer.default\">\n\t\t\t\t<div class=\"elementor-widget-container\">\n\t\t\t\t\t<div class=\"elementor-spacer\">\n\t\t\t<div class=\"elementor-spacer-inner\"><\/div>\n\t\t<\/div>\n\t\t\t\t<\/div>\n\t\t\t\t<\/div>\n\t\t\t\t\t\t<\/div>\n\t\t\t\t\t<\/div>\n\t\t<\/div>\n\t\t\t\t\t\t\t\t<\/div>\n\t\t\t\t\t<\/div>\n\t\t<\/section>\n\t\t\t\t\t\t\t\t\t<\/div>\n\t\t\t<\/div>\n\t\t\t\t\t<\/div>","protected":false},"excerpt":{"rendered":"","protected":false},"author":1,"featured_media":0,"parent":0,"menu_order":0,"comment_status":"closed","ping_status":"closed","template":"","meta":{"footnotes":""},"class_list":["post-13310","page","type-page","status-publish"],"yoast_head":"<!-- This site is optimized with the Yoast SEO plugin v24.2 - https:\/\/yoast.com\/wordpress\/plugins\/seo\/ -->\n<title>HC Pardubice - kondicnipriprava.cz<\/title>\n<meta name=\"robots\" content=\"index, follow, max-snippet:-1, max-image-preview:large, max-video-preview:-1\" \/>\n<link rel=\"canonical\" href=\"https:\/\/www.kondicnipriprava.cz\/en\/hc-pardubice\/\" \/>\n<meta property=\"og:locale\" content=\"en_US\" \/>\n<meta property=\"og:type\" content=\"article\" \/>\n<meta property=\"og:title\" content=\"HC Pardubice - kondicnipriprava.cz\" \/>\n<meta property=\"og:url\" content=\"https:\/\/www.kondicnipriprava.cz\/en\/hc-pardubice\/\" \/>\n<meta property=\"og:site_name\" content=\"kondicnipriprava.cz\" \/>\n<meta property=\"article:modified_time\" content=\"2022-05-27T10:35:45+00:00\" \/>\n<meta property=\"og:image\" content=\"https:\/\/www.kondicnipriprava.cz\/wp-content\/uploads\/2019\/02\/HC-Dynamo-1vzrrsr0xk01dg9oklfkx3ykp01yo3hu8q4.jpg\" \/>\n<meta name=\"twitter:card\" content=\"summary_large_image\" \/>\n<meta name=\"twitter:label1\" content=\"Est. reading time\" \/>\n\t<meta name=\"twitter:data1\" content=\"1 minute\" \/>\n<script type=\"application\/ld+json\" class=\"yoast-schema-graph\">{\"@context\":\"https:\/\/schema.org\",\"@graph\":[{\"@type\":\"WebPage\",\"@id\":\"https:\/\/www.kondicnipriprava.cz\/hc-pardubice\/\",\"url\":\"https:\/\/www.kondicnipriprava.cz\/hc-pardubice\/\",\"name\":\"HC Pardubice - kondicnipriprava.cz\",\"isPartOf\":{\"@id\":\"https:\/\/www.kondicnipriprava.cz\/#website\"},\"primaryImageOfPage\":{\"@id\":\"https:\/\/www.kondicnipriprava.cz\/hc-pardubice\/#primaryimage\"},\"image\":{\"@id\":\"https:\/\/www.kondicnipriprava.cz\/hc-pardubice\/#primaryimage\"},\"thumbnailUrl\":\"https:\/\/www.kondicnipriprava.cz\/wp-content\/uploads\/2019\/02\/HC-Dynamo-1vzrrsr0xk01dg9oklfkx3ykp01yo3hu8q4.jpg\",\"datePublished\":\"2022-05-27T10:31:45+00:00\",\"dateModified\":\"2022-05-27T10:35:45+00:00\",\"breadcrumb\":{\"@id\":\"https:\/\/www.kondicnipriprava.cz\/hc-pardubice\/#breadcrumb\"},\"inLanguage\":\"en-US\",\"potentialAction\":[{\"@type\":\"ReadAction\",\"target\":[\"https:\/\/www.kondicnipriprava.cz\/hc-pardubice\/\"]}]},{\"@type\":\"ImageObject\",\"inLanguage\":\"en-US\",\"@id\":\"https:\/\/www.kondicnipriprava.cz\/hc-pardubice\/#primaryimage\",\"url\":\"https:\/\/www.kondicnipriprava.cz\/wp-content\/uploads\/2019\/02\/HC-Dynamo-1vzrrsr0xk01dg9oklfkx3ykp01yo3hu8q4.jpg\",\"contentUrl\":\"https:\/\/www.kondicnipriprava.cz\/wp-content\/uploads\/2019\/02\/HC-Dynamo-1vzrrsr0xk01dg9oklfkx3ykp01yo3hu8q4.jpg\"},{\"@type\":\"BreadcrumbList\",\"@id\":\"https:\/\/www.kondicnipriprava.cz\/hc-pardubice\/#breadcrumb\",\"itemListElement\":[{\"@type\":\"ListItem\",\"position\":1,\"name\":\"Dom\u016f\",\"item\":\"https:\/\/www.kondicnipriprava.cz\/\"},{\"@type\":\"ListItem\",\"position\":2,\"name\":\"HC Pardubice\"}]},{\"@type\":\"WebSite\",\"@id\":\"https:\/\/www.kondicnipriprava.cz\/#website\",\"url\":\"https:\/\/www.kondicnipriprava.cz\/\",\"name\":\"kondicnipriprava.cz\",\"description\":\"Kondi\u010dn\u00ed p\u0159\u00edprava pro vrcholov\u00e9 sportovce\",\"publisher\":{\"@id\":\"https:\/\/www.kondicnipriprava.cz\/#organization\"},\"potentialAction\":[{\"@type\":\"SearchAction\",\"target\":{\"@type\":\"EntryPoint\",\"urlTemplate\":\"https:\/\/www.kondicnipriprava.cz\/?s={search_term_string}\"},\"query-input\":{\"@type\":\"PropertyValueSpecification\",\"valueRequired\":true,\"valueName\":\"search_term_string\"}}],\"inLanguage\":\"en-US\"},{\"@type\":\"Organization\",\"@id\":\"https:\/\/www.kondicnipriprava.cz\/#organization\",\"name\":\"kondicnipriprava.cz\",\"url\":\"https:\/\/www.kondicnipriprava.cz\/\",\"logo\":{\"@type\":\"ImageObject\",\"inLanguage\":\"en-US\",\"@id\":\"https:\/\/www.kondicnipriprava.cz\/#\/schema\/logo\/image\/\",\"url\":\"https:\/\/www.kondicnipriprava.cz\/wp-content\/uploads\/2020\/03\/cropped-ft-logo-web-elementor.jpg\",\"contentUrl\":\"https:\/\/www.kondicnipriprava.cz\/wp-content\/uploads\/2020\/03\/cropped-ft-logo-web-elementor.jpg\",\"width\":305,\"height\":100,\"caption\":\"kondicnipriprava.cz\"},\"image\":{\"@id\":\"https:\/\/www.kondicnipriprava.cz\/#\/schema\/logo\/image\/\"}}]}<\/script>\n<!-- \/ Yoast SEO plugin. -->","yoast_head_json":{"title":"HC Pardubice - kondicnipriprava.cz","robots":{"index":"index","follow":"follow","max-snippet":"max-snippet:-1","max-image-preview":"max-image-preview:large","max-video-preview":"max-video-preview:-1"},"canonical":"https:\/\/www.kondicnipriprava.cz\/en\/hc-pardubice\/","og_locale":"en_US","og_type":"article","og_title":"HC Pardubice - kondicnipriprava.cz","og_url":"https:\/\/www.kondicnipriprava.cz\/en\/hc-pardubice\/","og_site_name":"kondicnipriprava.cz","article_modified_time":"2022-05-27T10:35:45+00:00","og_image":[{"url":"https:\/\/www.kondicnipriprava.cz\/wp-content\/uploads\/2019\/02\/HC-Dynamo-1vzrrsr0xk01dg9oklfkx3ykp01yo3hu8q4.jpg","type":"","width":"","height":""}],"twitter_card":"summary_large_image","twitter_misc":{"Est. reading time":"1 minute"},"schema":{"@context":"https:\/\/schema.org","@graph":[{"@type":"WebPage","@id":"https:\/\/www.kondicnipriprava.cz\/hc-pardubice\/","url":"https:\/\/www.kondicnipriprava.cz\/hc-pardubice\/","name":"HC Pardubice - kondicnipriprava.cz","isPartOf":{"@id":"https:\/\/www.kondicnipriprava.cz\/#website"},"primaryImageOfPage":{"@id":"https:\/\/www.kondicnipriprava.cz\/hc-pardubice\/#primaryimage"},"image":{"@id":"https:\/\/www.kondicnipriprava.cz\/hc-pardubice\/#primaryimage"},"thumbnailUrl":"https:\/\/www.kondicnipriprava.cz\/wp-content\/uploads\/2019\/02\/HC-Dynamo-1vzrrsr0xk01dg9oklfkx3ykp01yo3hu8q4.jpg","datePublished":"2022-05-27T10:31:45+00:00","dateModified":"2022-05-27T10:35:45+00:00","breadcrumb":{"@id":"https:\/\/www.kondicnipriprava.cz\/hc-pardubice\/#breadcrumb"},"inLanguage":"en-US","potentialAction":[{"@type":"ReadAction","target":["https:\/\/www.kondicnipriprava.cz\/hc-pardubice\/"]}]},{"@type":"ImageObject","inLanguage":"en-US","@id":"https:\/\/www.kondicnipriprava.cz\/hc-pardubice\/#primaryimage","url":"https:\/\/www.kondicnipriprava.cz\/wp-content\/uploads\/2019\/02\/HC-Dynamo-1vzrrsr0xk01dg9oklfkx3ykp01yo3hu8q4.jpg","contentUrl":"https:\/\/www.kondicnipriprava.cz\/wp-content\/uploads\/2019\/02\/HC-Dynamo-1vzrrsr0xk01dg9oklfkx3ykp01yo3hu8q4.jpg"},{"@type":"BreadcrumbList","@id":"https:\/\/www.kondicnipriprava.cz\/hc-pardubice\/#breadcrumb","itemListElement":[{"@type":"ListItem","position":1,"name":"Dom\u016f","item":"https:\/\/www.kondicnipriprava.cz\/"},{"@type":"ListItem","position":2,"name":"HC Pardubice"}]},{"@type":"WebSite","@id":"https:\/\/www.kondicnipriprava.cz\/#website","url":"https:\/\/www.kondicnipriprava.cz\/","name":"kondicnipriprava.cz","description":"Kondi\u010dn\u00ed p\u0159\u00edprava pro vrcholov\u00e9 sportovce","publisher":{"@id":"https:\/\/www.kondicnipriprava.cz\/#organization"},"potentialAction":[{"@type":"SearchAction","target":{"@type":"EntryPoint","urlTemplate":"https:\/\/www.kondicnipriprava.cz\/?s={search_term_string}"},"query-input":{"@type":"PropertyValueSpecification","valueRequired":true,"valueName":"search_term_string"}}],"inLanguage":"en-US"},{"@type":"Organization","@id":"https:\/\/www.kondicnipriprava.cz\/#organization","name":"kondicnipriprava.cz","url":"https:\/\/www.kondicnipriprava.cz\/","logo":{"@type":"ImageObject","inLanguage":"en-US","@id":"https:\/\/www.kondicnipriprava.cz\/#\/schema\/logo\/image\/","url":"https:\/\/www.kondicnipriprava.cz\/wp-content\/uploads\/2020\/03\/cropped-ft-logo-web-elementor.jpg","contentUrl":"https:\/\/www.kondicnipriprava.cz\/wp-content\/uploads\/2020\/03\/cropped-ft-logo-web-elementor.jpg","width":305,"height":100,"caption":"kondicnipriprava.cz"},"image":{"@id":"https:\/\/www.kondicnipriprava.cz\/#\/schema\/logo\/image\/"}}]}},"_links":{"self":[{"href":"https:\/\/www.kondicnipriprava.cz\/en\/wp-json\/wp\/v2\/pages\/13310","targetHints":{"allow":["GET"]}}],"collection":[{"href":"https:\/\/www.kondicnipriprava.cz\/en\/wp-json\/wp\/v2\/pages"}],"about":[{"href":"https:\/\/www.kondicnipriprava.cz\/en\/wp-json\/wp\/v2\/types\/page"}],"author":[{"embeddable":true,"href":"https:\/\/www.kondicnipriprava.cz\/en\/wp-json\/wp\/v2\/users\/1"}],"replies":[{"embeddable":true,"href":"https:\/\/www.kondicnipriprava.cz\/en\/wp-json\/wp\/v2\/comments?post=13310"}],"version-history":[{"count":0,"href":"https:\/\/www.kondicnipriprava.cz\/en\/wp-json\/wp\/v2\/pages\/13310\/revisions"}],"wp:attachment":[{"href":"https:\/\/www.kondicnipriprava.cz\/en\/wp-json\/wp\/v2\/media?parent=13310"}],"curies":[{"name":"wp","href":"https:\/\/api.w.org\/{rel}","templated":true}]}}