{"id":13292,"date":"2022-05-27T09:59:34","date_gmt":"2022-05-27T09:59:34","guid":{"rendered":"https:\/\/www.kondicnipriprava.cz\/?page_id=13292"},"modified":"2022-05-27T10:02:11","modified_gmt":"2022-05-27T10:02:11","slug":"tereza-tvaruzkova","status":"publish","type":"page","link":"https:\/\/www.kondicnipriprava.cz\/en\/tereza-tvaruzkova\/","title":{"rendered":"Tereza Tvar\u016f\u017ekov\u00e1"},"content":{"rendered":"<div data-elementor-type=\"wp-page\" data-elementor-id=\"13292\" class=\"elementor elementor-13292\">\n\t\t\t\t\t\t<div class=\"elementor-inner\">\n\t\t\t\t<div class=\"elementor-section-wrap\">\n\t\t\t\t\t\t\t\t\t<section class=\"elementor-section elementor-top-section elementor-element elementor-element-b975268 elementor-section-boxed elementor-section-height-default elementor-section-height-default\" data-id=\"b975268\" data-element_type=\"section\">\n\t\t\t\t\t\t<div class=\"elementor-container elementor-column-gap-default\">\n\t\t\t\t\t\t\t<div class=\"elementor-row\">\n\t\t\t\t\t<div class=\"elementor-column elementor-col-100 elementor-top-column elementor-element elementor-element-2f785eb\" data-id=\"2f785eb\" data-element_type=\"column\">\n\t\t\t<div class=\"elementor-column-wrap elementor-element-populated\">\n\t\t\t\t\t\t\t<div class=\"elementor-widget-wrap\">\n\t\t\t\t\t\t<div class=\"elementor-element elementor-element-63c2bd3 elementor-widget elementor-widget-text-editor\" data-id=\"63c2bd3\" data-element_type=\"widget\" data-widget_type=\"text-editor.default\">\n\t\t\t\t<div class=\"elementor-widget-container\">\n\t\t\t\t\t\t\t\t<div class=\"elementor-text-editor elementor-clearfix\">\n\t\t\t\t<div class=\"post-header\"><h1 class=\"entry-title\"><span style=\"color: #000000;\">TEREZA TVAR\u016e\u017dKOV\u00c1<\/span><\/h1><div class=\"post-meta vcard\">\u00a0<\/div><\/div><div class=\"post-wrap\"><div class=\"post-content entry-content\"><div class=\"et_pb_section et_pb_section_0 et_section_regular\"><div class=\"et_animated et_pb_row et_pb_row_0 slide\"><div class=\"et_pb_column et_pb_column_4_4  et_pb_column_0 et_pb_css_mix_blend_mode_passthrough et-last-child\"><div class=\"et_pb_text et_pb_module et_pb_bg_layout_light et_pb_text_align_left  et_pb_text_0\"><div class=\"et_pb_text_inner\"><div><span style=\"color: #000000;\">* narozena 11. 12. 1998<\/span><\/div><div><span style=\"color: #000000;\">* bikerka a b\u011b\u017ekyn\u011b na ly\u017e\u00edch<\/span><\/div><div><span style=\"color: #000000;\">* vicemistryn\u011b republiky XCE Elimin\u00e1tor 2017<\/span><\/div><div><span style=\"color: #000000;\">* 1. m\u00edsto v celkov\u00e9m hodnocen\u00ed \u010cesk\u00e9ho poh\u00e1ru XCE Elimin\u00e1tor a 3. m\u00edsto v XCO cross country 2017<\/span><\/div><div><span style=\"color: #000000;\">* mistryn\u011b a vicemistryn\u011b republiky\u00a0 v b\u011bhu na kole\u010dkov\u00fdch ly\u017e\u00edch<\/span><\/div><div><span style=\"color: #000000;\">* vicemistryn\u011b republiky v b\u011bhu na ly\u017e\u00edch<\/span><\/div><div><span style=\"color: #000000;\">* \u00fa\u010dastnice mistrovstv\u00ed sv\u011bta v horsk\u00e9 cyklistice i v b\u011bhu na ly\u017e\u00edch<\/span><\/div><div><span style=\"color: #000000;\">* \u010dlenka klub\u016f: Expres CZ \u2013 Tufo Team Kol\u00edn a BAP Pustevny<\/span><\/div><div><span style=\"color: #000000;\">* v\u00edce:\u00a0<a style=\"color: #000000;\" href=\"http:\/\/www.exprescz-tufo.cz\/\" target=\"_blank\" rel=\"noopener\">www.exprescz-tufo.cz<\/a><\/span><\/div><\/div><\/div><\/div><\/div><\/div><\/div><\/div><div>\u00a0<\/div><div><span style=\"color: #000000;\">Zdroj:<\/span> <span style=\"color: #ff0000;\"><a style=\"color: #ff0000;\" href=\"http:\/\/vkv-bike.cz\/patroni\/patroni3-3\/\">vkv-bike.cz<\/a><\/span><\/div>\t\t\t\t\t<\/div>\n\t\t\t\t\t\t<\/div>\n\t\t\t\t<\/div>\n\t\t\t\t\t\t<\/div>\n\t\t\t\t\t<\/div>\n\t\t<\/div>\n\t\t\t\t\t\t\t\t<\/div>\n\t\t\t\t\t<\/div>\n\t\t<\/section>\n\t\t\t\t\t\t\t\t\t<\/div>\n\t\t\t<\/div>\n\t\t\t\t\t<\/div>","protected":false},"excerpt":{"rendered":"<p>TEREZA TVAR\u016e\u017dKOV\u00c1 \u00a0* narozena 11. 12. 1998* bikerka a b\u011b\u017ekyn\u011b na ly\u017e\u00edch* vicemistryn\u011b republiky XCE Elimin\u00e1tor 2017* 1. m\u00edsto v&hellip;<\/p>\n<p> <a class=\"more-link\" href=\"https:\/\/www.kondicnipriprava.cz\/en\/tereza-tvaruzkova\/\">Read more<\/a><\/p>","protected":false},"author":1,"featured_media":0,"parent":0,"menu_order":0,"comment_status":"closed","ping_status":"closed","template":"","meta":{"footnotes":""},"class_list":["post-13292","page","type-page","status-publish"],"yoast_head":"<!-- This site is optimized with the Yoast SEO plugin v24.2 - https:\/\/yoast.com\/wordpress\/plugins\/seo\/ -->\n<title>Tereza Tvar\u016f\u017ekov\u00e1 - kondicnipriprava.cz<\/title>\n<meta name=\"robots\" content=\"index, follow, max-snippet:-1, max-image-preview:large, max-video-preview:-1\" \/>\n<link rel=\"canonical\" href=\"https:\/\/www.kondicnipriprava.cz\/en\/tereza-tvaruzkova\/\" \/>\n<meta property=\"og:locale\" content=\"en_US\" \/>\n<meta property=\"og:type\" content=\"article\" \/>\n<meta property=\"og:title\" content=\"Tereza Tvar\u016f\u017ekov\u00e1 - kondicnipriprava.cz\" \/>\n<meta property=\"og:description\" content=\"TEREZA TVAR\u016e\u017dKOV\u00c1 \u00a0* narozena 11. 12. 1998* bikerka a b\u011b\u017ekyn\u011b na ly\u017e\u00edch* vicemistryn\u011b republiky XCE Elimin\u00e1tor 2017* 1. m\u00edsto v&hellip;  Read more\" \/>\n<meta property=\"og:url\" content=\"https:\/\/www.kondicnipriprava.cz\/en\/tereza-tvaruzkova\/\" \/>\n<meta property=\"og:site_name\" content=\"kondicnipriprava.cz\" \/>\n<meta property=\"article:modified_time\" content=\"2022-05-27T10:02:11+00:00\" \/>\n<meta name=\"twitter:card\" content=\"summary_large_image\" \/>\n<meta name=\"twitter:label1\" content=\"Est. reading time\" \/>\n\t<meta name=\"twitter:data1\" content=\"1 minute\" \/>\n<script type=\"application\/ld+json\" class=\"yoast-schema-graph\">{\"@context\":\"https:\/\/schema.org\",\"@graph\":[{\"@type\":\"WebPage\",\"@id\":\"https:\/\/www.kondicnipriprava.cz\/tereza-tvaruzkova\/\",\"url\":\"https:\/\/www.kondicnipriprava.cz\/tereza-tvaruzkova\/\",\"name\":\"Tereza Tvar\u016f\u017ekov\u00e1 - kondicnipriprava.cz\",\"isPartOf\":{\"@id\":\"https:\/\/www.kondicnipriprava.cz\/#website\"},\"datePublished\":\"2022-05-27T09:59:34+00:00\",\"dateModified\":\"2022-05-27T10:02:11+00:00\",\"breadcrumb\":{\"@id\":\"https:\/\/www.kondicnipriprava.cz\/tereza-tvaruzkova\/#breadcrumb\"},\"inLanguage\":\"en-US\",\"potentialAction\":[{\"@type\":\"ReadAction\",\"target\":[\"https:\/\/www.kondicnipriprava.cz\/tereza-tvaruzkova\/\"]}]},{\"@type\":\"BreadcrumbList\",\"@id\":\"https:\/\/www.kondicnipriprava.cz\/tereza-tvaruzkova\/#breadcrumb\",\"itemListElement\":[{\"@type\":\"ListItem\",\"position\":1,\"name\":\"Dom\u016f\",\"item\":\"https:\/\/www.kondicnipriprava.cz\/\"},{\"@type\":\"ListItem\",\"position\":2,\"name\":\"Tereza Tvar\u016f\u017ekov\u00e1\"}]},{\"@type\":\"WebSite\",\"@id\":\"https:\/\/www.kondicnipriprava.cz\/#website\",\"url\":\"https:\/\/www.kondicnipriprava.cz\/\",\"name\":\"kondicnipriprava.cz\",\"description\":\"Kondi\u010dn\u00ed p\u0159\u00edprava pro vrcholov\u00e9 sportovce\",\"publisher\":{\"@id\":\"https:\/\/www.kondicnipriprava.cz\/#organization\"},\"potentialAction\":[{\"@type\":\"SearchAction\",\"target\":{\"@type\":\"EntryPoint\",\"urlTemplate\":\"https:\/\/www.kondicnipriprava.cz\/?s={search_term_string}\"},\"query-input\":{\"@type\":\"PropertyValueSpecification\",\"valueRequired\":true,\"valueName\":\"search_term_string\"}}],\"inLanguage\":\"en-US\"},{\"@type\":\"Organization\",\"@id\":\"https:\/\/www.kondicnipriprava.cz\/#organization\",\"name\":\"kondicnipriprava.cz\",\"url\":\"https:\/\/www.kondicnipriprava.cz\/\",\"logo\":{\"@type\":\"ImageObject\",\"inLanguage\":\"en-US\",\"@id\":\"https:\/\/www.kondicnipriprava.cz\/#\/schema\/logo\/image\/\",\"url\":\"https:\/\/www.kondicnipriprava.cz\/wp-content\/uploads\/2020\/03\/cropped-ft-logo-web-elementor.jpg\",\"contentUrl\":\"https:\/\/www.kondicnipriprava.cz\/wp-content\/uploads\/2020\/03\/cropped-ft-logo-web-elementor.jpg\",\"width\":305,\"height\":100,\"caption\":\"kondicnipriprava.cz\"},\"image\":{\"@id\":\"https:\/\/www.kondicnipriprava.cz\/#\/schema\/logo\/image\/\"}}]}<\/script>\n<!-- \/ Yoast SEO plugin. -->","yoast_head_json":{"title":"Tereza Tvar\u016f\u017ekov\u00e1 - kondicnipriprava.cz","robots":{"index":"index","follow":"follow","max-snippet":"max-snippet:-1","max-image-preview":"max-image-preview:large","max-video-preview":"max-video-preview:-1"},"canonical":"https:\/\/www.kondicnipriprava.cz\/en\/tereza-tvaruzkova\/","og_locale":"en_US","og_type":"article","og_title":"Tereza Tvar\u016f\u017ekov\u00e1 - kondicnipriprava.cz","og_description":"TEREZA TVAR\u016e\u017dKOV\u00c1 \u00a0* narozena 11. 12. 1998* bikerka a b\u011b\u017ekyn\u011b na ly\u017e\u00edch* vicemistryn\u011b republiky XCE Elimin\u00e1tor 2017* 1. m\u00edsto v&hellip;  Read more","og_url":"https:\/\/www.kondicnipriprava.cz\/en\/tereza-tvaruzkova\/","og_site_name":"kondicnipriprava.cz","article_modified_time":"2022-05-27T10:02:11+00:00","twitter_card":"summary_large_image","twitter_misc":{"Est. reading time":"1 minute"},"schema":{"@context":"https:\/\/schema.org","@graph":[{"@type":"WebPage","@id":"https:\/\/www.kondicnipriprava.cz\/tereza-tvaruzkova\/","url":"https:\/\/www.kondicnipriprava.cz\/tereza-tvaruzkova\/","name":"Tereza Tvar\u016f\u017ekov\u00e1 - kondicnipriprava.cz","isPartOf":{"@id":"https:\/\/www.kondicnipriprava.cz\/#website"},"datePublished":"2022-05-27T09:59:34+00:00","dateModified":"2022-05-27T10:02:11+00:00","breadcrumb":{"@id":"https:\/\/www.kondicnipriprava.cz\/tereza-tvaruzkova\/#breadcrumb"},"inLanguage":"en-US","potentialAction":[{"@type":"ReadAction","target":["https:\/\/www.kondicnipriprava.cz\/tereza-tvaruzkova\/"]}]},{"@type":"BreadcrumbList","@id":"https:\/\/www.kondicnipriprava.cz\/tereza-tvaruzkova\/#breadcrumb","itemListElement":[{"@type":"ListItem","position":1,"name":"Dom\u016f","item":"https:\/\/www.kondicnipriprava.cz\/"},{"@type":"ListItem","position":2,"name":"Tereza Tvar\u016f\u017ekov\u00e1"}]},{"@type":"WebSite","@id":"https:\/\/www.kondicnipriprava.cz\/#website","url":"https:\/\/www.kondicnipriprava.cz\/","name":"kondicnipriprava.cz","description":"Kondi\u010dn\u00ed p\u0159\u00edprava pro vrcholov\u00e9 sportovce","publisher":{"@id":"https:\/\/www.kondicnipriprava.cz\/#organization"},"potentialAction":[{"@type":"SearchAction","target":{"@type":"EntryPoint","urlTemplate":"https:\/\/www.kondicnipriprava.cz\/?s={search_term_string}"},"query-input":{"@type":"PropertyValueSpecification","valueRequired":true,"valueName":"search_term_string"}}],"inLanguage":"en-US"},{"@type":"Organization","@id":"https:\/\/www.kondicnipriprava.cz\/#organization","name":"kondicnipriprava.cz","url":"https:\/\/www.kondicnipriprava.cz\/","logo":{"@type":"ImageObject","inLanguage":"en-US","@id":"https:\/\/www.kondicnipriprava.cz\/#\/schema\/logo\/image\/","url":"https:\/\/www.kondicnipriprava.cz\/wp-content\/uploads\/2020\/03\/cropped-ft-logo-web-elementor.jpg","contentUrl":"https:\/\/www.kondicnipriprava.cz\/wp-content\/uploads\/2020\/03\/cropped-ft-logo-web-elementor.jpg","width":305,"height":100,"caption":"kondicnipriprava.cz"},"image":{"@id":"https:\/\/www.kondicnipriprava.cz\/#\/schema\/logo\/image\/"}}]}},"_links":{"self":[{"href":"https:\/\/www.kondicnipriprava.cz\/en\/wp-json\/wp\/v2\/pages\/13292","targetHints":{"allow":["GET"]}}],"collection":[{"href":"https:\/\/www.kondicnipriprava.cz\/en\/wp-json\/wp\/v2\/pages"}],"about":[{"href":"https:\/\/www.kondicnipriprava.cz\/en\/wp-json\/wp\/v2\/types\/page"}],"author":[{"embeddable":true,"href":"https:\/\/www.kondicnipriprava.cz\/en\/wp-json\/wp\/v2\/users\/1"}],"replies":[{"embeddable":true,"href":"https:\/\/www.kondicnipriprava.cz\/en\/wp-json\/wp\/v2\/comments?post=13292"}],"version-history":[{"count":0,"href":"https:\/\/www.kondicnipriprava.cz\/en\/wp-json\/wp\/v2\/pages\/13292\/revisions"}],"wp:attachment":[{"href":"https:\/\/www.kondicnipriprava.cz\/en\/wp-json\/wp\/v2\/media?parent=13292"}],"curies":[{"name":"wp","href":"https:\/\/api.w.org\/{rel}","templated":true}]}}