{"id":13157,"date":"2022-05-26T14:01:59","date_gmt":"2022-05-26T14:01:59","guid":{"rendered":"https:\/\/www.kondicnipriprava.cz\/?page_id=13157"},"modified":"2022-05-26T14:02:57","modified_gmt":"2022-05-26T14:02:57","slug":"sarka-musilova","status":"publish","type":"page","link":"https:\/\/www.kondicnipriprava.cz\/en\/sarka-musilova\/","title":{"rendered":"\u0160\u00e1rka Musilov\u00e1"},"content":{"rendered":"<div data-elementor-type=\"wp-page\" data-elementor-id=\"13157\" class=\"elementor elementor-13157\">\n\t\t\t\t\t\t<div class=\"elementor-inner\">\n\t\t\t\t<div class=\"elementor-section-wrap\">\n\t\t\t\t\t\t\t\t\t<section class=\"elementor-section elementor-top-section elementor-element elementor-element-f8b90a5 elementor-section-boxed elementor-section-height-default elementor-section-height-default\" data-id=\"f8b90a5\" data-element_type=\"section\">\n\t\t\t\t\t\t<div class=\"elementor-container elementor-column-gap-default\">\n\t\t\t\t\t\t\t<div class=\"elementor-row\">\n\t\t\t\t\t<div class=\"elementor-column elementor-col-100 elementor-top-column elementor-element elementor-element-1511a26\" data-id=\"1511a26\" data-element_type=\"column\">\n\t\t\t<div class=\"elementor-column-wrap elementor-element-populated\">\n\t\t\t\t\t\t\t<div class=\"elementor-widget-wrap\">\n\t\t\t\t\t\t<div class=\"elementor-element elementor-element-95b1351 elementor-widget elementor-widget-text-editor\" data-id=\"95b1351\" data-element_type=\"widget\" data-widget_type=\"text-editor.default\">\n\t\t\t\t<div class=\"elementor-widget-container\">\n\t\t\t\t\t\t\t\t<div class=\"elementor-text-editor elementor-clearfix\">\n\t\t\t\t<h2><span style=\"color: #000000;\">\u0160\u00c1RKA MUSILOV\u00c1 \u2013 PARALYMPIONI\u010cKA<\/span><br><span style=\"color: #000000;\">REPREZENTANTKA \u010cR A PARALYMPIONI\u010cKA V LUKOST\u0158ELB\u011a<\/span><\/h2>\n<p><span style=\"color: #000000;\"><img loading=\"lazy\" decoding=\"async\" class=\"alignleft wp-image-398 size-large\" src=\"https:\/\/www.summusvita.cz\/wp-content\/uploads\/2018\/11\/%C5%A1rio-1024x576.jpg\" sizes=\"auto, (max-width: 640px) 100vw, 640px\" srcset=\"https:\/\/www.summusvita.cz\/wp-content\/uploads\/2018\/11\/\u0161rio-1024x576.jpg 1024w, https:\/\/www.summusvita.cz\/wp-content\/uploads\/2018\/11\/\u0161rio-300x169.jpg 300w, https:\/\/www.summusvita.cz\/wp-content\/uploads\/2018\/11\/\u0161rio-768x432.jpg 768w, https:\/\/www.summusvita.cz\/wp-content\/uploads\/2018\/11\/\u0161rio.jpg 1280w\" alt=\"\" width=\"640\" height=\"360\"><strong>2015<\/strong><\/span><br><span style=\"color: #000000;\">1. m\u00edsto \u2013 M\u010cR v halov\u00e9 lukost\u0159elb\u011b Plze\u0148<\/span><br><span style=\"color: #000000;\">3. m\u00edsto \u2013 WRT Nov\u00e9 m\u011bsto nad Metuj\u00ed MIX team<\/span><br><span style=\"color: #000000;\">6. m\u00edsto \u2013 MS Donauschingen N\u011bmecko<\/span><\/p>\n<p><span style=\"color: #000000;\"><strong>2016<\/strong><\/span><br><span style=\"color: #000000;\">2. m\u00edsto \u2013 WRT (world ranking tournament) Nove m\u011bsto nad Metuji -Mix team W1<\/span><br><span style=\"color: #000000;\">4. m\u00edsto \u2013 WRT Nov\u00e9 M\u011bsto nad Metuji&nbsp; W1 women<\/span><br><span style=\"color: #000000;\">3. m\u00edsto \u2013&nbsp;LPH Rio de Janeiro&nbsp;MIX team W1<\/span><br><span style=\"color: #000000;\">6. m\u00edsto&nbsp;\u2013 LPH Rio de Janeiro W1 women<\/span><\/p>\n<p><span style=\"color: #000000;\"><strong><br><br>2018<\/strong><\/span><br><span style=\"color: #000000;\">4. m\u00edsto \u2013 WRT Nov\u00e9 m\u011bsto nad Metuj\u00ed 2018<\/span><br><span style=\"color: #000000;\">1. m\u00edsto \u2013 MIX team W1 ME Plze\u0148<\/span><br><span style=\"color: #000000;\">5. m\u00edsto \u2013 W1 women ME Plze\u0148<\/span><br><span style=\"color: #000000;\">3. m\u00edsto \u2013 Compound women team W2 ME Plze\u0148<\/span><\/p>\n<p><img loading=\"lazy\" decoding=\"async\" class=\"wp-image-405 size-medium alignleft\" src=\"https:\/\/www.summusvita.cz\/wp-content\/uploads\/2018\/11\/%C5%A1%C3%A1rmus-300x300.jpg\" sizes=\"auto, (max-width: 300px) 100vw, 300px\" srcset=\"https:\/\/www.summusvita.cz\/wp-content\/uploads\/2018\/11\/\u0161\u00e1rmus-300x300.jpg 300w, https:\/\/www.summusvita.cz\/wp-content\/uploads\/2018\/11\/\u0161\u00e1rmus-150x150.jpg 150w, https:\/\/www.summusvita.cz\/wp-content\/uploads\/2018\/11\/\u0161\u00e1rmus-768x768.jpg 768w, https:\/\/www.summusvita.cz\/wp-content\/uploads\/2018\/11\/\u0161\u00e1rmus-250x250.jpg 250w, https:\/\/www.summusvita.cz\/wp-content\/uploads\/2018\/11\/\u0161\u00e1rmus-174x174.jpg 174w, https:\/\/www.summusvita.cz\/wp-content\/uploads\/2018\/11\/\u0161\u00e1rmus.jpg 960w\" alt=\"\" width=\"300\" height=\"300\"><b><\/b><i><\/i><u><\/u><\/p>\n<p><\/p>\n<p><\/p>\t\t\t\t\t<\/div>\n\t\t\t\t\t\t<\/div>\n\t\t\t\t<\/div>\n\t\t\t\t\t\t<\/div>\n\t\t\t\t\t<\/div>\n\t\t<\/div>\n\t\t\t\t\t\t\t\t<\/div>\n\t\t\t\t\t<\/div>\n\t\t<\/section>\n\t\t\t\t\t\t\t\t\t<\/div>\n\t\t\t<\/div>\n\t\t\t\t\t<\/div>","protected":false},"excerpt":{"rendered":"<p>\u0160\u00c1RKA MUSILOV\u00c1 \u2013 PARALYMPIONI\u010cKAREPREZENTANTKA \u010cR A PARALYMPIONI\u010cKA V LUKOST\u0158ELB\u011a 20151. m\u00edsto \u2013 M\u010cR v halov\u00e9 lukost\u0159elb\u011b Plze\u01483. m\u00edsto \u2013 WRT&hellip;<\/p>\n<p> <a class=\"more-link\" href=\"https:\/\/www.kondicnipriprava.cz\/en\/sarka-musilova\/\">Read more<\/a><\/p>","protected":false},"author":1,"featured_media":0,"parent":0,"menu_order":0,"comment_status":"closed","ping_status":"closed","template":"","meta":{"footnotes":""},"class_list":["post-13157","page","type-page","status-publish"],"yoast_head":"<!-- This site is optimized with the Yoast SEO plugin v24.2 - https:\/\/yoast.com\/wordpress\/plugins\/seo\/ -->\n<title>\u0160\u00e1rka Musilov\u00e1 - kondicnipriprava.cz<\/title>\n<meta name=\"robots\" content=\"index, follow, max-snippet:-1, max-image-preview:large, max-video-preview:-1\" \/>\n<link rel=\"canonical\" href=\"https:\/\/www.kondicnipriprava.cz\/en\/sarka-musilova\/\" \/>\n<meta property=\"og:locale\" content=\"en_US\" \/>\n<meta property=\"og:type\" content=\"article\" \/>\n<meta property=\"og:title\" content=\"\u0160\u00e1rka Musilov\u00e1 - kondicnipriprava.cz\" \/>\n<meta property=\"og:description\" content=\"\u0160\u00c1RKA MUSILOV\u00c1 \u2013 PARALYMPIONI\u010cKAREPREZENTANTKA \u010cR A PARALYMPIONI\u010cKA V LUKOST\u0158ELB\u011a 20151. m\u00edsto \u2013 M\u010cR v halov\u00e9 lukost\u0159elb\u011b Plze\u01483. m\u00edsto \u2013 WRT&hellip;  Read more\" \/>\n<meta property=\"og:url\" content=\"https:\/\/www.kondicnipriprava.cz\/en\/sarka-musilova\/\" \/>\n<meta property=\"og:site_name\" content=\"kondicnipriprava.cz\" \/>\n<meta property=\"article:modified_time\" content=\"2022-05-26T14:02:57+00:00\" \/>\n<meta property=\"og:image\" content=\"https:\/\/www.summusvita.cz\/wp-content\/uploads\/2018\/11\/%C5%A1rio-1024x576.jpg\" \/>\n<meta name=\"twitter:card\" content=\"summary_large_image\" \/>\n<meta name=\"twitter:label1\" content=\"Est. reading time\" \/>\n\t<meta name=\"twitter:data1\" content=\"1 minute\" \/>\n<script type=\"application\/ld+json\" class=\"yoast-schema-graph\">{\"@context\":\"https:\/\/schema.org\",\"@graph\":[{\"@type\":\"WebPage\",\"@id\":\"https:\/\/www.kondicnipriprava.cz\/sarka-musilova\/\",\"url\":\"https:\/\/www.kondicnipriprava.cz\/sarka-musilova\/\",\"name\":\"\u0160\u00e1rka Musilov\u00e1 - kondicnipriprava.cz\",\"isPartOf\":{\"@id\":\"https:\/\/www.kondicnipriprava.cz\/#website\"},\"primaryImageOfPage\":{\"@id\":\"https:\/\/www.kondicnipriprava.cz\/sarka-musilova\/#primaryimage\"},\"image\":{\"@id\":\"https:\/\/www.kondicnipriprava.cz\/sarka-musilova\/#primaryimage\"},\"thumbnailUrl\":\"https:\/\/www.summusvita.cz\/wp-content\/uploads\/2018\/11\/%C5%A1rio-1024x576.jpg\",\"datePublished\":\"2022-05-26T14:01:59+00:00\",\"dateModified\":\"2022-05-26T14:02:57+00:00\",\"breadcrumb\":{\"@id\":\"https:\/\/www.kondicnipriprava.cz\/sarka-musilova\/#breadcrumb\"},\"inLanguage\":\"en-US\",\"potentialAction\":[{\"@type\":\"ReadAction\",\"target\":[\"https:\/\/www.kondicnipriprava.cz\/sarka-musilova\/\"]}]},{\"@type\":\"ImageObject\",\"inLanguage\":\"en-US\",\"@id\":\"https:\/\/www.kondicnipriprava.cz\/sarka-musilova\/#primaryimage\",\"url\":\"https:\/\/www.summusvita.cz\/wp-content\/uploads\/2018\/11\/%C5%A1rio-1024x576.jpg\",\"contentUrl\":\"https:\/\/www.summusvita.cz\/wp-content\/uploads\/2018\/11\/%C5%A1rio-1024x576.jpg\"},{\"@type\":\"BreadcrumbList\",\"@id\":\"https:\/\/www.kondicnipriprava.cz\/sarka-musilova\/#breadcrumb\",\"itemListElement\":[{\"@type\":\"ListItem\",\"position\":1,\"name\":\"Dom\u016f\",\"item\":\"https:\/\/www.kondicnipriprava.cz\/\"},{\"@type\":\"ListItem\",\"position\":2,\"name\":\"\u0160\u00e1rka Musilov\u00e1\"}]},{\"@type\":\"WebSite\",\"@id\":\"https:\/\/www.kondicnipriprava.cz\/#website\",\"url\":\"https:\/\/www.kondicnipriprava.cz\/\",\"name\":\"kondicnipriprava.cz\",\"description\":\"Kondi\u010dn\u00ed p\u0159\u00edprava pro vrcholov\u00e9 sportovce\",\"publisher\":{\"@id\":\"https:\/\/www.kondicnipriprava.cz\/#organization\"},\"potentialAction\":[{\"@type\":\"SearchAction\",\"target\":{\"@type\":\"EntryPoint\",\"urlTemplate\":\"https:\/\/www.kondicnipriprava.cz\/?s={search_term_string}\"},\"query-input\":{\"@type\":\"PropertyValueSpecification\",\"valueRequired\":true,\"valueName\":\"search_term_string\"}}],\"inLanguage\":\"en-US\"},{\"@type\":\"Organization\",\"@id\":\"https:\/\/www.kondicnipriprava.cz\/#organization\",\"name\":\"kondicnipriprava.cz\",\"url\":\"https:\/\/www.kondicnipriprava.cz\/\",\"logo\":{\"@type\":\"ImageObject\",\"inLanguage\":\"en-US\",\"@id\":\"https:\/\/www.kondicnipriprava.cz\/#\/schema\/logo\/image\/\",\"url\":\"https:\/\/www.kondicnipriprava.cz\/wp-content\/uploads\/2020\/03\/cropped-ft-logo-web-elementor.jpg\",\"contentUrl\":\"https:\/\/www.kondicnipriprava.cz\/wp-content\/uploads\/2020\/03\/cropped-ft-logo-web-elementor.jpg\",\"width\":305,\"height\":100,\"caption\":\"kondicnipriprava.cz\"},\"image\":{\"@id\":\"https:\/\/www.kondicnipriprava.cz\/#\/schema\/logo\/image\/\"}}]}<\/script>\n<!-- \/ Yoast SEO plugin. -->","yoast_head_json":{"title":"\u0160\u00e1rka Musilov\u00e1 - kondicnipriprava.cz","robots":{"index":"index","follow":"follow","max-snippet":"max-snippet:-1","max-image-preview":"max-image-preview:large","max-video-preview":"max-video-preview:-1"},"canonical":"https:\/\/www.kondicnipriprava.cz\/en\/sarka-musilova\/","og_locale":"en_US","og_type":"article","og_title":"\u0160\u00e1rka Musilov\u00e1 - kondicnipriprava.cz","og_description":"\u0160\u00c1RKA MUSILOV\u00c1 \u2013 PARALYMPIONI\u010cKAREPREZENTANTKA \u010cR A PARALYMPIONI\u010cKA V LUKOST\u0158ELB\u011a 20151. m\u00edsto \u2013 M\u010cR v halov\u00e9 lukost\u0159elb\u011b Plze\u01483. m\u00edsto \u2013 WRT&hellip;  Read more","og_url":"https:\/\/www.kondicnipriprava.cz\/en\/sarka-musilova\/","og_site_name":"kondicnipriprava.cz","article_modified_time":"2022-05-26T14:02:57+00:00","og_image":[{"url":"https:\/\/www.summusvita.cz\/wp-content\/uploads\/2018\/11\/%C5%A1rio-1024x576.jpg","type":"","width":"","height":""}],"twitter_card":"summary_large_image","twitter_misc":{"Est. reading time":"1 minute"},"schema":{"@context":"https:\/\/schema.org","@graph":[{"@type":"WebPage","@id":"https:\/\/www.kondicnipriprava.cz\/sarka-musilova\/","url":"https:\/\/www.kondicnipriprava.cz\/sarka-musilova\/","name":"\u0160\u00e1rka Musilov\u00e1 - kondicnipriprava.cz","isPartOf":{"@id":"https:\/\/www.kondicnipriprava.cz\/#website"},"primaryImageOfPage":{"@id":"https:\/\/www.kondicnipriprava.cz\/sarka-musilova\/#primaryimage"},"image":{"@id":"https:\/\/www.kondicnipriprava.cz\/sarka-musilova\/#primaryimage"},"thumbnailUrl":"https:\/\/www.summusvita.cz\/wp-content\/uploads\/2018\/11\/%C5%A1rio-1024x576.jpg","datePublished":"2022-05-26T14:01:59+00:00","dateModified":"2022-05-26T14:02:57+00:00","breadcrumb":{"@id":"https:\/\/www.kondicnipriprava.cz\/sarka-musilova\/#breadcrumb"},"inLanguage":"en-US","potentialAction":[{"@type":"ReadAction","target":["https:\/\/www.kondicnipriprava.cz\/sarka-musilova\/"]}]},{"@type":"ImageObject","inLanguage":"en-US","@id":"https:\/\/www.kondicnipriprava.cz\/sarka-musilova\/#primaryimage","url":"https:\/\/www.summusvita.cz\/wp-content\/uploads\/2018\/11\/%C5%A1rio-1024x576.jpg","contentUrl":"https:\/\/www.summusvita.cz\/wp-content\/uploads\/2018\/11\/%C5%A1rio-1024x576.jpg"},{"@type":"BreadcrumbList","@id":"https:\/\/www.kondicnipriprava.cz\/sarka-musilova\/#breadcrumb","itemListElement":[{"@type":"ListItem","position":1,"name":"Dom\u016f","item":"https:\/\/www.kondicnipriprava.cz\/"},{"@type":"ListItem","position":2,"name":"\u0160\u00e1rka Musilov\u00e1"}]},{"@type":"WebSite","@id":"https:\/\/www.kondicnipriprava.cz\/#website","url":"https:\/\/www.kondicnipriprava.cz\/","name":"kondicnipriprava.cz","description":"Kondi\u010dn\u00ed p\u0159\u00edprava pro vrcholov\u00e9 sportovce","publisher":{"@id":"https:\/\/www.kondicnipriprava.cz\/#organization"},"potentialAction":[{"@type":"SearchAction","target":{"@type":"EntryPoint","urlTemplate":"https:\/\/www.kondicnipriprava.cz\/?s={search_term_string}"},"query-input":{"@type":"PropertyValueSpecification","valueRequired":true,"valueName":"search_term_string"}}],"inLanguage":"en-US"},{"@type":"Organization","@id":"https:\/\/www.kondicnipriprava.cz\/#organization","name":"kondicnipriprava.cz","url":"https:\/\/www.kondicnipriprava.cz\/","logo":{"@type":"ImageObject","inLanguage":"en-US","@id":"https:\/\/www.kondicnipriprava.cz\/#\/schema\/logo\/image\/","url":"https:\/\/www.kondicnipriprava.cz\/wp-content\/uploads\/2020\/03\/cropped-ft-logo-web-elementor.jpg","contentUrl":"https:\/\/www.kondicnipriprava.cz\/wp-content\/uploads\/2020\/03\/cropped-ft-logo-web-elementor.jpg","width":305,"height":100,"caption":"kondicnipriprava.cz"},"image":{"@id":"https:\/\/www.kondicnipriprava.cz\/#\/schema\/logo\/image\/"}}]}},"_links":{"self":[{"href":"https:\/\/www.kondicnipriprava.cz\/en\/wp-json\/wp\/v2\/pages\/13157","targetHints":{"allow":["GET"]}}],"collection":[{"href":"https:\/\/www.kondicnipriprava.cz\/en\/wp-json\/wp\/v2\/pages"}],"about":[{"href":"https:\/\/www.kondicnipriprava.cz\/en\/wp-json\/wp\/v2\/types\/page"}],"author":[{"embeddable":true,"href":"https:\/\/www.kondicnipriprava.cz\/en\/wp-json\/wp\/v2\/users\/1"}],"replies":[{"embeddable":true,"href":"https:\/\/www.kondicnipriprava.cz\/en\/wp-json\/wp\/v2\/comments?post=13157"}],"version-history":[{"count":0,"href":"https:\/\/www.kondicnipriprava.cz\/en\/wp-json\/wp\/v2\/pages\/13157\/revisions"}],"wp:attachment":[{"href":"https:\/\/www.kondicnipriprava.cz\/en\/wp-json\/wp\/v2\/media?parent=13157"}],"curies":[{"name":"wp","href":"https:\/\/api.w.org\/{rel}","templated":true}]}}