{"id":13149,"date":"2022-05-26T13:58:49","date_gmt":"2022-05-26T13:58:49","guid":{"rendered":"https:\/\/www.kondicnipriprava.cz\/?page_id=13149"},"modified":"2022-05-26T13:59:32","modified_gmt":"2022-05-26T13:59:32","slug":"tereza-karlecova","status":"publish","type":"page","link":"https:\/\/www.kondicnipriprava.cz\/en\/tereza-karlecova\/","title":{"rendered":"Tereza Karlecov\u00e1"},"content":{"rendered":"<div data-elementor-type=\"wp-page\" data-elementor-id=\"13149\" class=\"elementor elementor-13149\">\n\t\t\t\t\t\t<div class=\"elementor-inner\">\n\t\t\t\t<div class=\"elementor-section-wrap\">\n\t\t\t\t\t\t\t\t\t<section class=\"elementor-section elementor-top-section elementor-element elementor-element-5132115 elementor-section-boxed elementor-section-height-default elementor-section-height-default\" data-id=\"5132115\" data-element_type=\"section\">\n\t\t\t\t\t\t<div class=\"elementor-container elementor-column-gap-default\">\n\t\t\t\t\t\t\t<div class=\"elementor-row\">\n\t\t\t\t\t<div class=\"elementor-column elementor-col-100 elementor-top-column elementor-element elementor-element-495e2d3\" data-id=\"495e2d3\" data-element_type=\"column\">\n\t\t\t<div class=\"elementor-column-wrap elementor-element-populated\">\n\t\t\t\t\t\t\t<div class=\"elementor-widget-wrap\">\n\t\t\t\t\t\t<div class=\"elementor-element elementor-element-1bdd811 elementor-widget elementor-widget-text-editor\" data-id=\"1bdd811\" data-element_type=\"widget\" data-widget_type=\"text-editor.default\">\n\t\t\t\t<div class=\"elementor-widget-container\">\n\t\t\t\t\t\t\t\t<div class=\"elementor-text-editor elementor-clearfix\">\n\t\t\t\t<h2><span style=\"color: #000000;\">KARLECOV\u00c1 TEREZA<\/span><\/h2><p><span style=\"color: #000000;\"><img loading=\"lazy\" decoding=\"async\" class=\"size-full wp-image-54 alignleft\" src=\"https:\/\/www.summusvita.cz\/wp-content\/uploads\/2018\/11\/30.jpg\" alt=\"\" width=\"264\" height=\"191\" \/><\/span><\/p><p><span style=\"color: #000000;\"><strong>Ledn\u00ed hokej<\/strong><\/span><\/p><p><span style=\"color: #000000;\"><strong>Reprezenta\u010dn\u00ed kari\u00e9ra:<br \/><\/strong>2011 \u2013 2012 Reprezentace \u017eeny 15 \u2013 p\u0159\u00edp.<\/span><br \/><span style=\"color: #000000;\">2012 \u2013 2013 Reprezentace \u017eeny 15 \u2013 p\u0159\u00edp.<\/span><br \/><span style=\"color: #000000;\">2014 \u2013 2015 Reprezentace \u017eeny 18 (cel\u00e1 sez\u00f3na)<\/span><br \/><span style=\"color: #000000;\">2015 \u2013 2016 Reprezentace \u017eeny 18 (cel\u00e1 sez\u00f3na)<\/span><\/p><p><span style=\"color: #000000;\">Trutnovsk\u00e1 hokejistka bojuje v Kanad\u011b o mistrovstv\u00ed sv\u011bta.<\/span><br \/><span style=\"color: #ff0000;\"><a style=\"color: #ff0000;\" href=\"http:\/\/trutnovinky.cz\/sport\/hokej\/2015\/listopad\/trutnovska-hokejistka-bojuje-v-kanade-o-mistrovstvi-sveta\/\" target=\"_blank\" rel=\"noopener\">http:\/\/trutnovinky.cz\/sport\/hokej\/2015\/listopad\/trutnovska-hokejistka-bojuje-v-kanade-o-mistrovstvi-sveta\/<\/a><\/span><\/p>\t\t\t\t\t<\/div>\n\t\t\t\t\t\t<\/div>\n\t\t\t\t<\/div>\n\t\t\t\t\t\t<\/div>\n\t\t\t\t\t<\/div>\n\t\t<\/div>\n\t\t\t\t\t\t\t\t<\/div>\n\t\t\t\t\t<\/div>\n\t\t<\/section>\n\t\t\t\t\t\t\t\t\t<\/div>\n\t\t\t<\/div>\n\t\t\t\t\t<\/div>","protected":false},"excerpt":{"rendered":"<p>KARLECOV\u00c1 TEREZA Ledn\u00ed hokej Reprezenta\u010dn\u00ed kari\u00e9ra:2011 \u2013 2012 Reprezentace \u017eeny 15 \u2013 p\u0159\u00edp.2012 \u2013 2013 Reprezentace \u017eeny 15 \u2013 p\u0159\u00edp.2014&hellip;<\/p>\n<p> <a class=\"more-link\" href=\"https:\/\/www.kondicnipriprava.cz\/en\/tereza-karlecova\/\">Read more<\/a><\/p>","protected":false},"author":1,"featured_media":0,"parent":0,"menu_order":0,"comment_status":"closed","ping_status":"closed","template":"","meta":{"footnotes":""},"class_list":["post-13149","page","type-page","status-publish"],"yoast_head":"<!-- This site is optimized with the Yoast SEO plugin v24.2 - https:\/\/yoast.com\/wordpress\/plugins\/seo\/ -->\n<title>Tereza Karlecov\u00e1 - kondicnipriprava.cz<\/title>\n<meta name=\"robots\" content=\"index, follow, max-snippet:-1, max-image-preview:large, max-video-preview:-1\" \/>\n<link rel=\"canonical\" href=\"https:\/\/www.kondicnipriprava.cz\/en\/tereza-karlecova\/\" \/>\n<meta property=\"og:locale\" content=\"en_US\" \/>\n<meta property=\"og:type\" content=\"article\" \/>\n<meta property=\"og:title\" content=\"Tereza Karlecov\u00e1 - kondicnipriprava.cz\" \/>\n<meta property=\"og:description\" content=\"KARLECOV\u00c1 TEREZA Ledn\u00ed hokej Reprezenta\u010dn\u00ed kari\u00e9ra:2011 \u2013 2012 Reprezentace \u017eeny 15 \u2013 p\u0159\u00edp.2012 \u2013 2013 Reprezentace \u017eeny 15 \u2013 p\u0159\u00edp.2014&hellip;  Read more\" \/>\n<meta property=\"og:url\" content=\"https:\/\/www.kondicnipriprava.cz\/en\/tereza-karlecova\/\" \/>\n<meta property=\"og:site_name\" content=\"kondicnipriprava.cz\" \/>\n<meta property=\"article:modified_time\" content=\"2022-05-26T13:59:32+00:00\" \/>\n<meta property=\"og:image\" content=\"https:\/\/www.summusvita.cz\/wp-content\/uploads\/2018\/11\/30.jpg\" \/>\n<meta name=\"twitter:card\" content=\"summary_large_image\" \/>\n<meta name=\"twitter:label1\" content=\"Est. reading time\" \/>\n\t<meta name=\"twitter:data1\" content=\"1 minute\" \/>\n<script type=\"application\/ld+json\" class=\"yoast-schema-graph\">{\"@context\":\"https:\/\/schema.org\",\"@graph\":[{\"@type\":\"WebPage\",\"@id\":\"https:\/\/www.kondicnipriprava.cz\/tereza-karlecova\/\",\"url\":\"https:\/\/www.kondicnipriprava.cz\/tereza-karlecova\/\",\"name\":\"Tereza Karlecov\u00e1 - kondicnipriprava.cz\",\"isPartOf\":{\"@id\":\"https:\/\/www.kondicnipriprava.cz\/#website\"},\"primaryImageOfPage\":{\"@id\":\"https:\/\/www.kondicnipriprava.cz\/tereza-karlecova\/#primaryimage\"},\"image\":{\"@id\":\"https:\/\/www.kondicnipriprava.cz\/tereza-karlecova\/#primaryimage\"},\"thumbnailUrl\":\"https:\/\/www.summusvita.cz\/wp-content\/uploads\/2018\/11\/30.jpg\",\"datePublished\":\"2022-05-26T13:58:49+00:00\",\"dateModified\":\"2022-05-26T13:59:32+00:00\",\"breadcrumb\":{\"@id\":\"https:\/\/www.kondicnipriprava.cz\/tereza-karlecova\/#breadcrumb\"},\"inLanguage\":\"en-US\",\"potentialAction\":[{\"@type\":\"ReadAction\",\"target\":[\"https:\/\/www.kondicnipriprava.cz\/tereza-karlecova\/\"]}]},{\"@type\":\"ImageObject\",\"inLanguage\":\"en-US\",\"@id\":\"https:\/\/www.kondicnipriprava.cz\/tereza-karlecova\/#primaryimage\",\"url\":\"https:\/\/www.summusvita.cz\/wp-content\/uploads\/2018\/11\/30.jpg\",\"contentUrl\":\"https:\/\/www.summusvita.cz\/wp-content\/uploads\/2018\/11\/30.jpg\"},{\"@type\":\"BreadcrumbList\",\"@id\":\"https:\/\/www.kondicnipriprava.cz\/tereza-karlecova\/#breadcrumb\",\"itemListElement\":[{\"@type\":\"ListItem\",\"position\":1,\"name\":\"Dom\u016f\",\"item\":\"https:\/\/www.kondicnipriprava.cz\/\"},{\"@type\":\"ListItem\",\"position\":2,\"name\":\"Tereza Karlecov\u00e1\"}]},{\"@type\":\"WebSite\",\"@id\":\"https:\/\/www.kondicnipriprava.cz\/#website\",\"url\":\"https:\/\/www.kondicnipriprava.cz\/\",\"name\":\"kondicnipriprava.cz\",\"description\":\"Kondi\u010dn\u00ed p\u0159\u00edprava pro vrcholov\u00e9 sportovce\",\"publisher\":{\"@id\":\"https:\/\/www.kondicnipriprava.cz\/#organization\"},\"potentialAction\":[{\"@type\":\"SearchAction\",\"target\":{\"@type\":\"EntryPoint\",\"urlTemplate\":\"https:\/\/www.kondicnipriprava.cz\/?s={search_term_string}\"},\"query-input\":{\"@type\":\"PropertyValueSpecification\",\"valueRequired\":true,\"valueName\":\"search_term_string\"}}],\"inLanguage\":\"en-US\"},{\"@type\":\"Organization\",\"@id\":\"https:\/\/www.kondicnipriprava.cz\/#organization\",\"name\":\"kondicnipriprava.cz\",\"url\":\"https:\/\/www.kondicnipriprava.cz\/\",\"logo\":{\"@type\":\"ImageObject\",\"inLanguage\":\"en-US\",\"@id\":\"https:\/\/www.kondicnipriprava.cz\/#\/schema\/logo\/image\/\",\"url\":\"https:\/\/www.kondicnipriprava.cz\/wp-content\/uploads\/2020\/03\/cropped-ft-logo-web-elementor.jpg\",\"contentUrl\":\"https:\/\/www.kondicnipriprava.cz\/wp-content\/uploads\/2020\/03\/cropped-ft-logo-web-elementor.jpg\",\"width\":305,\"height\":100,\"caption\":\"kondicnipriprava.cz\"},\"image\":{\"@id\":\"https:\/\/www.kondicnipriprava.cz\/#\/schema\/logo\/image\/\"}}]}<\/script>\n<!-- \/ Yoast SEO plugin. -->","yoast_head_json":{"title":"Tereza Karlecov\u00e1 - kondicnipriprava.cz","robots":{"index":"index","follow":"follow","max-snippet":"max-snippet:-1","max-image-preview":"max-image-preview:large","max-video-preview":"max-video-preview:-1"},"canonical":"https:\/\/www.kondicnipriprava.cz\/en\/tereza-karlecova\/","og_locale":"en_US","og_type":"article","og_title":"Tereza Karlecov\u00e1 - kondicnipriprava.cz","og_description":"KARLECOV\u00c1 TEREZA Ledn\u00ed hokej Reprezenta\u010dn\u00ed kari\u00e9ra:2011 \u2013 2012 Reprezentace \u017eeny 15 \u2013 p\u0159\u00edp.2012 \u2013 2013 Reprezentace \u017eeny 15 \u2013 p\u0159\u00edp.2014&hellip;  Read more","og_url":"https:\/\/www.kondicnipriprava.cz\/en\/tereza-karlecova\/","og_site_name":"kondicnipriprava.cz","article_modified_time":"2022-05-26T13:59:32+00:00","og_image":[{"url":"https:\/\/www.summusvita.cz\/wp-content\/uploads\/2018\/11\/30.jpg","type":"","width":"","height":""}],"twitter_card":"summary_large_image","twitter_misc":{"Est. reading time":"1 minute"},"schema":{"@context":"https:\/\/schema.org","@graph":[{"@type":"WebPage","@id":"https:\/\/www.kondicnipriprava.cz\/tereza-karlecova\/","url":"https:\/\/www.kondicnipriprava.cz\/tereza-karlecova\/","name":"Tereza Karlecov\u00e1 - kondicnipriprava.cz","isPartOf":{"@id":"https:\/\/www.kondicnipriprava.cz\/#website"},"primaryImageOfPage":{"@id":"https:\/\/www.kondicnipriprava.cz\/tereza-karlecova\/#primaryimage"},"image":{"@id":"https:\/\/www.kondicnipriprava.cz\/tereza-karlecova\/#primaryimage"},"thumbnailUrl":"https:\/\/www.summusvita.cz\/wp-content\/uploads\/2018\/11\/30.jpg","datePublished":"2022-05-26T13:58:49+00:00","dateModified":"2022-05-26T13:59:32+00:00","breadcrumb":{"@id":"https:\/\/www.kondicnipriprava.cz\/tereza-karlecova\/#breadcrumb"},"inLanguage":"en-US","potentialAction":[{"@type":"ReadAction","target":["https:\/\/www.kondicnipriprava.cz\/tereza-karlecova\/"]}]},{"@type":"ImageObject","inLanguage":"en-US","@id":"https:\/\/www.kondicnipriprava.cz\/tereza-karlecova\/#primaryimage","url":"https:\/\/www.summusvita.cz\/wp-content\/uploads\/2018\/11\/30.jpg","contentUrl":"https:\/\/www.summusvita.cz\/wp-content\/uploads\/2018\/11\/30.jpg"},{"@type":"BreadcrumbList","@id":"https:\/\/www.kondicnipriprava.cz\/tereza-karlecova\/#breadcrumb","itemListElement":[{"@type":"ListItem","position":1,"name":"Dom\u016f","item":"https:\/\/www.kondicnipriprava.cz\/"},{"@type":"ListItem","position":2,"name":"Tereza Karlecov\u00e1"}]},{"@type":"WebSite","@id":"https:\/\/www.kondicnipriprava.cz\/#website","url":"https:\/\/www.kondicnipriprava.cz\/","name":"kondicnipriprava.cz","description":"Kondi\u010dn\u00ed p\u0159\u00edprava pro vrcholov\u00e9 sportovce","publisher":{"@id":"https:\/\/www.kondicnipriprava.cz\/#organization"},"potentialAction":[{"@type":"SearchAction","target":{"@type":"EntryPoint","urlTemplate":"https:\/\/www.kondicnipriprava.cz\/?s={search_term_string}"},"query-input":{"@type":"PropertyValueSpecification","valueRequired":true,"valueName":"search_term_string"}}],"inLanguage":"en-US"},{"@type":"Organization","@id":"https:\/\/www.kondicnipriprava.cz\/#organization","name":"kondicnipriprava.cz","url":"https:\/\/www.kondicnipriprava.cz\/","logo":{"@type":"ImageObject","inLanguage":"en-US","@id":"https:\/\/www.kondicnipriprava.cz\/#\/schema\/logo\/image\/","url":"https:\/\/www.kondicnipriprava.cz\/wp-content\/uploads\/2020\/03\/cropped-ft-logo-web-elementor.jpg","contentUrl":"https:\/\/www.kondicnipriprava.cz\/wp-content\/uploads\/2020\/03\/cropped-ft-logo-web-elementor.jpg","width":305,"height":100,"caption":"kondicnipriprava.cz"},"image":{"@id":"https:\/\/www.kondicnipriprava.cz\/#\/schema\/logo\/image\/"}}]}},"_links":{"self":[{"href":"https:\/\/www.kondicnipriprava.cz\/en\/wp-json\/wp\/v2\/pages\/13149","targetHints":{"allow":["GET"]}}],"collection":[{"href":"https:\/\/www.kondicnipriprava.cz\/en\/wp-json\/wp\/v2\/pages"}],"about":[{"href":"https:\/\/www.kondicnipriprava.cz\/en\/wp-json\/wp\/v2\/types\/page"}],"author":[{"embeddable":true,"href":"https:\/\/www.kondicnipriprava.cz\/en\/wp-json\/wp\/v2\/users\/1"}],"replies":[{"embeddable":true,"href":"https:\/\/www.kondicnipriprava.cz\/en\/wp-json\/wp\/v2\/comments?post=13149"}],"version-history":[{"count":0,"href":"https:\/\/www.kondicnipriprava.cz\/en\/wp-json\/wp\/v2\/pages\/13149\/revisions"}],"wp:attachment":[{"href":"https:\/\/www.kondicnipriprava.cz\/en\/wp-json\/wp\/v2\/media?parent=13149"}],"curies":[{"name":"wp","href":"https:\/\/api.w.org\/{rel}","templated":true}]}}