{"id":13136,"date":"2022-05-26T13:02:25","date_gmt":"2022-05-26T13:02:25","guid":{"rendered":"https:\/\/www.kondicnipriprava.cz\/?page_id=13136"},"modified":"2022-05-26T13:54:22","modified_gmt":"2022-05-26T13:54:22","slug":"matyas-zieris","status":"publish","type":"page","link":"https:\/\/www.kondicnipriprava.cz\/en\/matyas-zieris\/","title":{"rendered":"Maty\u00e1\u0161 Zieris"},"content":{"rendered":"<div data-elementor-type=\"wp-page\" data-elementor-id=\"13136\" class=\"elementor elementor-13136\">\n\t\t\t\t\t\t<div class=\"elementor-inner\">\n\t\t\t\t<div class=\"elementor-section-wrap\">\n\t\t\t\t\t\t\t\t\t<section class=\"elementor-section elementor-top-section elementor-element elementor-element-bf548e0 elementor-section-boxed elementor-section-height-default elementor-section-height-default\" data-id=\"bf548e0\" data-element_type=\"section\">\n\t\t\t\t\t\t<div class=\"elementor-container elementor-column-gap-default\">\n\t\t\t\t\t\t\t<div class=\"elementor-row\">\n\t\t\t\t\t<div class=\"elementor-column elementor-col-100 elementor-top-column elementor-element elementor-element-fe99835\" data-id=\"fe99835\" data-element_type=\"column\">\n\t\t\t<div class=\"elementor-column-wrap elementor-element-populated\">\n\t\t\t\t\t\t\t<div class=\"elementor-widget-wrap\">\n\t\t\t\t\t\t<div class=\"elementor-element elementor-element-fcb3655 elementor-widget elementor-widget-text-editor\" data-id=\"fcb3655\" data-element_type=\"widget\" data-widget_type=\"text-editor.default\">\n\t\t\t\t<div class=\"elementor-widget-container\">\n\t\t\t\t\t\t\t\t<div class=\"elementor-text-editor elementor-clearfix\">\n\t\t\t\t<h2><span style=\"color: #000000;\">MATY\u00c1\u0160 ZIERIS<\/span><\/h2><p><span style=\"color: #000000;\"><strong>Kajak\u00e1\u0159 na divok\u00e9 vod\u011b<img loading=\"lazy\" decoding=\"async\" class=\"alignright wp-image-59 size-medium\" src=\"https:\/\/www.summusvita.cz\/wp-content\/uploads\/2018\/11\/DSC_7324-300x200.jpg\" sizes=\"auto, (max-width: 300px) 100vw, 300px\" srcset=\"https:\/\/www.summusvita.cz\/wp-content\/uploads\/2018\/11\/DSC_7324-300x200.jpg 300w, https:\/\/www.summusvita.cz\/wp-content\/uploads\/2018\/11\/DSC_7324-768x511.jpg 768w, https:\/\/www.summusvita.cz\/wp-content\/uploads\/2018\/11\/DSC_7324-750x500.jpg 750w, https:\/\/www.summusvita.cz\/wp-content\/uploads\/2018\/11\/DSC_7324.jpg 800w\" alt=\"\" width=\"300\" height=\"200\" \/><\/strong><\/span><\/p><ul><li><span style=\"color: #000000;\">\u010clen odd\u00edlu Bohemians Praha ( odchovanec TJ LOKO TRUTNOV)<\/span><\/li><li><span style=\"color: #000000;\">Student Univerzity Karlovy<\/span><\/li><li><span style=\"color: #000000;\">Reprezentant \u010desk\u00e9 republiky do 23 let ve Sjezdu na divok\u00e9 vod\u011b<\/span><\/li><li><span style=\"color: #000000;\">Reprezentant \u010desk\u00e9 republiky dosp\u011bl\u00fdch ve Sjezdu na divok\u00e9 vod\u011b<\/span><\/li><li><span style=\"color: #000000;\">Dr\u017eitel prvn\u00ed v\u00fdkonnostn\u00ed t\u0159\u00eddy<\/span><\/li><li><span style=\"color: #000000;\">Dvojn\u00e1sobn\u00fd vicemistr Sv\u011bta z leto\u0161n\u00edho roku<\/span><\/li><\/ul><p><span style=\"color: #000000;\"><strong>\u00dasp\u011bchy z p\u0159edchoz\u00edch let<\/strong><\/span><\/p><ul><li><span style=\"color: #000000;\">Sportovec roku m\u011bsta Trutnov do 18-ti let \u2013 2013<\/span><\/li><li><span style=\"color: #000000;\">2x 3. m\u00edsto Mistrovstv\u00ed Sv\u011bta junior\u016f Opava 2011<\/span><\/li><li><span style=\"color: #000000;\">2x 2. m\u00edsto Mistrovstv\u00ed Sv\u011bta junior\u016f Lofer, Rakousko 2014<\/span><\/li><li><span style=\"color: #000000;\">6-ti n\u00e1sobn\u00fd Mistr \u010desk\u00e9 republiky ve Sjezdu na divok\u00e9 vod\u011b<\/span><\/li><\/ul><p><span style=\"color: #000000;\"><strong>Sez\u00f3na 2015<\/strong><\/span><\/p><ul><li><span style=\"color: #000000;\">\u00da\u010dast na Mistrovstv\u00ed Evropy dosp\u011bl\u00fdch v Bosn\u011b a Hercegovin\u011b (16. m\u00edsto)<\/span><\/li><li><span style=\"color: #000000;\">\u00da\u010dast na Mistrovstv\u00ed Sv\u011bta do 23 let v USA (13.,10, \u2013 indi., 2x bronz dru\u017estva)<\/span><\/li><li><span style=\"color: #000000;\">4. celkov\u00e9 m\u00edsto v \u010cesk\u00e9m poh\u00e1ru dosp\u011bl\u00fdch ve sjezdu na divok\u00e9 vod\u011b 2015<\/span><\/li><li><span style=\"color: #000000;\">1.m\u00edsto v \u010cR do 23 let \u2013 dlouh\u00fd sjezd<\/span><\/li><li><span style=\"color: #000000;\">\u00da\u010dast na Redbull Dolomitenmannu<\/span><\/li><li><span style=\"color: #000000;\">4.m\u00edsto na Avoca Beach club OCEAN RACES \u2013 Sydney Austr\u00e1lie<\/span><\/li><li><span style=\"color: #000000;\">2\u00d73. m\u00edsto Mistrovstv\u00ed \u010desk\u00e9 republiky dosp\u011bl\u00fdch ve sjezdu na divok\u00e9 vod\u011b<\/span><\/li><li><span style=\"color: #000000;\">10. m\u00edsto Sv\u011btov\u00fd poh\u00e1r<\/span><\/li><\/ul><p><span style=\"color: #000000;\"><strong>Dal\u0161\u00ed z\u00e1vody sez\u00f3ny 2015<\/strong><\/span><\/p><ul><li><span style=\"color: #000000;\">Harga\u0161ov Memori\u00e1l 2015 (4 denn\u00ed etapov\u00fd z\u00e1vod na Dunaji)<\/span><\/li><li><span style=\"color: #000000;\">Free Litovel Bobr Cup \u2013 Mistrovstv\u00ed \u010desk\u00e9 republiky extr\u00e9mn\u00edch \u0161tafet<\/span><\/li><li><span style=\"color: #000000;\">European river marathon serie \u2013 Krumlovsk\u00fd maraton, Verona maraton, Marathon de l\u2018ard\u00e9che<\/span><\/li><\/ul><p><span style=\"color: #000000;\">Trutnov\u0161t\u00ed kajak\u00e1\u0159i uzav\u0159eli sezonu na maratonu ve Francii.<\/span><span style=\"color: #ff0000;\">\u00a0<a style=\"color: #ff0000;\" href=\"http:\/\/trutnovinky.cz\/sport\/ostatni-sporty\/2015\/listopad\/trutnovsti-kajakari-uzavreli-sezonu-na-maratonu-ve-francii\/\" target=\"_blank\" rel=\"noopener\">http:\/\/trutnovinky.cz\/sport\/ostatni-sporty\/2015\/listopad\/trutnovsti-kajakari-uzavreli-sezonu-na-maratonu-ve-francii\/<\/a><\/span><\/p>\t\t\t\t\t<\/div>\n\t\t\t\t\t\t<\/div>\n\t\t\t\t<\/div>\n\t\t\t\t\t\t<\/div>\n\t\t\t\t\t<\/div>\n\t\t<\/div>\n\t\t\t\t\t\t\t\t<\/div>\n\t\t\t\t\t<\/div>\n\t\t<\/section>\n\t\t\t\t\t\t\t\t\t<\/div>\n\t\t\t<\/div>\n\t\t\t\t\t<\/div>","protected":false},"excerpt":{"rendered":"<p>MATY\u00c1\u0160 ZIERIS Kajak\u00e1\u0159 na divok\u00e9 vod\u011b \u010clen odd\u00edlu Bohemians Praha ( odchovanec TJ LOKO TRUTNOV) Student Univerzity Karlovy Reprezentant \u010desk\u00e9&hellip;<\/p>\n<p> <a class=\"more-link\" href=\"https:\/\/www.kondicnipriprava.cz\/en\/matyas-zieris\/\">Read more<\/a><\/p>","protected":false},"author":1,"featured_media":0,"parent":0,"menu_order":0,"comment_status":"closed","ping_status":"closed","template":"","meta":{"footnotes":""},"class_list":["post-13136","page","type-page","status-publish"],"yoast_head":"<!-- This site is optimized with the Yoast SEO plugin v24.2 - https:\/\/yoast.com\/wordpress\/plugins\/seo\/ -->\n<title>Maty\u00e1\u0161 Zieris - kondicnipriprava.cz<\/title>\n<meta name=\"robots\" content=\"index, follow, max-snippet:-1, max-image-preview:large, max-video-preview:-1\" \/>\n<link rel=\"canonical\" href=\"https:\/\/www.kondicnipriprava.cz\/en\/matyas-zieris\/\" \/>\n<meta property=\"og:locale\" content=\"en_US\" \/>\n<meta property=\"og:type\" content=\"article\" \/>\n<meta property=\"og:title\" content=\"Maty\u00e1\u0161 Zieris - kondicnipriprava.cz\" \/>\n<meta property=\"og:description\" content=\"MATY\u00c1\u0160 ZIERIS Kajak\u00e1\u0159 na divok\u00e9 vod\u011b \u010clen odd\u00edlu Bohemians Praha ( odchovanec TJ LOKO TRUTNOV) Student Univerzity Karlovy Reprezentant \u010desk\u00e9&hellip;  Read more\" \/>\n<meta property=\"og:url\" content=\"https:\/\/www.kondicnipriprava.cz\/en\/matyas-zieris\/\" \/>\n<meta property=\"og:site_name\" content=\"kondicnipriprava.cz\" \/>\n<meta property=\"article:modified_time\" content=\"2022-05-26T13:54:22+00:00\" \/>\n<meta property=\"og:image\" content=\"https:\/\/www.summusvita.cz\/wp-content\/uploads\/2018\/11\/DSC_7324-300x200.jpg\" \/>\n<meta name=\"twitter:card\" content=\"summary_large_image\" \/>\n<meta name=\"twitter:label1\" content=\"Est. reading time\" \/>\n\t<meta name=\"twitter:data1\" content=\"2 minutes\" \/>\n<script type=\"application\/ld+json\" class=\"yoast-schema-graph\">{\"@context\":\"https:\/\/schema.org\",\"@graph\":[{\"@type\":\"WebPage\",\"@id\":\"https:\/\/www.kondicnipriprava.cz\/matyas-zieris\/\",\"url\":\"https:\/\/www.kondicnipriprava.cz\/matyas-zieris\/\",\"name\":\"Maty\u00e1\u0161 Zieris - kondicnipriprava.cz\",\"isPartOf\":{\"@id\":\"https:\/\/www.kondicnipriprava.cz\/#website\"},\"primaryImageOfPage\":{\"@id\":\"https:\/\/www.kondicnipriprava.cz\/matyas-zieris\/#primaryimage\"},\"image\":{\"@id\":\"https:\/\/www.kondicnipriprava.cz\/matyas-zieris\/#primaryimage\"},\"thumbnailUrl\":\"https:\/\/www.summusvita.cz\/wp-content\/uploads\/2018\/11\/DSC_7324-300x200.jpg\",\"datePublished\":\"2022-05-26T13:02:25+00:00\",\"dateModified\":\"2022-05-26T13:54:22+00:00\",\"breadcrumb\":{\"@id\":\"https:\/\/www.kondicnipriprava.cz\/matyas-zieris\/#breadcrumb\"},\"inLanguage\":\"en-US\",\"potentialAction\":[{\"@type\":\"ReadAction\",\"target\":[\"https:\/\/www.kondicnipriprava.cz\/matyas-zieris\/\"]}]},{\"@type\":\"ImageObject\",\"inLanguage\":\"en-US\",\"@id\":\"https:\/\/www.kondicnipriprava.cz\/matyas-zieris\/#primaryimage\",\"url\":\"https:\/\/www.summusvita.cz\/wp-content\/uploads\/2018\/11\/DSC_7324-300x200.jpg\",\"contentUrl\":\"https:\/\/www.summusvita.cz\/wp-content\/uploads\/2018\/11\/DSC_7324-300x200.jpg\"},{\"@type\":\"BreadcrumbList\",\"@id\":\"https:\/\/www.kondicnipriprava.cz\/matyas-zieris\/#breadcrumb\",\"itemListElement\":[{\"@type\":\"ListItem\",\"position\":1,\"name\":\"Dom\u016f\",\"item\":\"https:\/\/www.kondicnipriprava.cz\/\"},{\"@type\":\"ListItem\",\"position\":2,\"name\":\"Maty\u00e1\u0161 Zieris\"}]},{\"@type\":\"WebSite\",\"@id\":\"https:\/\/www.kondicnipriprava.cz\/#website\",\"url\":\"https:\/\/www.kondicnipriprava.cz\/\",\"name\":\"kondicnipriprava.cz\",\"description\":\"Kondi\u010dn\u00ed p\u0159\u00edprava pro vrcholov\u00e9 sportovce\",\"publisher\":{\"@id\":\"https:\/\/www.kondicnipriprava.cz\/#organization\"},\"potentialAction\":[{\"@type\":\"SearchAction\",\"target\":{\"@type\":\"EntryPoint\",\"urlTemplate\":\"https:\/\/www.kondicnipriprava.cz\/?s={search_term_string}\"},\"query-input\":{\"@type\":\"PropertyValueSpecification\",\"valueRequired\":true,\"valueName\":\"search_term_string\"}}],\"inLanguage\":\"en-US\"},{\"@type\":\"Organization\",\"@id\":\"https:\/\/www.kondicnipriprava.cz\/#organization\",\"name\":\"kondicnipriprava.cz\",\"url\":\"https:\/\/www.kondicnipriprava.cz\/\",\"logo\":{\"@type\":\"ImageObject\",\"inLanguage\":\"en-US\",\"@id\":\"https:\/\/www.kondicnipriprava.cz\/#\/schema\/logo\/image\/\",\"url\":\"https:\/\/www.kondicnipriprava.cz\/wp-content\/uploads\/2020\/03\/cropped-ft-logo-web-elementor.jpg\",\"contentUrl\":\"https:\/\/www.kondicnipriprava.cz\/wp-content\/uploads\/2020\/03\/cropped-ft-logo-web-elementor.jpg\",\"width\":305,\"height\":100,\"caption\":\"kondicnipriprava.cz\"},\"image\":{\"@id\":\"https:\/\/www.kondicnipriprava.cz\/#\/schema\/logo\/image\/\"}}]}<\/script>\n<!-- \/ Yoast SEO plugin. -->","yoast_head_json":{"title":"Maty\u00e1\u0161 Zieris - kondicnipriprava.cz","robots":{"index":"index","follow":"follow","max-snippet":"max-snippet:-1","max-image-preview":"max-image-preview:large","max-video-preview":"max-video-preview:-1"},"canonical":"https:\/\/www.kondicnipriprava.cz\/en\/matyas-zieris\/","og_locale":"en_US","og_type":"article","og_title":"Maty\u00e1\u0161 Zieris - kondicnipriprava.cz","og_description":"MATY\u00c1\u0160 ZIERIS Kajak\u00e1\u0159 na divok\u00e9 vod\u011b \u010clen odd\u00edlu Bohemians Praha ( odchovanec TJ LOKO TRUTNOV) Student Univerzity Karlovy Reprezentant \u010desk\u00e9&hellip;  Read more","og_url":"https:\/\/www.kondicnipriprava.cz\/en\/matyas-zieris\/","og_site_name":"kondicnipriprava.cz","article_modified_time":"2022-05-26T13:54:22+00:00","og_image":[{"url":"https:\/\/www.summusvita.cz\/wp-content\/uploads\/2018\/11\/DSC_7324-300x200.jpg","type":"","width":"","height":""}],"twitter_card":"summary_large_image","twitter_misc":{"Est. reading time":"2 minutes"},"schema":{"@context":"https:\/\/schema.org","@graph":[{"@type":"WebPage","@id":"https:\/\/www.kondicnipriprava.cz\/matyas-zieris\/","url":"https:\/\/www.kondicnipriprava.cz\/matyas-zieris\/","name":"Maty\u00e1\u0161 Zieris - kondicnipriprava.cz","isPartOf":{"@id":"https:\/\/www.kondicnipriprava.cz\/#website"},"primaryImageOfPage":{"@id":"https:\/\/www.kondicnipriprava.cz\/matyas-zieris\/#primaryimage"},"image":{"@id":"https:\/\/www.kondicnipriprava.cz\/matyas-zieris\/#primaryimage"},"thumbnailUrl":"https:\/\/www.summusvita.cz\/wp-content\/uploads\/2018\/11\/DSC_7324-300x200.jpg","datePublished":"2022-05-26T13:02:25+00:00","dateModified":"2022-05-26T13:54:22+00:00","breadcrumb":{"@id":"https:\/\/www.kondicnipriprava.cz\/matyas-zieris\/#breadcrumb"},"inLanguage":"en-US","potentialAction":[{"@type":"ReadAction","target":["https:\/\/www.kondicnipriprava.cz\/matyas-zieris\/"]}]},{"@type":"ImageObject","inLanguage":"en-US","@id":"https:\/\/www.kondicnipriprava.cz\/matyas-zieris\/#primaryimage","url":"https:\/\/www.summusvita.cz\/wp-content\/uploads\/2018\/11\/DSC_7324-300x200.jpg","contentUrl":"https:\/\/www.summusvita.cz\/wp-content\/uploads\/2018\/11\/DSC_7324-300x200.jpg"},{"@type":"BreadcrumbList","@id":"https:\/\/www.kondicnipriprava.cz\/matyas-zieris\/#breadcrumb","itemListElement":[{"@type":"ListItem","position":1,"name":"Dom\u016f","item":"https:\/\/www.kondicnipriprava.cz\/"},{"@type":"ListItem","position":2,"name":"Maty\u00e1\u0161 Zieris"}]},{"@type":"WebSite","@id":"https:\/\/www.kondicnipriprava.cz\/#website","url":"https:\/\/www.kondicnipriprava.cz\/","name":"kondicnipriprava.cz","description":"Kondi\u010dn\u00ed p\u0159\u00edprava pro vrcholov\u00e9 sportovce","publisher":{"@id":"https:\/\/www.kondicnipriprava.cz\/#organization"},"potentialAction":[{"@type":"SearchAction","target":{"@type":"EntryPoint","urlTemplate":"https:\/\/www.kondicnipriprava.cz\/?s={search_term_string}"},"query-input":{"@type":"PropertyValueSpecification","valueRequired":true,"valueName":"search_term_string"}}],"inLanguage":"en-US"},{"@type":"Organization","@id":"https:\/\/www.kondicnipriprava.cz\/#organization","name":"kondicnipriprava.cz","url":"https:\/\/www.kondicnipriprava.cz\/","logo":{"@type":"ImageObject","inLanguage":"en-US","@id":"https:\/\/www.kondicnipriprava.cz\/#\/schema\/logo\/image\/","url":"https:\/\/www.kondicnipriprava.cz\/wp-content\/uploads\/2020\/03\/cropped-ft-logo-web-elementor.jpg","contentUrl":"https:\/\/www.kondicnipriprava.cz\/wp-content\/uploads\/2020\/03\/cropped-ft-logo-web-elementor.jpg","width":305,"height":100,"caption":"kondicnipriprava.cz"},"image":{"@id":"https:\/\/www.kondicnipriprava.cz\/#\/schema\/logo\/image\/"}}]}},"_links":{"self":[{"href":"https:\/\/www.kondicnipriprava.cz\/en\/wp-json\/wp\/v2\/pages\/13136","targetHints":{"allow":["GET"]}}],"collection":[{"href":"https:\/\/www.kondicnipriprava.cz\/en\/wp-json\/wp\/v2\/pages"}],"about":[{"href":"https:\/\/www.kondicnipriprava.cz\/en\/wp-json\/wp\/v2\/types\/page"}],"author":[{"embeddable":true,"href":"https:\/\/www.kondicnipriprava.cz\/en\/wp-json\/wp\/v2\/users\/1"}],"replies":[{"embeddable":true,"href":"https:\/\/www.kondicnipriprava.cz\/en\/wp-json\/wp\/v2\/comments?post=13136"}],"version-history":[{"count":0,"href":"https:\/\/www.kondicnipriprava.cz\/en\/wp-json\/wp\/v2\/pages\/13136\/revisions"}],"wp:attachment":[{"href":"https:\/\/www.kondicnipriprava.cz\/en\/wp-json\/wp\/v2\/media?parent=13136"}],"curies":[{"name":"wp","href":"https:\/\/api.w.org\/{rel}","templated":true}]}}