{"id":13131,"date":"2022-05-26T12:51:27","date_gmt":"2022-05-26T12:51:27","guid":{"rendered":"https:\/\/www.kondicnipriprava.cz\/?page_id=13131"},"modified":"2022-05-26T12:58:11","modified_gmt":"2022-05-26T12:58:11","slug":"ales-kisy","status":"publish","type":"page","link":"https:\/\/www.kondicnipriprava.cz\/en\/ales-kisy\/","title":{"rendered":"Ale\u0161 Kis\u00fd"},"content":{"rendered":"<div data-elementor-type=\"wp-page\" data-elementor-id=\"13131\" class=\"elementor elementor-13131\">\n\t\t\t\t\t\t<div class=\"elementor-inner\">\n\t\t\t\t<div class=\"elementor-section-wrap\">\n\t\t\t\t\t\t\t\t\t<section class=\"elementor-section elementor-top-section elementor-element elementor-element-c5bb5c7 elementor-section-boxed elementor-section-height-default elementor-section-height-default\" data-id=\"c5bb5c7\" data-element_type=\"section\">\n\t\t\t\t\t\t<div class=\"elementor-container elementor-column-gap-default\">\n\t\t\t\t\t\t\t<div class=\"elementor-row\">\n\t\t\t\t\t<div class=\"elementor-column elementor-col-100 elementor-top-column elementor-element elementor-element-26981fb\" data-id=\"26981fb\" data-element_type=\"column\">\n\t\t\t<div class=\"elementor-column-wrap elementor-element-populated\">\n\t\t\t\t\t\t\t<div class=\"elementor-widget-wrap\">\n\t\t\t\t\t\t<div class=\"elementor-element elementor-element-93bbee6 elementor-widget elementor-widget-text-editor\" data-id=\"93bbee6\" data-element_type=\"widget\" data-widget_type=\"text-editor.default\">\n\t\t\t\t<div class=\"elementor-widget-container\">\n\t\t\t\t\t\t\t\t<div class=\"elementor-text-editor elementor-clearfix\">\n\t\t\t\t<h2><span style=\"color: #000000;\">ALE\u0160 KIS\u00dd<\/span><\/h2><p><span style=\"color: #000000;\"><img loading=\"lazy\" decoding=\"async\" class=\"alignright wp-image-64 size-medium\" src=\"https:\/\/www.summusvita.cz\/wp-content\/uploads\/2018\/11\/ales-300x300.jpg\" sizes=\"auto, (max-width: 300px) 100vw, 300px\" srcset=\"https:\/\/www.summusvita.cz\/wp-content\/uploads\/2018\/11\/ales-300x300.jpg 300w, https:\/\/www.summusvita.cz\/wp-content\/uploads\/2018\/11\/ales-150x150.jpg 150w, https:\/\/www.summusvita.cz\/wp-content\/uploads\/2018\/11\/ales-250x250.jpg 250w, https:\/\/www.summusvita.cz\/wp-content\/uploads\/2018\/11\/ales-174x174.jpg 174w, https:\/\/www.summusvita.cz\/wp-content\/uploads\/2018\/11\/ales.jpg 387w\" alt=\"\" width=\"300\" height=\"300\" \/><\/span><\/p><p><span style=\"color: #000000;\"><strong>Reprezentant \u010cR v rugby,\u00a0reprezentant \u010cR v atletice voz\u00ed\u010dk\u00e1\u0159\u016f<\/strong><\/span><\/p><ul><li><span style=\"color: #000000;\">mistr \u010cR v kategorii F53 \u2013 o\u0161t\u011bp, disk<\/span><\/li><li><span style=\"color: #000000;\">\u00fa\u010dast na letn\u00edch Paralympijsk\u00fdch hr\u00e1ch Lond\u00fdn, UK 4. m\u00edsto \u2013 koule, 2012<\/span><\/li><li><span style=\"color: #000000;\">\u00fa\u010dast na letn\u00edch Paralympijsk\u00fdch hr\u00e1ch Peking, \u010c\u00edna 4. m\u00edsto \u2013 koule, 2008<\/span><\/li><li><span style=\"color: #000000;\">\u00fa\u010dast na letn\u00edch Paralympijsk\u00fdch hr\u00e1ch v At\u00e9n\u00e1ch, \u0158ecko, 2004 6. m\u00edsto \u2013 koule, 9. m\u00edsto \u2013 disk<\/span><\/li><li><span style=\"color: #000000;\">\u00fa\u010dast na letn\u00edch Paralympijsk\u00fdch hr\u00e1ch v Rio de Janeiro, Braz\u00edlie &#8211; 5. m\u00edsto &#8211; koule<\/span><\/li><\/ul><p><span style=\"color: #000000;\"><strong>Medaile Ale\u0161e Kis\u00e9ho<\/strong><\/span><\/p><ul><li><span style=\"color: #000000;\">2003 st\u0159\u00edbro \u2013 koule, ME Assen (Nizozemsko)<\/span><\/li><li><span style=\"color: #000000;\">2005 st\u0159\u00edbro \u2013 o\u0161t\u011bp, ME Espoo (Finsko)<\/span><\/li><li><span style=\"color: #000000;\">2011 bronz \u2013 koule, MS Christuchurch (Nov\u00fd Z\u00e9land)<\/span><\/li><li><span style=\"color: #000000;\">2015 bronz \u2013 koule, MS Doha (Katar)<\/span><\/li><li><span style=\"color: #000000;\">2016 st\u0159\u00edbro &#8211; koule, ME Grosseto, It\u00e1lie<\/span><\/li><\/ul><p><span style=\"color: #000000;\">Bronzov\u00e1 katarsk\u00e1 koule. Ale\u0161 Kis\u00fd z\u00edskal medaili na mistrovstv\u00ed sv\u011bta<\/span><span style=\"color: #ff0000;\">\u00a0<a style=\"color: #ff0000;\" href=\"http:\/\/trutnovinky.cz\/sport\/atletika-beh\/2015\/rijen\/bronzova-katarska-koule-ales-kisy-ziskal-medaili-na-mistrovstvi-sveta\/\" target=\"_blank\" rel=\"noopener\">http:\/\/trutnovinky.cz\/sport\/atletika-beh\/2015\/rijen\/bronzova-katarska-koule-ales-kisy-ziskal-medaili-na-mistrovstvi-sveta\/<\/a><\/span><\/p>\t\t\t\t\t<\/div>\n\t\t\t\t\t\t<\/div>\n\t\t\t\t<\/div>\n\t\t\t\t\t\t<\/div>\n\t\t\t\t\t<\/div>\n\t\t<\/div>\n\t\t\t\t\t\t\t\t<\/div>\n\t\t\t\t\t<\/div>\n\t\t<\/section>\n\t\t\t\t\t\t\t\t\t<\/div>\n\t\t\t<\/div>\n\t\t\t\t\t<\/div>","protected":false},"excerpt":{"rendered":"<p>ALE\u0160 KIS\u00dd Reprezentant \u010cR v rugby,\u00a0reprezentant \u010cR v atletice voz\u00ed\u010dk\u00e1\u0159\u016f mistr \u010cR v kategorii F53 \u2013 o\u0161t\u011bp, disk \u00fa\u010dast na&hellip;<\/p>\n<p> <a class=\"more-link\" href=\"https:\/\/www.kondicnipriprava.cz\/en\/ales-kisy\/\">Read more<\/a><\/p>","protected":false},"author":1,"featured_media":0,"parent":0,"menu_order":0,"comment_status":"closed","ping_status":"closed","template":"","meta":{"footnotes":""},"class_list":["post-13131","page","type-page","status-publish"],"yoast_head":"<!-- This site is optimized with the Yoast SEO plugin v24.2 - https:\/\/yoast.com\/wordpress\/plugins\/seo\/ -->\n<title>Ale\u0161 Kis\u00fd - kondicnipriprava.cz<\/title>\n<meta name=\"robots\" content=\"index, follow, max-snippet:-1, max-image-preview:large, max-video-preview:-1\" \/>\n<link rel=\"canonical\" href=\"https:\/\/www.kondicnipriprava.cz\/en\/ales-kisy\/\" \/>\n<meta property=\"og:locale\" content=\"en_US\" \/>\n<meta property=\"og:type\" content=\"article\" \/>\n<meta property=\"og:title\" content=\"Ale\u0161 Kis\u00fd - kondicnipriprava.cz\" \/>\n<meta property=\"og:description\" content=\"ALE\u0160 KIS\u00dd Reprezentant \u010cR v rugby,\u00a0reprezentant \u010cR v atletice voz\u00ed\u010dk\u00e1\u0159\u016f mistr \u010cR v kategorii F53 \u2013 o\u0161t\u011bp, disk \u00fa\u010dast na&hellip;  Read more\" \/>\n<meta property=\"og:url\" content=\"https:\/\/www.kondicnipriprava.cz\/en\/ales-kisy\/\" \/>\n<meta property=\"og:site_name\" content=\"kondicnipriprava.cz\" \/>\n<meta property=\"article:modified_time\" content=\"2022-05-26T12:58:11+00:00\" \/>\n<meta property=\"og:image\" content=\"https:\/\/www.summusvita.cz\/wp-content\/uploads\/2018\/11\/ales-300x300.jpg\" \/>\n<meta name=\"twitter:card\" content=\"summary_large_image\" \/>\n<meta name=\"twitter:label1\" content=\"Est. reading time\" \/>\n\t<meta name=\"twitter:data1\" content=\"1 minute\" \/>\n<script type=\"application\/ld+json\" class=\"yoast-schema-graph\">{\"@context\":\"https:\/\/schema.org\",\"@graph\":[{\"@type\":\"WebPage\",\"@id\":\"https:\/\/www.kondicnipriprava.cz\/ales-kisy\/\",\"url\":\"https:\/\/www.kondicnipriprava.cz\/ales-kisy\/\",\"name\":\"Ale\u0161 Kis\u00fd - kondicnipriprava.cz\",\"isPartOf\":{\"@id\":\"https:\/\/www.kondicnipriprava.cz\/#website\"},\"primaryImageOfPage\":{\"@id\":\"https:\/\/www.kondicnipriprava.cz\/ales-kisy\/#primaryimage\"},\"image\":{\"@id\":\"https:\/\/www.kondicnipriprava.cz\/ales-kisy\/#primaryimage\"},\"thumbnailUrl\":\"https:\/\/www.summusvita.cz\/wp-content\/uploads\/2018\/11\/ales-300x300.jpg\",\"datePublished\":\"2022-05-26T12:51:27+00:00\",\"dateModified\":\"2022-05-26T12:58:11+00:00\",\"breadcrumb\":{\"@id\":\"https:\/\/www.kondicnipriprava.cz\/ales-kisy\/#breadcrumb\"},\"inLanguage\":\"en-US\",\"potentialAction\":[{\"@type\":\"ReadAction\",\"target\":[\"https:\/\/www.kondicnipriprava.cz\/ales-kisy\/\"]}]},{\"@type\":\"ImageObject\",\"inLanguage\":\"en-US\",\"@id\":\"https:\/\/www.kondicnipriprava.cz\/ales-kisy\/#primaryimage\",\"url\":\"https:\/\/www.summusvita.cz\/wp-content\/uploads\/2018\/11\/ales-300x300.jpg\",\"contentUrl\":\"https:\/\/www.summusvita.cz\/wp-content\/uploads\/2018\/11\/ales-300x300.jpg\"},{\"@type\":\"BreadcrumbList\",\"@id\":\"https:\/\/www.kondicnipriprava.cz\/ales-kisy\/#breadcrumb\",\"itemListElement\":[{\"@type\":\"ListItem\",\"position\":1,\"name\":\"Dom\u016f\",\"item\":\"https:\/\/www.kondicnipriprava.cz\/\"},{\"@type\":\"ListItem\",\"position\":2,\"name\":\"Ale\u0161 Kis\u00fd\"}]},{\"@type\":\"WebSite\",\"@id\":\"https:\/\/www.kondicnipriprava.cz\/#website\",\"url\":\"https:\/\/www.kondicnipriprava.cz\/\",\"name\":\"kondicnipriprava.cz\",\"description\":\"Kondi\u010dn\u00ed p\u0159\u00edprava pro vrcholov\u00e9 sportovce\",\"publisher\":{\"@id\":\"https:\/\/www.kondicnipriprava.cz\/#organization\"},\"potentialAction\":[{\"@type\":\"SearchAction\",\"target\":{\"@type\":\"EntryPoint\",\"urlTemplate\":\"https:\/\/www.kondicnipriprava.cz\/?s={search_term_string}\"},\"query-input\":{\"@type\":\"PropertyValueSpecification\",\"valueRequired\":true,\"valueName\":\"search_term_string\"}}],\"inLanguage\":\"en-US\"},{\"@type\":\"Organization\",\"@id\":\"https:\/\/www.kondicnipriprava.cz\/#organization\",\"name\":\"kondicnipriprava.cz\",\"url\":\"https:\/\/www.kondicnipriprava.cz\/\",\"logo\":{\"@type\":\"ImageObject\",\"inLanguage\":\"en-US\",\"@id\":\"https:\/\/www.kondicnipriprava.cz\/#\/schema\/logo\/image\/\",\"url\":\"https:\/\/www.kondicnipriprava.cz\/wp-content\/uploads\/2020\/03\/cropped-ft-logo-web-elementor.jpg\",\"contentUrl\":\"https:\/\/www.kondicnipriprava.cz\/wp-content\/uploads\/2020\/03\/cropped-ft-logo-web-elementor.jpg\",\"width\":305,\"height\":100,\"caption\":\"kondicnipriprava.cz\"},\"image\":{\"@id\":\"https:\/\/www.kondicnipriprava.cz\/#\/schema\/logo\/image\/\"}}]}<\/script>\n<!-- \/ Yoast SEO plugin. -->","yoast_head_json":{"title":"Ale\u0161 Kis\u00fd - kondicnipriprava.cz","robots":{"index":"index","follow":"follow","max-snippet":"max-snippet:-1","max-image-preview":"max-image-preview:large","max-video-preview":"max-video-preview:-1"},"canonical":"https:\/\/www.kondicnipriprava.cz\/en\/ales-kisy\/","og_locale":"en_US","og_type":"article","og_title":"Ale\u0161 Kis\u00fd - kondicnipriprava.cz","og_description":"ALE\u0160 KIS\u00dd Reprezentant \u010cR v rugby,\u00a0reprezentant \u010cR v atletice voz\u00ed\u010dk\u00e1\u0159\u016f mistr \u010cR v kategorii F53 \u2013 o\u0161t\u011bp, disk \u00fa\u010dast na&hellip;  Read more","og_url":"https:\/\/www.kondicnipriprava.cz\/en\/ales-kisy\/","og_site_name":"kondicnipriprava.cz","article_modified_time":"2022-05-26T12:58:11+00:00","og_image":[{"url":"https:\/\/www.summusvita.cz\/wp-content\/uploads\/2018\/11\/ales-300x300.jpg","type":"","width":"","height":""}],"twitter_card":"summary_large_image","twitter_misc":{"Est. reading time":"1 minute"},"schema":{"@context":"https:\/\/schema.org","@graph":[{"@type":"WebPage","@id":"https:\/\/www.kondicnipriprava.cz\/ales-kisy\/","url":"https:\/\/www.kondicnipriprava.cz\/ales-kisy\/","name":"Ale\u0161 Kis\u00fd - kondicnipriprava.cz","isPartOf":{"@id":"https:\/\/www.kondicnipriprava.cz\/#website"},"primaryImageOfPage":{"@id":"https:\/\/www.kondicnipriprava.cz\/ales-kisy\/#primaryimage"},"image":{"@id":"https:\/\/www.kondicnipriprava.cz\/ales-kisy\/#primaryimage"},"thumbnailUrl":"https:\/\/www.summusvita.cz\/wp-content\/uploads\/2018\/11\/ales-300x300.jpg","datePublished":"2022-05-26T12:51:27+00:00","dateModified":"2022-05-26T12:58:11+00:00","breadcrumb":{"@id":"https:\/\/www.kondicnipriprava.cz\/ales-kisy\/#breadcrumb"},"inLanguage":"en-US","potentialAction":[{"@type":"ReadAction","target":["https:\/\/www.kondicnipriprava.cz\/ales-kisy\/"]}]},{"@type":"ImageObject","inLanguage":"en-US","@id":"https:\/\/www.kondicnipriprava.cz\/ales-kisy\/#primaryimage","url":"https:\/\/www.summusvita.cz\/wp-content\/uploads\/2018\/11\/ales-300x300.jpg","contentUrl":"https:\/\/www.summusvita.cz\/wp-content\/uploads\/2018\/11\/ales-300x300.jpg"},{"@type":"BreadcrumbList","@id":"https:\/\/www.kondicnipriprava.cz\/ales-kisy\/#breadcrumb","itemListElement":[{"@type":"ListItem","position":1,"name":"Dom\u016f","item":"https:\/\/www.kondicnipriprava.cz\/"},{"@type":"ListItem","position":2,"name":"Ale\u0161 Kis\u00fd"}]},{"@type":"WebSite","@id":"https:\/\/www.kondicnipriprava.cz\/#website","url":"https:\/\/www.kondicnipriprava.cz\/","name":"kondicnipriprava.cz","description":"Kondi\u010dn\u00ed p\u0159\u00edprava pro vrcholov\u00e9 sportovce","publisher":{"@id":"https:\/\/www.kondicnipriprava.cz\/#organization"},"potentialAction":[{"@type":"SearchAction","target":{"@type":"EntryPoint","urlTemplate":"https:\/\/www.kondicnipriprava.cz\/?s={search_term_string}"},"query-input":{"@type":"PropertyValueSpecification","valueRequired":true,"valueName":"search_term_string"}}],"inLanguage":"en-US"},{"@type":"Organization","@id":"https:\/\/www.kondicnipriprava.cz\/#organization","name":"kondicnipriprava.cz","url":"https:\/\/www.kondicnipriprava.cz\/","logo":{"@type":"ImageObject","inLanguage":"en-US","@id":"https:\/\/www.kondicnipriprava.cz\/#\/schema\/logo\/image\/","url":"https:\/\/www.kondicnipriprava.cz\/wp-content\/uploads\/2020\/03\/cropped-ft-logo-web-elementor.jpg","contentUrl":"https:\/\/www.kondicnipriprava.cz\/wp-content\/uploads\/2020\/03\/cropped-ft-logo-web-elementor.jpg","width":305,"height":100,"caption":"kondicnipriprava.cz"},"image":{"@id":"https:\/\/www.kondicnipriprava.cz\/#\/schema\/logo\/image\/"}}]}},"_links":{"self":[{"href":"https:\/\/www.kondicnipriprava.cz\/en\/wp-json\/wp\/v2\/pages\/13131","targetHints":{"allow":["GET"]}}],"collection":[{"href":"https:\/\/www.kondicnipriprava.cz\/en\/wp-json\/wp\/v2\/pages"}],"about":[{"href":"https:\/\/www.kondicnipriprava.cz\/en\/wp-json\/wp\/v2\/types\/page"}],"author":[{"embeddable":true,"href":"https:\/\/www.kondicnipriprava.cz\/en\/wp-json\/wp\/v2\/users\/1"}],"replies":[{"embeddable":true,"href":"https:\/\/www.kondicnipriprava.cz\/en\/wp-json\/wp\/v2\/comments?post=13131"}],"version-history":[{"count":0,"href":"https:\/\/www.kondicnipriprava.cz\/en\/wp-json\/wp\/v2\/pages\/13131\/revisions"}],"wp:attachment":[{"href":"https:\/\/www.kondicnipriprava.cz\/en\/wp-json\/wp\/v2\/media?parent=13131"}],"curies":[{"name":"wp","href":"https:\/\/api.w.org\/{rel}","templated":true}]}}