{"id":13127,"date":"2022-05-26T12:46:14","date_gmt":"2022-05-26T12:46:14","guid":{"rendered":"https:\/\/www.kondicnipriprava.cz\/?page_id=13127"},"modified":"2022-05-26T12:48:32","modified_gmt":"2022-05-26T12:48:32","slug":"anezka-drahotova","status":"publish","type":"page","link":"https:\/\/www.kondicnipriprava.cz\/en\/anezka-drahotova\/","title":{"rendered":"Ane\u017eka Drahotov\u00e1"},"content":{"rendered":"<div data-elementor-type=\"wp-page\" data-elementor-id=\"13127\" class=\"elementor elementor-13127\">\n\t\t\t\t\t\t<div class=\"elementor-inner\">\n\t\t\t\t<div class=\"elementor-section-wrap\">\n\t\t\t\t\t\t\t\t\t<section class=\"elementor-section elementor-top-section elementor-element elementor-element-a11c3aa elementor-section-boxed elementor-section-height-default elementor-section-height-default\" data-id=\"a11c3aa\" data-element_type=\"section\">\n\t\t\t\t\t\t<div class=\"elementor-container elementor-column-gap-default\">\n\t\t\t\t\t\t\t<div class=\"elementor-row\">\n\t\t\t\t\t<div class=\"elementor-column elementor-col-100 elementor-top-column elementor-element elementor-element-54562ce\" data-id=\"54562ce\" data-element_type=\"column\">\n\t\t\t<div class=\"elementor-column-wrap elementor-element-populated\">\n\t\t\t\t\t\t\t<div class=\"elementor-widget-wrap\">\n\t\t\t\t\t\t<div class=\"elementor-element elementor-element-e605afa elementor-widget elementor-widget-text-editor\" data-id=\"e605afa\" data-element_type=\"widget\" data-widget_type=\"text-editor.default\">\n\t\t\t\t<div class=\"elementor-widget-container\">\n\t\t\t\t\t\t\t\t<div class=\"elementor-text-editor elementor-clearfix\">\n\t\t\t\t<p><span style=\"color: #000000;\"><strong>Reprezentantka \u010cR v atletice, discipl\u00edna \u2013 ch\u016fze na 20 km<\/strong><\/span><\/p><p><img loading=\"lazy\" decoding=\"async\" class=\"size-full wp-image-65 alignright\" src=\"https:\/\/www.summusvita.cz\/wp-content\/uploads\/2018\/11\/anezka.jpg\" sizes=\"auto, (max-width: 534px) 100vw, 534px\" srcset=\"https:\/\/www.summusvita.cz\/wp-content\/uploads\/2018\/11\/anezka.jpg 534w, https:\/\/www.summusvita.cz\/wp-content\/uploads\/2018\/11\/anezka-150x150.jpg 150w, https:\/\/www.summusvita.cz\/wp-content\/uploads\/2018\/11\/anezka-300x300.jpg 300w, https:\/\/www.summusvita.cz\/wp-content\/uploads\/2018\/11\/anezka-250x250.jpg 250w, https:\/\/www.summusvita.cz\/wp-content\/uploads\/2018\/11\/anezka-174x174.jpg 174w\" alt=\"\" width=\"534\" height=\"534\" \/><span style=\"color: #000000;\">Ve sv\u00e9 kr\u00e1tk\u00e9 kari\u00e9\u0159e dos\u00e1hla ji\u017e mnoha chodeck\u00fdch \u00fasp\u011bch\u016f. Je trojn\u00e1sobnou vicemistryn\u00ed republiky mezi \u017ea\u010dkami na 3000 metr\u016f z let 2008, 2009 a 2010 a \u017e\u00e1kovskou mistryn\u00ed republiky na stejn\u00e9 vzd\u00e1lenosti na dr\u00e1ze z roku 2009.<\/span><\/p><p><span style=\"color: #000000;\">V roce 2011 se na 3000 metr\u016f stala dorosteneckou mistryn\u00ed republiky a skon\u010dila mezi dorostenkami druh\u00e1 na mezin\u00e1rodn\u00edm m\u00edtinku v Pod\u011bbradech. Ve \u0160v\u00fdcarsk\u00e9m Luganu si v t\u00e9m\u017ee roce mezi dorostenkami do\u0161la pro dv\u011b prvn\u00ed m\u00edsta v z\u00e1vodech na 5 a 10 km. P\u0159i evropsk\u00e9m poh\u00e1ru v Olhau do\u0161la mezi juniorkami sedm\u00e1 a spole\u010dn\u011b se sestrou Eli\u0161kou vybojovaly bronz v dru\u017estvech. Na mistrovstv\u00ed sv\u011bta do 17 let si v z\u00e1vod\u011b na 5000 metr\u016f do\u0161la pro \u0161est\u00e9 m\u00edsto, na evropsk\u00e9m mistrovstv\u00ed pak do\u0161la t\u0159in\u00e1ct\u00e1 v z\u00e1vod\u011b na 10 km.<\/span><\/p><p><span style=\"color: #000000;\">V roce 2012 zopakovala triumfy na dom\u00e1c\u00edm mistrovstv\u00ed v ch\u016fzi na 3000 m v hale i 5000 m venku mezi dorostenkami, na m\u00edtinku v Luganu na 10 km a zv\u00edt\u011bzila tak\u00e9 na desetikilometrov\u00e9m z\u00e1vod\u011b v r\u00e1mci m\u00edtinku v Pod\u011bbradech. Na Mistrovstv\u00ed sv\u011bta junior\u016f v Barcelon\u011b obsadila v z\u00e1vod\u011b na 10 000 m 6. m\u00edsto.<\/span><\/p><p><span style=\"color: #000000;\">V roce 2013 vyhr\u00e1la z\u00e1vod na 10 000 m na Mistrovstv\u00ed Evropy junior\u016f v Rieti v nov\u00e9m \u010desk\u00e9m rekordu 44:15,87. Kvalifikovala se tak\u00e9 v ch\u016fzi na 20 km na Mistrovstv\u00ed sv\u011bta v atletice v Moskv\u011b. Zde se 13. srpna um\u00edstila na 7. m\u00edst\u011b a vyrovnala \u010desk\u00fd rekord v ch\u016fzi na 20 kilometr\u016f.<\/span><\/p><p><span style=\"color: #000000;\">Rok 2014 zah\u00e1jila p\u0159ekon\u00e1n\u00edm \u010desk\u00e9ho rekordu na 20 km 16. b\u0159ezna v Luganu, kde dokon\u010dila na 3. m\u00edst\u011b v \u010dase 1:28:13. Zv\u00edt\u011bzila v kategorii \u017een na mistrovstv\u00ed \u010cR v ch\u016fzi na 20 km<\/span><br \/><span style=\"color: #000000;\">v Pod\u011bbradech a z\u00e1rove\u0148 v tra\u0165ov\u00e9m rekordu 1:29:43 se stala i celkovou v\u00edt\u011bzkou z\u00e1vodu EAA. 4. kv\u011btna do\u0161la na 3. m\u00edst\u011b v juniorsk\u00e9m z\u00e1vod\u011b na sv\u011btov\u00e9m poh\u00e1ru v \u010d\u00ednsk\u00e9m Taicangu a na 10 km ch\u016fze utvo\u0159ila nov\u00fd \u010desk\u00fd juniorsk\u00fd i seniorsk\u00fd rekord 43:40. Na Mistrovstv\u00ed sv\u011bta junior\u016f v Eugene vyhr\u00e1la 23. \u010dervna Ane\u017eka z\u00e1vod na<\/span><br \/><span style=\"color: #000000;\">10 000 metr\u016f ch\u016fze v \u010dase 42:47,25, kter\u00fdm vylep\u0161ila dosavadn\u00ed juniorsk\u00fd sv\u011btov\u00fd rekord o v\u00edce ne\u017e 12 sekund. Na n\u00e1sleduj\u00edc\u00edm Mistrovstv\u00ed Evropy v atletice z\u00edskala bronz v chodeck\u00e9m z\u00e1vod\u011b na 20km \u2013 1:28:08, kdy\u017e znovu p\u0159ekonala rekord \u010cR.<\/span><\/p><p><span style=\"color: #000000;\">Rok 2015 za\u010dal v\u00edt\u011bzstv\u00edm na m\u00edtingu v Luganu. \u010cesk\u00fd rekord z ME 2014 vydr\u017eel do kv\u011btna, kdy ho Ane\u017eka vylep\u0161ila na 1:26:53 (20km). T\u00edmto v\u00fdkonem na EP v Murcii dokon\u010dila na 4.m\u00edst\u011b. P\u0159i Zlat\u00e9 tret\u0159e vyhr\u00e1la chodeck\u00fd z\u00e1vod na 3000m v \u010dase 11:52,36 a za\u0159adila se na 4. m\u00edsto sv\u011btov\u00fdch historick\u00fdch tabulek.<\/span><br \/><span style=\"color: #000000;\">P\u0159i ME23 v estonsk\u00e9m Tallinu z\u00edskala st\u0159\u00edbro na 20km, kdy\u017e tra\u0165 zdolala v \u010dase 1:27:25. Na MS v Pekingu dokon\u010dila 20km tra\u0165 na 8.m\u00edst\u011b v \u010dase 1:30:32. V roce 2016 Ane\u017eka Drahotov\u00e1 kv\u016fli l\u00e9\u010db\u011b zdravotn\u00edch probl\u00e9m\u00fa musela z\u00e1vody omezit na minimum. Do\u0161la dvac\u00e1t\u00e1 na MS dru\u017estev v \u0158\u00edm\u011b a p\u0159i sv\u00e9 premi\u00e9\u0159e na OH v Riu vybojovala 10. m\u00edsto v \u010dase 1:30:43. V roce 2017 ji \u0161patn\u00fd zdravotn\u00ed stav pustil pouze k dom\u00e1c\u00edmu mistrovsk\u00e9mu titulu a 7. m\u00edstu na ME23. Z\u00e1vod na MS v Lond\u00fdn\u011b nedokon\u010dila. Rok 2018 se od jara stal rokem v\u00fdkonnostn\u00edho n\u00e1vratu. V kv\u011btnu v \u010d\u00ednsk\u00e9m Taicangu na MS chodeck\u00fdch dru\u017estev vybojovala na 20km trati 6. m\u00edsto \u010dasem 1:28:40.<\/span><\/p><p><span style=\"color: #000000;\">(zdroj:\u00a0<a style=\"color: #000000;\" href=\"https:\/\/cs.wikipedia.org\/wiki\/Ane%C5%BEka_Drahotov%C3%A1\"><span style=\"color: #ff0000;\">Wikipedie<\/span><\/a>)<\/span><\/p>\t\t\t\t\t<\/div>\n\t\t\t\t\t\t<\/div>\n\t\t\t\t<\/div>\n\t\t\t\t\t\t<\/div>\n\t\t\t\t\t<\/div>\n\t\t<\/div>\n\t\t\t\t\t\t\t\t<\/div>\n\t\t\t\t\t<\/div>\n\t\t<\/section>\n\t\t\t\t\t\t\t\t\t<\/div>\n\t\t\t<\/div>\n\t\t\t\t\t<\/div>","protected":false},"excerpt":{"rendered":"<p>Reprezentantka \u010cR v atletice, discipl\u00edna \u2013 ch\u016fze na 20 km Ve sv\u00e9 kr\u00e1tk\u00e9 kari\u00e9\u0159e dos\u00e1hla ji\u017e mnoha chodeck\u00fdch \u00fasp\u011bch\u016f. Je&hellip;<\/p>\n<p> <a class=\"more-link\" href=\"https:\/\/www.kondicnipriprava.cz\/en\/anezka-drahotova\/\">Read more<\/a><\/p>","protected":false},"author":1,"featured_media":0,"parent":0,"menu_order":0,"comment_status":"closed","ping_status":"closed","template":"","meta":{"footnotes":""},"class_list":["post-13127","page","type-page","status-publish"],"yoast_head":"<!-- This site is optimized with the Yoast SEO plugin v24.2 - https:\/\/yoast.com\/wordpress\/plugins\/seo\/ -->\n<title>Ane\u017eka Drahotov\u00e1 - kondicnipriprava.cz<\/title>\n<meta name=\"robots\" content=\"index, follow, max-snippet:-1, max-image-preview:large, max-video-preview:-1\" \/>\n<link rel=\"canonical\" href=\"https:\/\/www.kondicnipriprava.cz\/en\/anezka-drahotova\/\" \/>\n<meta property=\"og:locale\" content=\"en_US\" \/>\n<meta property=\"og:type\" content=\"article\" \/>\n<meta property=\"og:title\" content=\"Ane\u017eka Drahotov\u00e1 - kondicnipriprava.cz\" \/>\n<meta property=\"og:description\" content=\"Reprezentantka \u010cR v atletice, discipl\u00edna \u2013 ch\u016fze na 20 km Ve sv\u00e9 kr\u00e1tk\u00e9 kari\u00e9\u0159e dos\u00e1hla ji\u017e mnoha chodeck\u00fdch \u00fasp\u011bch\u016f. Je&hellip;  Read more\" \/>\n<meta property=\"og:url\" content=\"https:\/\/www.kondicnipriprava.cz\/en\/anezka-drahotova\/\" \/>\n<meta property=\"og:site_name\" content=\"kondicnipriprava.cz\" \/>\n<meta property=\"article:modified_time\" content=\"2022-05-26T12:48:32+00:00\" \/>\n<meta property=\"og:image\" content=\"https:\/\/www.summusvita.cz\/wp-content\/uploads\/2018\/11\/anezka.jpg\" \/>\n<meta name=\"twitter:card\" content=\"summary_large_image\" \/>\n<meta name=\"twitter:label1\" content=\"Est. reading time\" \/>\n\t<meta name=\"twitter:data1\" content=\"4 minutes\" \/>\n<script type=\"application\/ld+json\" class=\"yoast-schema-graph\">{\"@context\":\"https:\/\/schema.org\",\"@graph\":[{\"@type\":\"WebPage\",\"@id\":\"https:\/\/www.kondicnipriprava.cz\/anezka-drahotova\/\",\"url\":\"https:\/\/www.kondicnipriprava.cz\/anezka-drahotova\/\",\"name\":\"Ane\u017eka Drahotov\u00e1 - kondicnipriprava.cz\",\"isPartOf\":{\"@id\":\"https:\/\/www.kondicnipriprava.cz\/#website\"},\"primaryImageOfPage\":{\"@id\":\"https:\/\/www.kondicnipriprava.cz\/anezka-drahotova\/#primaryimage\"},\"image\":{\"@id\":\"https:\/\/www.kondicnipriprava.cz\/anezka-drahotova\/#primaryimage\"},\"thumbnailUrl\":\"https:\/\/www.summusvita.cz\/wp-content\/uploads\/2018\/11\/anezka.jpg\",\"datePublished\":\"2022-05-26T12:46:14+00:00\",\"dateModified\":\"2022-05-26T12:48:32+00:00\",\"breadcrumb\":{\"@id\":\"https:\/\/www.kondicnipriprava.cz\/anezka-drahotova\/#breadcrumb\"},\"inLanguage\":\"en-US\",\"potentialAction\":[{\"@type\":\"ReadAction\",\"target\":[\"https:\/\/www.kondicnipriprava.cz\/anezka-drahotova\/\"]}]},{\"@type\":\"ImageObject\",\"inLanguage\":\"en-US\",\"@id\":\"https:\/\/www.kondicnipriprava.cz\/anezka-drahotova\/#primaryimage\",\"url\":\"https:\/\/www.summusvita.cz\/wp-content\/uploads\/2018\/11\/anezka.jpg\",\"contentUrl\":\"https:\/\/www.summusvita.cz\/wp-content\/uploads\/2018\/11\/anezka.jpg\"},{\"@type\":\"BreadcrumbList\",\"@id\":\"https:\/\/www.kondicnipriprava.cz\/anezka-drahotova\/#breadcrumb\",\"itemListElement\":[{\"@type\":\"ListItem\",\"position\":1,\"name\":\"Dom\u016f\",\"item\":\"https:\/\/www.kondicnipriprava.cz\/\"},{\"@type\":\"ListItem\",\"position\":2,\"name\":\"Ane\u017eka Drahotov\u00e1\"}]},{\"@type\":\"WebSite\",\"@id\":\"https:\/\/www.kondicnipriprava.cz\/#website\",\"url\":\"https:\/\/www.kondicnipriprava.cz\/\",\"name\":\"kondicnipriprava.cz\",\"description\":\"Kondi\u010dn\u00ed p\u0159\u00edprava pro vrcholov\u00e9 sportovce\",\"publisher\":{\"@id\":\"https:\/\/www.kondicnipriprava.cz\/#organization\"},\"potentialAction\":[{\"@type\":\"SearchAction\",\"target\":{\"@type\":\"EntryPoint\",\"urlTemplate\":\"https:\/\/www.kondicnipriprava.cz\/?s={search_term_string}\"},\"query-input\":{\"@type\":\"PropertyValueSpecification\",\"valueRequired\":true,\"valueName\":\"search_term_string\"}}],\"inLanguage\":\"en-US\"},{\"@type\":\"Organization\",\"@id\":\"https:\/\/www.kondicnipriprava.cz\/#organization\",\"name\":\"kondicnipriprava.cz\",\"url\":\"https:\/\/www.kondicnipriprava.cz\/\",\"logo\":{\"@type\":\"ImageObject\",\"inLanguage\":\"en-US\",\"@id\":\"https:\/\/www.kondicnipriprava.cz\/#\/schema\/logo\/image\/\",\"url\":\"https:\/\/www.kondicnipriprava.cz\/wp-content\/uploads\/2020\/03\/cropped-ft-logo-web-elementor.jpg\",\"contentUrl\":\"https:\/\/www.kondicnipriprava.cz\/wp-content\/uploads\/2020\/03\/cropped-ft-logo-web-elementor.jpg\",\"width\":305,\"height\":100,\"caption\":\"kondicnipriprava.cz\"},\"image\":{\"@id\":\"https:\/\/www.kondicnipriprava.cz\/#\/schema\/logo\/image\/\"}}]}<\/script>\n<!-- \/ Yoast SEO plugin. -->","yoast_head_json":{"title":"Ane\u017eka Drahotov\u00e1 - kondicnipriprava.cz","robots":{"index":"index","follow":"follow","max-snippet":"max-snippet:-1","max-image-preview":"max-image-preview:large","max-video-preview":"max-video-preview:-1"},"canonical":"https:\/\/www.kondicnipriprava.cz\/en\/anezka-drahotova\/","og_locale":"en_US","og_type":"article","og_title":"Ane\u017eka Drahotov\u00e1 - kondicnipriprava.cz","og_description":"Reprezentantka \u010cR v atletice, discipl\u00edna \u2013 ch\u016fze na 20 km Ve sv\u00e9 kr\u00e1tk\u00e9 kari\u00e9\u0159e dos\u00e1hla ji\u017e mnoha chodeck\u00fdch \u00fasp\u011bch\u016f. Je&hellip;  Read more","og_url":"https:\/\/www.kondicnipriprava.cz\/en\/anezka-drahotova\/","og_site_name":"kondicnipriprava.cz","article_modified_time":"2022-05-26T12:48:32+00:00","og_image":[{"url":"https:\/\/www.summusvita.cz\/wp-content\/uploads\/2018\/11\/anezka.jpg","type":"","width":"","height":""}],"twitter_card":"summary_large_image","twitter_misc":{"Est. reading time":"4 minutes"},"schema":{"@context":"https:\/\/schema.org","@graph":[{"@type":"WebPage","@id":"https:\/\/www.kondicnipriprava.cz\/anezka-drahotova\/","url":"https:\/\/www.kondicnipriprava.cz\/anezka-drahotova\/","name":"Ane\u017eka Drahotov\u00e1 - kondicnipriprava.cz","isPartOf":{"@id":"https:\/\/www.kondicnipriprava.cz\/#website"},"primaryImageOfPage":{"@id":"https:\/\/www.kondicnipriprava.cz\/anezka-drahotova\/#primaryimage"},"image":{"@id":"https:\/\/www.kondicnipriprava.cz\/anezka-drahotova\/#primaryimage"},"thumbnailUrl":"https:\/\/www.summusvita.cz\/wp-content\/uploads\/2018\/11\/anezka.jpg","datePublished":"2022-05-26T12:46:14+00:00","dateModified":"2022-05-26T12:48:32+00:00","breadcrumb":{"@id":"https:\/\/www.kondicnipriprava.cz\/anezka-drahotova\/#breadcrumb"},"inLanguage":"en-US","potentialAction":[{"@type":"ReadAction","target":["https:\/\/www.kondicnipriprava.cz\/anezka-drahotova\/"]}]},{"@type":"ImageObject","inLanguage":"en-US","@id":"https:\/\/www.kondicnipriprava.cz\/anezka-drahotova\/#primaryimage","url":"https:\/\/www.summusvita.cz\/wp-content\/uploads\/2018\/11\/anezka.jpg","contentUrl":"https:\/\/www.summusvita.cz\/wp-content\/uploads\/2018\/11\/anezka.jpg"},{"@type":"BreadcrumbList","@id":"https:\/\/www.kondicnipriprava.cz\/anezka-drahotova\/#breadcrumb","itemListElement":[{"@type":"ListItem","position":1,"name":"Dom\u016f","item":"https:\/\/www.kondicnipriprava.cz\/"},{"@type":"ListItem","position":2,"name":"Ane\u017eka Drahotov\u00e1"}]},{"@type":"WebSite","@id":"https:\/\/www.kondicnipriprava.cz\/#website","url":"https:\/\/www.kondicnipriprava.cz\/","name":"kondicnipriprava.cz","description":"Kondi\u010dn\u00ed p\u0159\u00edprava pro vrcholov\u00e9 sportovce","publisher":{"@id":"https:\/\/www.kondicnipriprava.cz\/#organization"},"potentialAction":[{"@type":"SearchAction","target":{"@type":"EntryPoint","urlTemplate":"https:\/\/www.kondicnipriprava.cz\/?s={search_term_string}"},"query-input":{"@type":"PropertyValueSpecification","valueRequired":true,"valueName":"search_term_string"}}],"inLanguage":"en-US"},{"@type":"Organization","@id":"https:\/\/www.kondicnipriprava.cz\/#organization","name":"kondicnipriprava.cz","url":"https:\/\/www.kondicnipriprava.cz\/","logo":{"@type":"ImageObject","inLanguage":"en-US","@id":"https:\/\/www.kondicnipriprava.cz\/#\/schema\/logo\/image\/","url":"https:\/\/www.kondicnipriprava.cz\/wp-content\/uploads\/2020\/03\/cropped-ft-logo-web-elementor.jpg","contentUrl":"https:\/\/www.kondicnipriprava.cz\/wp-content\/uploads\/2020\/03\/cropped-ft-logo-web-elementor.jpg","width":305,"height":100,"caption":"kondicnipriprava.cz"},"image":{"@id":"https:\/\/www.kondicnipriprava.cz\/#\/schema\/logo\/image\/"}}]}},"_links":{"self":[{"href":"https:\/\/www.kondicnipriprava.cz\/en\/wp-json\/wp\/v2\/pages\/13127","targetHints":{"allow":["GET"]}}],"collection":[{"href":"https:\/\/www.kondicnipriprava.cz\/en\/wp-json\/wp\/v2\/pages"}],"about":[{"href":"https:\/\/www.kondicnipriprava.cz\/en\/wp-json\/wp\/v2\/types\/page"}],"author":[{"embeddable":true,"href":"https:\/\/www.kondicnipriprava.cz\/en\/wp-json\/wp\/v2\/users\/1"}],"replies":[{"embeddable":true,"href":"https:\/\/www.kondicnipriprava.cz\/en\/wp-json\/wp\/v2\/comments?post=13127"}],"version-history":[{"count":0,"href":"https:\/\/www.kondicnipriprava.cz\/en\/wp-json\/wp\/v2\/pages\/13127\/revisions"}],"wp:attachment":[{"href":"https:\/\/www.kondicnipriprava.cz\/en\/wp-json\/wp\/v2\/media?parent=13127"}],"curies":[{"name":"wp","href":"https:\/\/api.w.org\/{rel}","templated":true}]}}