{"id":12668,"date":"2021-01-21T14:52:22","date_gmt":"2021-01-21T14:52:22","guid":{"rendered":"https:\/\/www.kondicnipriprava.cz\/?page_id=12668"},"modified":"2021-01-21T14:58:37","modified_gmt":"2021-01-21T14:58:37","slug":"individualni-vyzivovy-plan-na-jeden-mesic-bodystat-vysetreni-klidoveho-metabolismu-vysetreni-energetickeho-metabolismu","status":"publish","type":"page","link":"https:\/\/www.kondicnipriprava.cz\/en\/individualni-vyzivovy-plan-na-jeden-mesic-bodystat-vysetreni-klidoveho-metabolismu-vysetreni-energetickeho-metabolismu\/","title":{"rendered":"Individu\u00e1ln\u00ed v\u00fd\u017eivov\u00fd pl\u00e1n na jeden m\u011bs\u00edc (Bodystat + vy\u0161et\u0159en\u00ed klidov\u00e9ho metabolismu + vy\u0161et\u0159en\u00ed energetick\u00e9ho metabolismu)"},"content":{"rendered":"<p><strong>INDIVIDU\u00c1LN\u00cd V\u00dd\u017dIVOV\u00dd PL\u00c1N<\/strong><\/p>\n<p>Individu\u00e1ln\u00ed v\u00fd\u017eivov\u00fd pl\u00e1n je ur\u010den pro klienty, kte\u0159\u00ed cht\u011bj\u00ed zdrav\u011b a bezpe\u010dn\u011b redukovat svoji hmotnost, nab\u00edrat svalovou hmotu, zformovat postavu \u010di pouze optimalizovat skladbu stravy a dodr\u017eovat z\u00e1sady zdrav\u00e9 v\u00fd\u017eivy.<\/p>\n<p><strong>CO V\u00c1S \u010cEK\u00c1 A NEMINE?<\/strong><\/p>\n<ul>\n<li>individu\u00e1ln\u00ed \u00favodn\u00ed setk\u00e1n\u00ed a vstupn\u00ed konzultace, zdravotn\u00ed a rodinn\u00e1 anamn\u00e9za, denn\u00ed re\u017eim, pohybov\u00e9 aktivity, chu\u0165ov\u00e9 preference, potravinov\u00e9 alergie, anal\u00fdza st\u00e1vaj\u00edc\u00edho j\u00eddeln\u00ed\u010dku a stravovac\u00edch n\u00e1vyk\u016f<\/li>\n<li>vy\u0161et\u0159en\u00ed klidov\u00e9ho a energetick\u00e9ho metabolismu, foto, m\u011b\u0159en\u00ed a v\u00e1\u017een\u00ed<\/li>\n<li>vy\u0161et\u0159en\u00ed t\u011blesn\u00e9 skladby na p\u0159\u00edstroji Bodystat<\/li>\n<li>na z\u00e1klad\u011b nam\u011b\u0159en\u00fdch parametr\u016f a individu\u00e1ln\u00edch konzultac\u00ed sestav\u00edme ka\u017ed\u00e9mu individu\u00e1ln\u00ed pl\u00e1n (uprav\u00edme pohybov\u00e9 aktivity) a j\u00eddeln\u00ed\u010dek na m\u00edru \u2013 v\u017edy na jeden m\u011bs\u00edc (po kontroln\u00edm m\u011b\u0159en\u00ed \/ v\u00e1\u017een\u00ed v\u00e1m uprav\u00edme pohybov\u00e9 aktivity a j\u00eddeln\u00ed\u010dek)<\/li>\n<li>kontroln\u00ed m\u011b\u0159en\u00ed &#8211; z\u00e1kladn\u00ed anal\u00fdza na Bodystat v\u010detn\u011b zhodnocen\u00ed a srovn\u00e1n\u00ed v\u00fdsledk\u016f.<br \/>\nPl\u00e1n zahrnuje 1 m\u011bs\u00ed\u010dn\u00ed on-line servis (konzultace po e-mailu \u010di v nutn\u00fdch p\u0159\u00edpadech telefonicky).<\/li>\n<li>ON-LINE SERVIS na 1 m\u011bs\u00edc.<br \/>\nPomoc\u00ed e-mailu \u010di telefonu je mo\u017eno se radit s poradcem a konzultovat v\u0161e, co se t\u00fdk\u00e1 individu\u00e1ln\u00edho pl\u00e1nu.<\/li>\n<\/ul>\n<p>&nbsp;<\/p>\n<p>&nbsp;<\/p>","protected":false},"excerpt":{"rendered":"<p>INDIVIDU\u00c1LN\u00cd V\u00dd\u017dIVOV\u00dd PL\u00c1N Individu\u00e1ln\u00ed v\u00fd\u017eivov\u00fd pl\u00e1n je ur\u010den pro klienty, kte\u0159\u00ed cht\u011bj\u00ed zdrav\u011b a bezpe\u010dn\u011b redukovat svoji hmotnost, nab\u00edrat svalovou&hellip;<\/p>\n<p> <a class=\"more-link\" href=\"https:\/\/www.kondicnipriprava.cz\/en\/individualni-vyzivovy-plan-na-jeden-mesic-bodystat-vysetreni-klidoveho-metabolismu-vysetreni-energetickeho-metabolismu\/\">Read more<\/a><\/p>","protected":false},"author":1,"featured_media":0,"parent":0,"menu_order":0,"comment_status":"closed","ping_status":"closed","template":"","meta":{"footnotes":""},"class_list":["post-12668","page","type-page","status-publish"],"yoast_head":"<!-- This site is optimized with the Yoast SEO plugin v24.2 - https:\/\/yoast.com\/wordpress\/plugins\/seo\/ -->\n<title>Individu\u00e1ln\u00ed v\u00fd\u017eivov\u00fd pl\u00e1n na jeden m\u011bs\u00edc (Bodystat + vy\u0161et\u0159en\u00ed klidov\u00e9ho metabolismu + vy\u0161et\u0159en\u00ed energetick\u00e9ho metabolismu) - kondicnipriprava.cz<\/title>\n<meta name=\"robots\" content=\"index, follow, max-snippet:-1, max-image-preview:large, max-video-preview:-1\" \/>\n<link rel=\"canonical\" href=\"https:\/\/www.kondicnipriprava.cz\/en\/individualni-vyzivovy-plan-na-jeden-mesic-bodystat-vysetreni-klidoveho-metabolismu-vysetreni-energetickeho-metabolismu\/\" \/>\n<meta property=\"og:locale\" content=\"en_US\" \/>\n<meta property=\"og:type\" content=\"article\" \/>\n<meta property=\"og:title\" content=\"Individu\u00e1ln\u00ed v\u00fd\u017eivov\u00fd pl\u00e1n na jeden m\u011bs\u00edc (Bodystat + vy\u0161et\u0159en\u00ed klidov\u00e9ho metabolismu + vy\u0161et\u0159en\u00ed energetick\u00e9ho metabolismu) - kondicnipriprava.cz\" \/>\n<meta property=\"og:description\" content=\"INDIVIDU\u00c1LN\u00cd V\u00dd\u017dIVOV\u00dd PL\u00c1N Individu\u00e1ln\u00ed v\u00fd\u017eivov\u00fd pl\u00e1n je ur\u010den pro klienty, kte\u0159\u00ed cht\u011bj\u00ed zdrav\u011b a bezpe\u010dn\u011b redukovat svoji hmotnost, nab\u00edrat svalovou&hellip;  Read more\" \/>\n<meta property=\"og:url\" content=\"https:\/\/www.kondicnipriprava.cz\/en\/individualni-vyzivovy-plan-na-jeden-mesic-bodystat-vysetreni-klidoveho-metabolismu-vysetreni-energetickeho-metabolismu\/\" \/>\n<meta property=\"og:site_name\" content=\"kondicnipriprava.cz\" \/>\n<meta property=\"article:modified_time\" content=\"2021-01-21T14:58:37+00:00\" \/>\n<meta name=\"twitter:card\" content=\"summary_large_image\" \/>\n<meta name=\"twitter:label1\" content=\"Est. reading time\" \/>\n\t<meta name=\"twitter:data1\" content=\"1 minute\" \/>\n<script type=\"application\/ld+json\" class=\"yoast-schema-graph\">{\"@context\":\"https:\/\/schema.org\",\"@graph\":[{\"@type\":\"WebPage\",\"@id\":\"https:\/\/www.kondicnipriprava.cz\/individualni-vyzivovy-plan-na-jeden-mesic-bodystat-vysetreni-klidoveho-metabolismu-vysetreni-energetickeho-metabolismu\/\",\"url\":\"https:\/\/www.kondicnipriprava.cz\/individualni-vyzivovy-plan-na-jeden-mesic-bodystat-vysetreni-klidoveho-metabolismu-vysetreni-energetickeho-metabolismu\/\",\"name\":\"Individu\u00e1ln\u00ed v\u00fd\u017eivov\u00fd pl\u00e1n na jeden m\u011bs\u00edc (Bodystat + vy\u0161et\u0159en\u00ed klidov\u00e9ho metabolismu + vy\u0161et\u0159en\u00ed energetick\u00e9ho metabolismu) - kondicnipriprava.cz\",\"isPartOf\":{\"@id\":\"https:\/\/www.kondicnipriprava.cz\/#website\"},\"datePublished\":\"2021-01-21T14:52:22+00:00\",\"dateModified\":\"2021-01-21T14:58:37+00:00\",\"breadcrumb\":{\"@id\":\"https:\/\/www.kondicnipriprava.cz\/individualni-vyzivovy-plan-na-jeden-mesic-bodystat-vysetreni-klidoveho-metabolismu-vysetreni-energetickeho-metabolismu\/#breadcrumb\"},\"inLanguage\":\"en-US\",\"potentialAction\":[{\"@type\":\"ReadAction\",\"target\":[\"https:\/\/www.kondicnipriprava.cz\/individualni-vyzivovy-plan-na-jeden-mesic-bodystat-vysetreni-klidoveho-metabolismu-vysetreni-energetickeho-metabolismu\/\"]}]},{\"@type\":\"BreadcrumbList\",\"@id\":\"https:\/\/www.kondicnipriprava.cz\/individualni-vyzivovy-plan-na-jeden-mesic-bodystat-vysetreni-klidoveho-metabolismu-vysetreni-energetickeho-metabolismu\/#breadcrumb\",\"itemListElement\":[{\"@type\":\"ListItem\",\"position\":1,\"name\":\"Dom\u016f\",\"item\":\"https:\/\/www.kondicnipriprava.cz\/\"},{\"@type\":\"ListItem\",\"position\":2,\"name\":\"Individu\u00e1ln\u00ed v\u00fd\u017eivov\u00fd pl\u00e1n na jeden m\u011bs\u00edc (Bodystat + vy\u0161et\u0159en\u00ed klidov\u00e9ho metabolismu + vy\u0161et\u0159en\u00ed energetick\u00e9ho metabolismu)\"}]},{\"@type\":\"WebSite\",\"@id\":\"https:\/\/www.kondicnipriprava.cz\/#website\",\"url\":\"https:\/\/www.kondicnipriprava.cz\/\",\"name\":\"kondicnipriprava.cz\",\"description\":\"Kondi\u010dn\u00ed p\u0159\u00edprava pro vrcholov\u00e9 sportovce\",\"publisher\":{\"@id\":\"https:\/\/www.kondicnipriprava.cz\/#organization\"},\"potentialAction\":[{\"@type\":\"SearchAction\",\"target\":{\"@type\":\"EntryPoint\",\"urlTemplate\":\"https:\/\/www.kondicnipriprava.cz\/?s={search_term_string}\"},\"query-input\":{\"@type\":\"PropertyValueSpecification\",\"valueRequired\":true,\"valueName\":\"search_term_string\"}}],\"inLanguage\":\"en-US\"},{\"@type\":\"Organization\",\"@id\":\"https:\/\/www.kondicnipriprava.cz\/#organization\",\"name\":\"kondicnipriprava.cz\",\"url\":\"https:\/\/www.kondicnipriprava.cz\/\",\"logo\":{\"@type\":\"ImageObject\",\"inLanguage\":\"en-US\",\"@id\":\"https:\/\/www.kondicnipriprava.cz\/#\/schema\/logo\/image\/\",\"url\":\"https:\/\/www.kondicnipriprava.cz\/wp-content\/uploads\/2020\/03\/cropped-ft-logo-web-elementor.jpg\",\"contentUrl\":\"https:\/\/www.kondicnipriprava.cz\/wp-content\/uploads\/2020\/03\/cropped-ft-logo-web-elementor.jpg\",\"width\":305,\"height\":100,\"caption\":\"kondicnipriprava.cz\"},\"image\":{\"@id\":\"https:\/\/www.kondicnipriprava.cz\/#\/schema\/logo\/image\/\"}}]}<\/script>\n<!-- \/ Yoast SEO plugin. -->","yoast_head_json":{"title":"Individu\u00e1ln\u00ed v\u00fd\u017eivov\u00fd pl\u00e1n na jeden m\u011bs\u00edc (Bodystat + vy\u0161et\u0159en\u00ed klidov\u00e9ho metabolismu + vy\u0161et\u0159en\u00ed energetick\u00e9ho metabolismu) - kondicnipriprava.cz","robots":{"index":"index","follow":"follow","max-snippet":"max-snippet:-1","max-image-preview":"max-image-preview:large","max-video-preview":"max-video-preview:-1"},"canonical":"https:\/\/www.kondicnipriprava.cz\/en\/individualni-vyzivovy-plan-na-jeden-mesic-bodystat-vysetreni-klidoveho-metabolismu-vysetreni-energetickeho-metabolismu\/","og_locale":"en_US","og_type":"article","og_title":"Individu\u00e1ln\u00ed v\u00fd\u017eivov\u00fd pl\u00e1n na jeden m\u011bs\u00edc (Bodystat + vy\u0161et\u0159en\u00ed klidov\u00e9ho metabolismu + vy\u0161et\u0159en\u00ed energetick\u00e9ho metabolismu) - kondicnipriprava.cz","og_description":"INDIVIDU\u00c1LN\u00cd V\u00dd\u017dIVOV\u00dd PL\u00c1N Individu\u00e1ln\u00ed v\u00fd\u017eivov\u00fd pl\u00e1n je ur\u010den pro klienty, kte\u0159\u00ed cht\u011bj\u00ed zdrav\u011b a bezpe\u010dn\u011b redukovat svoji hmotnost, nab\u00edrat svalovou&hellip;  Read more","og_url":"https:\/\/www.kondicnipriprava.cz\/en\/individualni-vyzivovy-plan-na-jeden-mesic-bodystat-vysetreni-klidoveho-metabolismu-vysetreni-energetickeho-metabolismu\/","og_site_name":"kondicnipriprava.cz","article_modified_time":"2021-01-21T14:58:37+00:00","twitter_card":"summary_large_image","twitter_misc":{"Est. reading time":"1 minute"},"schema":{"@context":"https:\/\/schema.org","@graph":[{"@type":"WebPage","@id":"https:\/\/www.kondicnipriprava.cz\/individualni-vyzivovy-plan-na-jeden-mesic-bodystat-vysetreni-klidoveho-metabolismu-vysetreni-energetickeho-metabolismu\/","url":"https:\/\/www.kondicnipriprava.cz\/individualni-vyzivovy-plan-na-jeden-mesic-bodystat-vysetreni-klidoveho-metabolismu-vysetreni-energetickeho-metabolismu\/","name":"Individu\u00e1ln\u00ed v\u00fd\u017eivov\u00fd pl\u00e1n na jeden m\u011bs\u00edc (Bodystat + vy\u0161et\u0159en\u00ed klidov\u00e9ho metabolismu + vy\u0161et\u0159en\u00ed energetick\u00e9ho metabolismu) - kondicnipriprava.cz","isPartOf":{"@id":"https:\/\/www.kondicnipriprava.cz\/#website"},"datePublished":"2021-01-21T14:52:22+00:00","dateModified":"2021-01-21T14:58:37+00:00","breadcrumb":{"@id":"https:\/\/www.kondicnipriprava.cz\/individualni-vyzivovy-plan-na-jeden-mesic-bodystat-vysetreni-klidoveho-metabolismu-vysetreni-energetickeho-metabolismu\/#breadcrumb"},"inLanguage":"en-US","potentialAction":[{"@type":"ReadAction","target":["https:\/\/www.kondicnipriprava.cz\/individualni-vyzivovy-plan-na-jeden-mesic-bodystat-vysetreni-klidoveho-metabolismu-vysetreni-energetickeho-metabolismu\/"]}]},{"@type":"BreadcrumbList","@id":"https:\/\/www.kondicnipriprava.cz\/individualni-vyzivovy-plan-na-jeden-mesic-bodystat-vysetreni-klidoveho-metabolismu-vysetreni-energetickeho-metabolismu\/#breadcrumb","itemListElement":[{"@type":"ListItem","position":1,"name":"Dom\u016f","item":"https:\/\/www.kondicnipriprava.cz\/"},{"@type":"ListItem","position":2,"name":"Individu\u00e1ln\u00ed v\u00fd\u017eivov\u00fd pl\u00e1n na jeden m\u011bs\u00edc (Bodystat + vy\u0161et\u0159en\u00ed klidov\u00e9ho metabolismu + vy\u0161et\u0159en\u00ed energetick\u00e9ho metabolismu)"}]},{"@type":"WebSite","@id":"https:\/\/www.kondicnipriprava.cz\/#website","url":"https:\/\/www.kondicnipriprava.cz\/","name":"kondicnipriprava.cz","description":"Kondi\u010dn\u00ed p\u0159\u00edprava pro vrcholov\u00e9 sportovce","publisher":{"@id":"https:\/\/www.kondicnipriprava.cz\/#organization"},"potentialAction":[{"@type":"SearchAction","target":{"@type":"EntryPoint","urlTemplate":"https:\/\/www.kondicnipriprava.cz\/?s={search_term_string}"},"query-input":{"@type":"PropertyValueSpecification","valueRequired":true,"valueName":"search_term_string"}}],"inLanguage":"en-US"},{"@type":"Organization","@id":"https:\/\/www.kondicnipriprava.cz\/#organization","name":"kondicnipriprava.cz","url":"https:\/\/www.kondicnipriprava.cz\/","logo":{"@type":"ImageObject","inLanguage":"en-US","@id":"https:\/\/www.kondicnipriprava.cz\/#\/schema\/logo\/image\/","url":"https:\/\/www.kondicnipriprava.cz\/wp-content\/uploads\/2020\/03\/cropped-ft-logo-web-elementor.jpg","contentUrl":"https:\/\/www.kondicnipriprava.cz\/wp-content\/uploads\/2020\/03\/cropped-ft-logo-web-elementor.jpg","width":305,"height":100,"caption":"kondicnipriprava.cz"},"image":{"@id":"https:\/\/www.kondicnipriprava.cz\/#\/schema\/logo\/image\/"}}]}},"_links":{"self":[{"href":"https:\/\/www.kondicnipriprava.cz\/en\/wp-json\/wp\/v2\/pages\/12668","targetHints":{"allow":["GET"]}}],"collection":[{"href":"https:\/\/www.kondicnipriprava.cz\/en\/wp-json\/wp\/v2\/pages"}],"about":[{"href":"https:\/\/www.kondicnipriprava.cz\/en\/wp-json\/wp\/v2\/types\/page"}],"author":[{"embeddable":true,"href":"https:\/\/www.kondicnipriprava.cz\/en\/wp-json\/wp\/v2\/users\/1"}],"replies":[{"embeddable":true,"href":"https:\/\/www.kondicnipriprava.cz\/en\/wp-json\/wp\/v2\/comments?post=12668"}],"version-history":[{"count":0,"href":"https:\/\/www.kondicnipriprava.cz\/en\/wp-json\/wp\/v2\/pages\/12668\/revisions"}],"wp:attachment":[{"href":"https:\/\/www.kondicnipriprava.cz\/en\/wp-json\/wp\/v2\/media?parent=12668"}],"curies":[{"name":"wp","href":"https:\/\/api.w.org\/{rel}","templated":true}]}}