{"id":12661,"date":"2021-01-21T14:32:21","date_gmt":"2021-01-21T14:32:21","guid":{"rendered":"https:\/\/www.kondicnipriprava.cz\/?page_id=12661"},"modified":"2021-01-21T15:00:32","modified_gmt":"2021-01-21T15:00:32","slug":"vysetreni-energetickeho-metabolismu","status":"publish","type":"page","link":"https:\/\/www.kondicnipriprava.cz\/en\/vysetreni-energetickeho-metabolismu\/","title":{"rendered":"Vy\u0161et\u0159en\u00ed energetick\u00e9ho metabolismu"},"content":{"rendered":"<h4>ENERGETICK\u00dd METABOLISMUS (NA P\u0158\u00cdSTROJI CORTEX)<\/h4>\n<p>\u2013 m\u011b\u0159en\u00ed energetick\u00e9ho v\u00fddeje klienta<br \/>\n\u2013 vyu\u017eit\u00ed cukr\u016f, tuk\u016f a b\u00edlkovin na z\u00e1klad\u011b pom\u011bru mezi spot\u0159ebovan\u00fdm kysl\u00edkem a vydechovan\u00fdm oxidem uhli\u010dit\u00fdm<br \/>\n\u2013 m\u011b\u0159en\u00ed energetick\u00e9 rovnov\u00e1hy a m\u00edry spalov\u00e1n\u00ed tuk\u016f a cukr\u016f s rostouc\u00ed z\u00e1t\u011b\u017e\u00ed<br \/>\n\u2013 stanoven\u00ed optim\u00e1ln\u00edch z\u00f3n tepov\u00e9 frekvence pro spalov\u00e1n\u00ed tuk\u016f<\/p>\n<p>&nbsp;<\/p>\n<p>&nbsp;<\/p>","protected":false},"excerpt":{"rendered":"<p>ENERGETICK\u00dd METABOLISMUS (NA P\u0158\u00cdSTROJI CORTEX) \u2013 m\u011b\u0159en\u00ed energetick\u00e9ho v\u00fddeje klienta \u2013 vyu\u017eit\u00ed cukr\u016f, tuk\u016f a b\u00edlkovin na z\u00e1klad\u011b pom\u011bru mezi&hellip;<\/p>\n<p> <a class=\"more-link\" href=\"https:\/\/www.kondicnipriprava.cz\/en\/vysetreni-energetickeho-metabolismu\/\">Read more<\/a><\/p>","protected":false},"author":1,"featured_media":0,"parent":0,"menu_order":0,"comment_status":"closed","ping_status":"closed","template":"","meta":{"footnotes":""},"class_list":["post-12661","page","type-page","status-publish"],"yoast_head":"<!-- This site is optimized with the Yoast SEO plugin v24.2 - https:\/\/yoast.com\/wordpress\/plugins\/seo\/ -->\n<title>Vy\u0161et\u0159en\u00ed energetick\u00e9ho metabolismu - kondicnipriprava.cz<\/title>\n<meta name=\"robots\" content=\"index, follow, max-snippet:-1, max-image-preview:large, max-video-preview:-1\" \/>\n<link rel=\"canonical\" href=\"https:\/\/www.kondicnipriprava.cz\/en\/vysetreni-energetickeho-metabolismu\/\" \/>\n<meta property=\"og:locale\" content=\"en_US\" \/>\n<meta property=\"og:type\" content=\"article\" \/>\n<meta property=\"og:title\" content=\"Vy\u0161et\u0159en\u00ed energetick\u00e9ho metabolismu - kondicnipriprava.cz\" \/>\n<meta property=\"og:description\" content=\"ENERGETICK\u00dd METABOLISMUS (NA P\u0158\u00cdSTROJI CORTEX) \u2013 m\u011b\u0159en\u00ed energetick\u00e9ho v\u00fddeje klienta \u2013 vyu\u017eit\u00ed cukr\u016f, tuk\u016f a b\u00edlkovin na z\u00e1klad\u011b pom\u011bru mezi&hellip;  Read more\" \/>\n<meta property=\"og:url\" content=\"https:\/\/www.kondicnipriprava.cz\/en\/vysetreni-energetickeho-metabolismu\/\" \/>\n<meta property=\"og:site_name\" content=\"kondicnipriprava.cz\" \/>\n<meta property=\"article:modified_time\" content=\"2021-01-21T15:00:32+00:00\" \/>\n<meta name=\"twitter:card\" content=\"summary_large_image\" \/>\n<script type=\"application\/ld+json\" class=\"yoast-schema-graph\">{\"@context\":\"https:\/\/schema.org\",\"@graph\":[{\"@type\":\"WebPage\",\"@id\":\"https:\/\/www.kondicnipriprava.cz\/vysetreni-energetickeho-metabolismu\/\",\"url\":\"https:\/\/www.kondicnipriprava.cz\/vysetreni-energetickeho-metabolismu\/\",\"name\":\"Vy\u0161et\u0159en\u00ed energetick\u00e9ho metabolismu - kondicnipriprava.cz\",\"isPartOf\":{\"@id\":\"https:\/\/www.kondicnipriprava.cz\/#website\"},\"datePublished\":\"2021-01-21T14:32:21+00:00\",\"dateModified\":\"2021-01-21T15:00:32+00:00\",\"breadcrumb\":{\"@id\":\"https:\/\/www.kondicnipriprava.cz\/vysetreni-energetickeho-metabolismu\/#breadcrumb\"},\"inLanguage\":\"en-US\",\"potentialAction\":[{\"@type\":\"ReadAction\",\"target\":[\"https:\/\/www.kondicnipriprava.cz\/vysetreni-energetickeho-metabolismu\/\"]}]},{\"@type\":\"BreadcrumbList\",\"@id\":\"https:\/\/www.kondicnipriprava.cz\/vysetreni-energetickeho-metabolismu\/#breadcrumb\",\"itemListElement\":[{\"@type\":\"ListItem\",\"position\":1,\"name\":\"Dom\u016f\",\"item\":\"https:\/\/www.kondicnipriprava.cz\/\"},{\"@type\":\"ListItem\",\"position\":2,\"name\":\"Vy\u0161et\u0159en\u00ed energetick\u00e9ho metabolismu\"}]},{\"@type\":\"WebSite\",\"@id\":\"https:\/\/www.kondicnipriprava.cz\/#website\",\"url\":\"https:\/\/www.kondicnipriprava.cz\/\",\"name\":\"kondicnipriprava.cz\",\"description\":\"Kondi\u010dn\u00ed p\u0159\u00edprava pro vrcholov\u00e9 sportovce\",\"publisher\":{\"@id\":\"https:\/\/www.kondicnipriprava.cz\/#organization\"},\"potentialAction\":[{\"@type\":\"SearchAction\",\"target\":{\"@type\":\"EntryPoint\",\"urlTemplate\":\"https:\/\/www.kondicnipriprava.cz\/?s={search_term_string}\"},\"query-input\":{\"@type\":\"PropertyValueSpecification\",\"valueRequired\":true,\"valueName\":\"search_term_string\"}}],\"inLanguage\":\"en-US\"},{\"@type\":\"Organization\",\"@id\":\"https:\/\/www.kondicnipriprava.cz\/#organization\",\"name\":\"kondicnipriprava.cz\",\"url\":\"https:\/\/www.kondicnipriprava.cz\/\",\"logo\":{\"@type\":\"ImageObject\",\"inLanguage\":\"en-US\",\"@id\":\"https:\/\/www.kondicnipriprava.cz\/#\/schema\/logo\/image\/\",\"url\":\"https:\/\/www.kondicnipriprava.cz\/wp-content\/uploads\/2020\/03\/cropped-ft-logo-web-elementor.jpg\",\"contentUrl\":\"https:\/\/www.kondicnipriprava.cz\/wp-content\/uploads\/2020\/03\/cropped-ft-logo-web-elementor.jpg\",\"width\":305,\"height\":100,\"caption\":\"kondicnipriprava.cz\"},\"image\":{\"@id\":\"https:\/\/www.kondicnipriprava.cz\/#\/schema\/logo\/image\/\"}}]}<\/script>\n<!-- \/ Yoast SEO plugin. -->","yoast_head_json":{"title":"Vy\u0161et\u0159en\u00ed energetick\u00e9ho metabolismu - kondicnipriprava.cz","robots":{"index":"index","follow":"follow","max-snippet":"max-snippet:-1","max-image-preview":"max-image-preview:large","max-video-preview":"max-video-preview:-1"},"canonical":"https:\/\/www.kondicnipriprava.cz\/en\/vysetreni-energetickeho-metabolismu\/","og_locale":"en_US","og_type":"article","og_title":"Vy\u0161et\u0159en\u00ed energetick\u00e9ho metabolismu - kondicnipriprava.cz","og_description":"ENERGETICK\u00dd METABOLISMUS (NA P\u0158\u00cdSTROJI CORTEX) \u2013 m\u011b\u0159en\u00ed energetick\u00e9ho v\u00fddeje klienta \u2013 vyu\u017eit\u00ed cukr\u016f, tuk\u016f a b\u00edlkovin na z\u00e1klad\u011b pom\u011bru mezi&hellip;  Read more","og_url":"https:\/\/www.kondicnipriprava.cz\/en\/vysetreni-energetickeho-metabolismu\/","og_site_name":"kondicnipriprava.cz","article_modified_time":"2021-01-21T15:00:32+00:00","twitter_card":"summary_large_image","schema":{"@context":"https:\/\/schema.org","@graph":[{"@type":"WebPage","@id":"https:\/\/www.kondicnipriprava.cz\/vysetreni-energetickeho-metabolismu\/","url":"https:\/\/www.kondicnipriprava.cz\/vysetreni-energetickeho-metabolismu\/","name":"Vy\u0161et\u0159en\u00ed energetick\u00e9ho metabolismu - kondicnipriprava.cz","isPartOf":{"@id":"https:\/\/www.kondicnipriprava.cz\/#website"},"datePublished":"2021-01-21T14:32:21+00:00","dateModified":"2021-01-21T15:00:32+00:00","breadcrumb":{"@id":"https:\/\/www.kondicnipriprava.cz\/vysetreni-energetickeho-metabolismu\/#breadcrumb"},"inLanguage":"en-US","potentialAction":[{"@type":"ReadAction","target":["https:\/\/www.kondicnipriprava.cz\/vysetreni-energetickeho-metabolismu\/"]}]},{"@type":"BreadcrumbList","@id":"https:\/\/www.kondicnipriprava.cz\/vysetreni-energetickeho-metabolismu\/#breadcrumb","itemListElement":[{"@type":"ListItem","position":1,"name":"Dom\u016f","item":"https:\/\/www.kondicnipriprava.cz\/"},{"@type":"ListItem","position":2,"name":"Vy\u0161et\u0159en\u00ed energetick\u00e9ho metabolismu"}]},{"@type":"WebSite","@id":"https:\/\/www.kondicnipriprava.cz\/#website","url":"https:\/\/www.kondicnipriprava.cz\/","name":"kondicnipriprava.cz","description":"Kondi\u010dn\u00ed p\u0159\u00edprava pro vrcholov\u00e9 sportovce","publisher":{"@id":"https:\/\/www.kondicnipriprava.cz\/#organization"},"potentialAction":[{"@type":"SearchAction","target":{"@type":"EntryPoint","urlTemplate":"https:\/\/www.kondicnipriprava.cz\/?s={search_term_string}"},"query-input":{"@type":"PropertyValueSpecification","valueRequired":true,"valueName":"search_term_string"}}],"inLanguage":"en-US"},{"@type":"Organization","@id":"https:\/\/www.kondicnipriprava.cz\/#organization","name":"kondicnipriprava.cz","url":"https:\/\/www.kondicnipriprava.cz\/","logo":{"@type":"ImageObject","inLanguage":"en-US","@id":"https:\/\/www.kondicnipriprava.cz\/#\/schema\/logo\/image\/","url":"https:\/\/www.kondicnipriprava.cz\/wp-content\/uploads\/2020\/03\/cropped-ft-logo-web-elementor.jpg","contentUrl":"https:\/\/www.kondicnipriprava.cz\/wp-content\/uploads\/2020\/03\/cropped-ft-logo-web-elementor.jpg","width":305,"height":100,"caption":"kondicnipriprava.cz"},"image":{"@id":"https:\/\/www.kondicnipriprava.cz\/#\/schema\/logo\/image\/"}}]}},"_links":{"self":[{"href":"https:\/\/www.kondicnipriprava.cz\/en\/wp-json\/wp\/v2\/pages\/12661","targetHints":{"allow":["GET"]}}],"collection":[{"href":"https:\/\/www.kondicnipriprava.cz\/en\/wp-json\/wp\/v2\/pages"}],"about":[{"href":"https:\/\/www.kondicnipriprava.cz\/en\/wp-json\/wp\/v2\/types\/page"}],"author":[{"embeddable":true,"href":"https:\/\/www.kondicnipriprava.cz\/en\/wp-json\/wp\/v2\/users\/1"}],"replies":[{"embeddable":true,"href":"https:\/\/www.kondicnipriprava.cz\/en\/wp-json\/wp\/v2\/comments?post=12661"}],"version-history":[{"count":0,"href":"https:\/\/www.kondicnipriprava.cz\/en\/wp-json\/wp\/v2\/pages\/12661\/revisions"}],"wp:attachment":[{"href":"https:\/\/www.kondicnipriprava.cz\/en\/wp-json\/wp\/v2\/media?parent=12661"}],"curies":[{"name":"wp","href":"https:\/\/api.w.org\/{rel}","templated":true}]}}