{"id":11865,"date":"2019-08-20T13:41:16","date_gmt":"2019-08-20T13:41:16","guid":{"rendered":"http:\/\/www.kondicnipriprava.cz\/?page_id=11865"},"modified":"2019-08-20T13:41:16","modified_gmt":"2019-08-20T13:41:16","slug":"vysledky-do-16-mista-a-ucasti-oh-ms-me-ms23-me23-ms19-me19-sp-sp19-ep-ep19-v-letech-2000-2016","status":"publish","type":"page","link":"https:\/\/www.kondicnipriprava.cz\/en\/vysledky-do-16-mista-a-ucasti-oh-ms-me-ms23-me23-ms19-me19-sp-sp19-ep-ep19-v-letech-2000-2016\/","title":{"rendered":"V\u00fdsledky do 16.m\u00edsta a \u00fa\u010dasti OH, MS, ME, MS23, ME23, MS19, ME19, SP, SP19, EP, EP19 v letech 2000 \u2013 2016"},"content":{"rendered":"<p><strong>V\u00fdsledky do 16.m\u00edsta a \u00fa\u010dasti OH, MS, ME, MS23, ME23, MS19, ME19, SP, SP19, EP, EP19 v letech 2000 \u2013 2016:<\/strong><\/p>\n<p><strong>OH<\/strong> \u2013 10.m\u00edsto Drahotov\u00e1 A. (2016), 16.m\u00edsto Holu\u0161a (2000) dal\u0161\u00ed \u00fa\u010dasti: 2004 Holu\u0161a, Dibelkov\u00e1, Malysa, 2008 Schindlerov\u00e1, 2016 Gdula<br \/>\n<strong>MS<\/strong> \u2013 5.m\u00edsto Dibelkov\u00e1 (2005), 7.m\u00edsto Drahotov\u00e1 A.(2013), 8.m\u00edsto Drahotov\u00e1 A.(2015), 9.Malysa (2003), 16.m\u00edsto Holu\u0161a (2001) dal\u0161\u00ed \u00fa\u010dasti Holu\u0161a 3x, Dibelkov\u00e1 2x, Schindlerov\u00e1 2x, Gdula, cyklistika Hn\u00edk 2x<br \/>\n<strong>ME<\/strong> \u2013 3.m\u00edsto Drahotov\u00e1 A.(2014) dal\u0161\u00ed \u00fa\u010dasti: Schindlerov\u00e1, Gdula,<br \/>\n<strong>MS23<\/strong> \u2013 cyklistika cyklokros 3.m\u00edsto Hn\u00edk dal\u0161\u00ed \u00fa\u010dasti triatlon V\u00edtov\u00e1 2x, silnice Hn\u00edk,<br \/>\n<strong>ME23<\/strong> \u2013 2.m\u00edsto Schindlerov\u00e1 (2009), 2.m\u00edsto Drahotov\u00e1 A. (2015), 3.m\u00edsto Dibelkov\u00e1 (2005), 6.m\u00edsto Dibelkov\u00e1 (2003), 6.m\u00edsto Schindlerov\u00e1 (2007),7.m\u00edsto Gdula (2013), 7.m\u00edsto Drahotov\u00e1 A.(2017),9.m\u00edsto Pelantov\u00e1 (2007), 11.m\u00edsto Drahotov\u00e1 (5.000m 2015) dal\u0161\u00ed \u00fa\u010dasti triatlon V\u00edtov\u00e1 2x, cyklistika Hn\u00edk<br \/>\n<strong>MS19<\/strong> \u2013 1.m\u00edsto Drahotov\u00e1 A. (2014), 6.m\u00edsto Drahotov\u00e1 A. (2012), 8.m\u00edsto Dibelkov\u00e1 (2002), 12.m\u00edsto Chaloupka (2004), 12.m\u00edsto Drahotov\u00e1 E. (2012) dal\u0161\u00ed \u00fa\u010dasti: Drahotov\u00e1 E., Gdula, triatlon V\u00edtov\u00e1, cyklistika Hn\u00edk 2x, Drahotov\u00e1 A.,Drahotov\u00e1 E.<br \/>\n<strong>ME19<\/strong> \u2013 1.m\u00edsto Drahotov\u00e1 A. (2013), 3.m\u00edsto Drahotov\u00e1 E. (2013), 4.m\u00edsto Drahotov\u00e1 E. (2011), 5.m\u00edsto Pa\u0159\u00edzek 2001 dal\u0161\u00ed \u00fa\u010dasti: Dibelkov\u00e1, Drahotov\u00e1 E., Korvasov\u00e1, triatlon V\u00edtov\u00e1, cyklistika Hn\u00edk 2x<br \/>\n<strong>MS19<\/strong> b\u011bh do vrchu \u2013 4.m\u00edsto Korvasov\u00e1 \/1.m\u00edsto dru\u017estvo\/ (2015), 7.m\u00edsto Drahotov\u00e1 A., 11.m\u00edsto Drahotov\u00e1 E.,\/3.m\u00edsto dru\u017estvo Drah.A., Drah.E.,P\u016f\u010dkov\u00e1\/<br \/>\n<strong>ME19<\/strong> b\u011bh do vrchu \u2013 4.m\u00edsto Korvasov\u00e1 \/2.m\u00edsto dru\u017estvo\/ (2015)<br \/>\n<strong>MS17<\/strong> \u2013 6.m\u00edsto Drahotov\u00e1 A.(2011), 11.m\u00edsto Drahotov\u00e1 E.(2011)<br \/>\n<strong>MS chod.t\u00fdm\u016f<\/strong> \u2013 \u00fa\u010dast Motl, Maternov\u00e1, Drahotov\u00e1 A, Gdula (2016)<br \/>\n<strong>SP ch\u016fze<\/strong> &#8211; 12.m\u00edsto Holu\u0161a (2004), 16.m\u00edsto Schindlerov\u00e1 (2008), dal\u0161\u00ed \u00fa\u010dasti Dibelkov\u00e1 2x, Holu\u0161a 3x, Schindlerov\u00e1, Chaloupka, Pa\u0159\u00edzek, V\u00edtov\u00e1,<br \/>\n<strong>SP19 ch\u016fze<\/strong> \u2013 3.m\u00edsto Drahotov\u00e1 A.(2014),\/7.m\u00edsto dru\u017estvo\/, dal\u0161\u00ed \u00fa\u010dasti Drahotov\u00e1 E., Chaloupka, Pa\u0159\u00edzek<br \/>\n<strong>EP ch\u016fze<\/strong> \u2013 4.m\u00edsto Drahotov\u00e1 A.(2015)., 8.m\u00edsto Holu\u0161a(2003)., dal\u0161\u00ed \u00fa\u010dasti Dibelkov\u00e1, Drahotov\u00e1 E., \u0160kr\u00e1\u0161kov\u00e1, Chaloupka,<br \/>\n<strong>EP19 ch\u016fze<\/strong> \u2013 2.m\u00edsto Drahotov\u00e1 A., 7.m\u00edsto Drahotov\u00e1 E.\/2.m\u00edsto dru\u017estva\/ 2013, 7.m\u00edsto Drahotov\u00e1 A., 11.m\u00edsto Drahotov\u00e1 E.,\/3.m\u00edsto dru\u017estva\/, 8.m\u00edsto Chaloupka (2003), 11.m\u00edsto Pa\u0159\u00edzek (2001)<br \/>\ndal\u0161\u00ed \u00fa\u010dasti: Korvasov\u00e1, Gdula L., Gdula T.,<\/p>\n<p><strong>Dodnes platn\u00fd juniorsk\u00fd sv\u011btov\u00fd rekord Drahotov\u00e1 A. (10.000m ch\u016fze 42:47,26)<\/strong><\/p>\n<p><strong>Masters MS ch\u016fze:\u00a0Josef Smola\u00a0&#8211;\u00a0MS Perth (2016): 5.m\u00edsto\u00a010km\u00a0a 4. m\u00edsto\u00a020km<\/strong><\/p>\n<p><strong>Masters ME ch\u016fze: Josef Smola &#8211;\u00a0ME Aarhus (2017): 5.m\u00edsto 5km,\u00a0ME Madrid (2018): 4.m\u00edsto\u00a03km\u00a0a 5.m\u00edsto 5km<\/strong><\/p>","protected":false},"excerpt":{"rendered":"<p>V\u00fdsledky do 16.m\u00edsta a \u00fa\u010dasti OH, MS, ME, MS23, ME23, MS19, ME19, SP, SP19, EP, EP19 v letech 2000 \u2013&hellip;<\/p>\n<p> <a class=\"more-link\" href=\"https:\/\/www.kondicnipriprava.cz\/en\/vysledky-do-16-mista-a-ucasti-oh-ms-me-ms23-me23-ms19-me19-sp-sp19-ep-ep19-v-letech-2000-2016\/\">Read more<\/a><\/p>","protected":false},"author":1,"featured_media":0,"parent":0,"menu_order":0,"comment_status":"closed","ping_status":"closed","template":"","meta":{"footnotes":""},"class_list":["post-11865","page","type-page","status-publish"],"yoast_head":"<!-- This site is optimized with the Yoast SEO plugin v24.2 - https:\/\/yoast.com\/wordpress\/plugins\/seo\/ -->\n<title>V\u00fdsledky do 16.m\u00edsta a \u00fa\u010dasti OH, MS, ME, MS23, ME23, MS19, ME19, SP, SP19, EP, EP19 v letech 2000 \u2013 2016 - kondicnipriprava.cz<\/title>\n<meta name=\"robots\" content=\"index, follow, max-snippet:-1, max-image-preview:large, max-video-preview:-1\" \/>\n<link rel=\"canonical\" href=\"https:\/\/www.kondicnipriprava.cz\/en\/vysledky-do-16-mista-a-ucasti-oh-ms-me-ms23-me23-ms19-me19-sp-sp19-ep-ep19-v-letech-2000-2016\/\" \/>\n<meta property=\"og:locale\" content=\"en_US\" \/>\n<meta property=\"og:type\" content=\"article\" \/>\n<meta property=\"og:title\" content=\"V\u00fdsledky do 16.m\u00edsta a \u00fa\u010dasti OH, MS, ME, MS23, ME23, MS19, ME19, SP, SP19, EP, EP19 v letech 2000 \u2013 2016 - kondicnipriprava.cz\" \/>\n<meta property=\"og:description\" content=\"V\u00fdsledky do 16.m\u00edsta a \u00fa\u010dasti OH, MS, ME, MS23, ME23, MS19, ME19, SP, SP19, EP, EP19 v letech 2000 \u2013&hellip;  Read more\" \/>\n<meta property=\"og:url\" content=\"https:\/\/www.kondicnipriprava.cz\/en\/vysledky-do-16-mista-a-ucasti-oh-ms-me-ms23-me23-ms19-me19-sp-sp19-ep-ep19-v-letech-2000-2016\/\" \/>\n<meta property=\"og:site_name\" content=\"kondicnipriprava.cz\" \/>\n<meta name=\"twitter:card\" content=\"summary_large_image\" \/>\n<meta name=\"twitter:label1\" content=\"Est. reading time\" \/>\n\t<meta name=\"twitter:data1\" content=\"2 minutes\" \/>\n<script type=\"application\/ld+json\" class=\"yoast-schema-graph\">{\"@context\":\"https:\/\/schema.org\",\"@graph\":[{\"@type\":\"WebPage\",\"@id\":\"https:\/\/www.kondicnipriprava.cz\/vysledky-do-16-mista-a-ucasti-oh-ms-me-ms23-me23-ms19-me19-sp-sp19-ep-ep19-v-letech-2000-2016\/\",\"url\":\"https:\/\/www.kondicnipriprava.cz\/vysledky-do-16-mista-a-ucasti-oh-ms-me-ms23-me23-ms19-me19-sp-sp19-ep-ep19-v-letech-2000-2016\/\",\"name\":\"V\u00fdsledky do 16.m\u00edsta a \u00fa\u010dasti OH, MS, ME, MS23, ME23, MS19, ME19, SP, SP19, EP, EP19 v letech 2000 \u2013 2016 - kondicnipriprava.cz\",\"isPartOf\":{\"@id\":\"https:\/\/www.kondicnipriprava.cz\/#website\"},\"datePublished\":\"2019-08-20T13:41:16+00:00\",\"dateModified\":\"2019-08-20T13:41:16+00:00\",\"breadcrumb\":{\"@id\":\"https:\/\/www.kondicnipriprava.cz\/vysledky-do-16-mista-a-ucasti-oh-ms-me-ms23-me23-ms19-me19-sp-sp19-ep-ep19-v-letech-2000-2016\/#breadcrumb\"},\"inLanguage\":\"en-US\",\"potentialAction\":[{\"@type\":\"ReadAction\",\"target\":[\"https:\/\/www.kondicnipriprava.cz\/vysledky-do-16-mista-a-ucasti-oh-ms-me-ms23-me23-ms19-me19-sp-sp19-ep-ep19-v-letech-2000-2016\/\"]}]},{\"@type\":\"BreadcrumbList\",\"@id\":\"https:\/\/www.kondicnipriprava.cz\/vysledky-do-16-mista-a-ucasti-oh-ms-me-ms23-me23-ms19-me19-sp-sp19-ep-ep19-v-letech-2000-2016\/#breadcrumb\",\"itemListElement\":[{\"@type\":\"ListItem\",\"position\":1,\"name\":\"Dom\u016f\",\"item\":\"https:\/\/www.kondicnipriprava.cz\/\"},{\"@type\":\"ListItem\",\"position\":2,\"name\":\"V\u00fdsledky do 16.m\u00edsta a \u00fa\u010dasti OH, MS, ME, MS23, ME23, MS19, ME19, SP, SP19, EP, EP19 v letech 2000 \u2013 2016\"}]},{\"@type\":\"WebSite\",\"@id\":\"https:\/\/www.kondicnipriprava.cz\/#website\",\"url\":\"https:\/\/www.kondicnipriprava.cz\/\",\"name\":\"kondicnipriprava.cz\",\"description\":\"Kondi\u010dn\u00ed p\u0159\u00edprava pro vrcholov\u00e9 sportovce\",\"publisher\":{\"@id\":\"https:\/\/www.kondicnipriprava.cz\/#organization\"},\"potentialAction\":[{\"@type\":\"SearchAction\",\"target\":{\"@type\":\"EntryPoint\",\"urlTemplate\":\"https:\/\/www.kondicnipriprava.cz\/?s={search_term_string}\"},\"query-input\":{\"@type\":\"PropertyValueSpecification\",\"valueRequired\":true,\"valueName\":\"search_term_string\"}}],\"inLanguage\":\"en-US\"},{\"@type\":\"Organization\",\"@id\":\"https:\/\/www.kondicnipriprava.cz\/#organization\",\"name\":\"kondicnipriprava.cz\",\"url\":\"https:\/\/www.kondicnipriprava.cz\/\",\"logo\":{\"@type\":\"ImageObject\",\"inLanguage\":\"en-US\",\"@id\":\"https:\/\/www.kondicnipriprava.cz\/#\/schema\/logo\/image\/\",\"url\":\"https:\/\/www.kondicnipriprava.cz\/wp-content\/uploads\/2020\/03\/cropped-ft-logo-web-elementor.jpg\",\"contentUrl\":\"https:\/\/www.kondicnipriprava.cz\/wp-content\/uploads\/2020\/03\/cropped-ft-logo-web-elementor.jpg\",\"width\":305,\"height\":100,\"caption\":\"kondicnipriprava.cz\"},\"image\":{\"@id\":\"https:\/\/www.kondicnipriprava.cz\/#\/schema\/logo\/image\/\"}}]}<\/script>\n<!-- \/ Yoast SEO plugin. -->","yoast_head_json":{"title":"V\u00fdsledky do 16.m\u00edsta a \u00fa\u010dasti OH, MS, ME, MS23, ME23, MS19, ME19, SP, SP19, EP, EP19 v letech 2000 \u2013 2016 - kondicnipriprava.cz","robots":{"index":"index","follow":"follow","max-snippet":"max-snippet:-1","max-image-preview":"max-image-preview:large","max-video-preview":"max-video-preview:-1"},"canonical":"https:\/\/www.kondicnipriprava.cz\/en\/vysledky-do-16-mista-a-ucasti-oh-ms-me-ms23-me23-ms19-me19-sp-sp19-ep-ep19-v-letech-2000-2016\/","og_locale":"en_US","og_type":"article","og_title":"V\u00fdsledky do 16.m\u00edsta a \u00fa\u010dasti OH, MS, ME, MS23, ME23, MS19, ME19, SP, SP19, EP, EP19 v letech 2000 \u2013 2016 - kondicnipriprava.cz","og_description":"V\u00fdsledky do 16.m\u00edsta a \u00fa\u010dasti OH, MS, ME, MS23, ME23, MS19, ME19, SP, SP19, EP, EP19 v letech 2000 \u2013&hellip;  Read more","og_url":"https:\/\/www.kondicnipriprava.cz\/en\/vysledky-do-16-mista-a-ucasti-oh-ms-me-ms23-me23-ms19-me19-sp-sp19-ep-ep19-v-letech-2000-2016\/","og_site_name":"kondicnipriprava.cz","twitter_card":"summary_large_image","twitter_misc":{"Est. reading time":"2 minutes"},"schema":{"@context":"https:\/\/schema.org","@graph":[{"@type":"WebPage","@id":"https:\/\/www.kondicnipriprava.cz\/vysledky-do-16-mista-a-ucasti-oh-ms-me-ms23-me23-ms19-me19-sp-sp19-ep-ep19-v-letech-2000-2016\/","url":"https:\/\/www.kondicnipriprava.cz\/vysledky-do-16-mista-a-ucasti-oh-ms-me-ms23-me23-ms19-me19-sp-sp19-ep-ep19-v-letech-2000-2016\/","name":"V\u00fdsledky do 16.m\u00edsta a \u00fa\u010dasti OH, MS, ME, MS23, ME23, MS19, ME19, SP, SP19, EP, EP19 v letech 2000 \u2013 2016 - kondicnipriprava.cz","isPartOf":{"@id":"https:\/\/www.kondicnipriprava.cz\/#website"},"datePublished":"2019-08-20T13:41:16+00:00","dateModified":"2019-08-20T13:41:16+00:00","breadcrumb":{"@id":"https:\/\/www.kondicnipriprava.cz\/vysledky-do-16-mista-a-ucasti-oh-ms-me-ms23-me23-ms19-me19-sp-sp19-ep-ep19-v-letech-2000-2016\/#breadcrumb"},"inLanguage":"en-US","potentialAction":[{"@type":"ReadAction","target":["https:\/\/www.kondicnipriprava.cz\/vysledky-do-16-mista-a-ucasti-oh-ms-me-ms23-me23-ms19-me19-sp-sp19-ep-ep19-v-letech-2000-2016\/"]}]},{"@type":"BreadcrumbList","@id":"https:\/\/www.kondicnipriprava.cz\/vysledky-do-16-mista-a-ucasti-oh-ms-me-ms23-me23-ms19-me19-sp-sp19-ep-ep19-v-letech-2000-2016\/#breadcrumb","itemListElement":[{"@type":"ListItem","position":1,"name":"Dom\u016f","item":"https:\/\/www.kondicnipriprava.cz\/"},{"@type":"ListItem","position":2,"name":"V\u00fdsledky do 16.m\u00edsta a \u00fa\u010dasti OH, MS, ME, MS23, ME23, MS19, ME19, SP, SP19, EP, EP19 v letech 2000 \u2013 2016"}]},{"@type":"WebSite","@id":"https:\/\/www.kondicnipriprava.cz\/#website","url":"https:\/\/www.kondicnipriprava.cz\/","name":"kondicnipriprava.cz","description":"Kondi\u010dn\u00ed p\u0159\u00edprava pro vrcholov\u00e9 sportovce","publisher":{"@id":"https:\/\/www.kondicnipriprava.cz\/#organization"},"potentialAction":[{"@type":"SearchAction","target":{"@type":"EntryPoint","urlTemplate":"https:\/\/www.kondicnipriprava.cz\/?s={search_term_string}"},"query-input":{"@type":"PropertyValueSpecification","valueRequired":true,"valueName":"search_term_string"}}],"inLanguage":"en-US"},{"@type":"Organization","@id":"https:\/\/www.kondicnipriprava.cz\/#organization","name":"kondicnipriprava.cz","url":"https:\/\/www.kondicnipriprava.cz\/","logo":{"@type":"ImageObject","inLanguage":"en-US","@id":"https:\/\/www.kondicnipriprava.cz\/#\/schema\/logo\/image\/","url":"https:\/\/www.kondicnipriprava.cz\/wp-content\/uploads\/2020\/03\/cropped-ft-logo-web-elementor.jpg","contentUrl":"https:\/\/www.kondicnipriprava.cz\/wp-content\/uploads\/2020\/03\/cropped-ft-logo-web-elementor.jpg","width":305,"height":100,"caption":"kondicnipriprava.cz"},"image":{"@id":"https:\/\/www.kondicnipriprava.cz\/#\/schema\/logo\/image\/"}}]}},"_links":{"self":[{"href":"https:\/\/www.kondicnipriprava.cz\/en\/wp-json\/wp\/v2\/pages\/11865","targetHints":{"allow":["GET"]}}],"collection":[{"href":"https:\/\/www.kondicnipriprava.cz\/en\/wp-json\/wp\/v2\/pages"}],"about":[{"href":"https:\/\/www.kondicnipriprava.cz\/en\/wp-json\/wp\/v2\/types\/page"}],"author":[{"embeddable":true,"href":"https:\/\/www.kondicnipriprava.cz\/en\/wp-json\/wp\/v2\/users\/1"}],"replies":[{"embeddable":true,"href":"https:\/\/www.kondicnipriprava.cz\/en\/wp-json\/wp\/v2\/comments?post=11865"}],"version-history":[{"count":0,"href":"https:\/\/www.kondicnipriprava.cz\/en\/wp-json\/wp\/v2\/pages\/11865\/revisions"}],"wp:attachment":[{"href":"https:\/\/www.kondicnipriprava.cz\/en\/wp-json\/wp\/v2\/media?parent=11865"}],"curies":[{"name":"wp","href":"https:\/\/api.w.org\/{rel}","templated":true}]}}