{"id":101,"date":"2019-02-16T15:10:52","date_gmt":"2019-02-16T15:10:52","guid":{"rendered":"http:\/\/www.kondicnipriprava.cz\/?page_id=101"},"modified":"2021-01-21T15:01:54","modified_gmt":"2021-01-21T15:01:54","slug":"vysetreni-slozeni-tela-bodystat","status":"publish","type":"page","link":"https:\/\/www.kondicnipriprava.cz\/en\/sluzby\/vysetreni-slozeni-tela-bodystat\/","title":{"rendered":"Vy\u0161et\u0159en\u00ed slo\u017een\u00ed t\u011bla (Bodystat)"},"content":{"rendered":"<div data-elementor-type=\"wp-page\" data-elementor-id=\"101\" class=\"elementor elementor-101\">\n\t\t\t\t\t\t<div class=\"elementor-inner\">\n\t\t\t\t<div class=\"elementor-section-wrap\">\n\t\t\t\t\t\t\t\t\t<section class=\"elementor-section elementor-top-section elementor-element elementor-element-68465f05 elementor-section-boxed elementor-section-height-default elementor-section-height-default\" data-id=\"68465f05\" data-element_type=\"section\">\n\t\t\t\t\t\t<div class=\"elementor-container elementor-column-gap-default\">\n\t\t\t\t\t\t\t<div class=\"elementor-row\">\n\t\t\t\t\t<div class=\"elementor-column elementor-col-100 elementor-top-column elementor-element elementor-element-280c8623\" data-id=\"280c8623\" data-element_type=\"column\">\n\t\t\t<div class=\"elementor-column-wrap elementor-element-populated\">\n\t\t\t\t\t\t\t<div class=\"elementor-widget-wrap\">\n\t\t\t\t\t\t<div class=\"elementor-element elementor-element-515bf6b1 elementor-widget elementor-widget-text-editor\" data-id=\"515bf6b1\" data-element_type=\"widget\" data-widget_type=\"text-editor.default\">\n\t\t\t\t<div class=\"elementor-widget-container\">\n\t\t\t\t\t\t\t\t<div class=\"elementor-text-editor elementor-clearfix\">\n\t\t\t\t<header class=\"entry-header\"><h2 class=\"entry-title\">Bodystat<\/h2><\/header><div class=\"entry-content\"><p>Bioimpedan\u010dn\u00ed analyz\u00e1tory slo\u017een\u00ed t\u011bla pracuj\u00ed na principu m\u011b\u0159en\u00ed r\u016fzn\u00fdch slo\u017eek proudov\u00fdch odpor\u016f p\u0159i pr\u016fchodu referen\u010dn\u00edho vzorku t\u011blesn\u00fdmi strukturami. N\u00e1sledn\u011b jsou takzvan\u00fdmi predik\u010dn\u00edmi rovnicemi vypo\u010d\u00edt\u00e1ny hodnoty slo\u017een\u00ed t\u011bla v absolutn\u00edch hodnot\u00e1ch i procentu\u00e1ln\u011b \u2013 tuk, aktivn\u00ed t\u011blesn\u00e1 hmota celkov\u011b i s ode\u010dtem vodn\u00edho pod\u00edlu, celkov\u00e1 t\u011blesn\u00e1 voda (u \u0161pi\u010dkov\u00fdch kategori\u00ed p\u0159\u00edstroj\u016f lze rozli\u0161it i vodu intra \u2013 a extracelul\u00e1rn\u00ed) Nam\u011b\u0159en\u00e9 hodnoty a vypo\u010d\u00edtan\u00e9 v\u00fdsledky u nejlep\u0161\u00edch oborov\u00fdch p\u0159\u00edstroj\u016f maj\u00ed velmi t\u011bsn\u00fd vztah k n\u00e1ro\u010dn\u00fdm referen\u010dn\u00edm metodik\u00e1m (DEXA, hydrodenzitometrie, dilu\u010dn\u00ed metody atd.) Vy\u0161et\u0159en\u00ed je v\u0161ak rychl\u00e9, pohodln\u011b opakovateln\u00e9, pohotov\u011b zpracovan\u00e9 do trendov\u00fdch a dal\u0161\u00edch nadstandardn\u00edch zpr\u00e1v.<\/p><p><strong><br \/>Jak to funguje?<\/strong><\/p><p><strong>1. Zpr\u00e1va o slo\u017een\u00ed t\u011bla + trendov\u00e1 zpr\u00e1va + management hmotnosti a aktivity + zpr\u00e1va o \u00farovni srde\u010dn\u00edho rizika<\/strong><\/p><p><strong>2. Bodystat \u2013 stavba t\u011bla a wellness profil<\/strong><b><br \/><\/b>slo\u017een\u00ed t\u011bla = t\u011blesn\u00fd tuk + aktivn\u00ed t\u011blesn\u00e1 hmota + t\u011blesn\u00e1 hmotnost + celkov\u00e1 t\u011blesn\u00e1 voda + klidov\u00fd energetick\u00fd v\u00fddej (BM) + vypo\u010dten\u00fd celkov\u00fd energetick\u00fd v\u00fddej (CEV) + pom\u011br pas\/boky + body mass index (BMI) + krevn\u00ed tlak (TK) v klidu + tepov\u00e1 frekvence<\/p><p><strong>Jak se p\u0159ipravit na vy\u0161et\u0159en\u00ed?<\/strong><\/p><p><strong>Aby v\u00fdsledky m\u011b\u0159en\u00ed na Bodystatu byly co nep\u0159esn\u011bj\u0161\u00ed, sna\u017ete se dodr\u017eet n\u00e1sleduj\u00edc\u00ed doporu\u010den\u00ed:<\/strong><\/p><ul type=\"disc\"><li>Nej\u00edst a nep\u00edt 4 hod. p\u0159ed vy\u0161et\u0159en\u00edm<\/li><li>Necvi\u010dit 12 hod. p\u0159ed vy\u0161et\u0159en\u00edm<\/li><li>Nep\u00edt alkohol a kofein 12 hod. p\u0159ed vy\u0161et\u0159en\u00edm<\/li><li>\u017deny by nem\u011bly m\u011b\u0159en\u00ed absolvovat kv\u016fli\u00a0nep\u0159esnosti v obdob\u00ed menstruace.<\/li><\/ul><p><strong><br \/>UPOZORN\u011aN\u00cd !!!<\/strong><\/p><ul type=\"disc\"><li>M\u011b\u0159en\u00ed se nedoporu\u010duje prov\u00e1d\u011bt u t\u011bhotn\u00fdch \u017een.<\/li><li>M\u011b\u0159en\u00ed se nesm\u00ed prov\u00e1d\u011bt u osob s kardiostimul\u00e1torem.<\/li><\/ul><p>Aby byly va\u0161e pohybov\u00e9 aktivity co nej\u00fa\u010dinn\u011bj\u0161\u00ed, je nutn\u00e9 pro ka\u017ed\u00e9ho z v\u00e1s sestavit\u00a0<strong>individu\u00e1ln\u00ed tr\u00e9ninkov\u00fd pl\u00e1n<\/strong>, v\u010detn\u011b \u00fapravy stravovac\u00edch n\u00e1vyk\u016f a regenerace. Uveden\u00fd zp\u016fsob v\u0161ak m\u016f\u017ee fungovat jedin\u011b tehdy, budu-li podrobn\u011bji zn\u00e1t slo\u017een\u00ed va\u0161eho t\u011bla. Z\u00e1rukou toho je pr\u00e1v\u011b p\u0159\u00edstroj\u00a0<strong>BODYSTAT<\/strong>, resp. v\u00fdsledky jeho m\u011b\u0159en\u00ed, kter\u00e9 obsahuj\u00ed: \u2013 slo\u017een\u00ed t\u011bla (tuk, t\u011blesn\u00e1 voda, svalov\u00e1 a kostn\u00ed hmota), v\u00fdpo\u010dty metabolismu a aerobn\u00ed kapacity, hodnoty plicn\u00edch funkc\u00ed, krevn\u00edho tlaku, tepov\u00e9 frekvence a cholesterolu, program \u00fapravy va\u0161\u00ed hmotnosti apod.<\/p><h4><i><strong>Zpr\u00e1vy Bodystatu obsahuj\u00ed (z vlastn\u00edho m\u011b\u0159en\u00ed i dodan\u00fdch parametr\u016f kondice a krev. rozbor\u016f):<br \/><\/strong><\/i><\/h4><ul type=\"disc\"><li>slo\u017een\u00ed t\u011bla (v\u00e1hov\u011b i v procentech \u2013 tuk, t\u011blesn\u00e1 voda, svalstvo + kostn\u00ed hmota)<\/li><li>v\u00fdpo\u010dty metabolismu<\/li><li>aerobn\u00ed kapacita<\/li><li>s\u00edla stisku<\/li><li>plicn\u00ed funkce<\/li><li>pom\u011br pas\/boky<\/li><li>3 \u00farovn\u011b cholesterolu<\/li><li>systolick\u00fd a diastolick\u00fd krevn\u00ed tlak<\/li><li>klidov\u00e1 tepov\u00e1 frekvence<\/li><li>program omezen\u00ed srde\u010dn\u00edho rizika<\/li><li>trendov\u00e9 zpr\u00e1vy<\/li><li>program \u00fapravy v\u00e1hy a pohybov\u00e9 aktivity<\/li><\/ul><h4><strong><i>Kvalita m\u011b\u0159en\u00ed a zpracov\u00e1n\u00ed v\u00fdsledk\u016f je d\u00e1na:<\/i><\/strong><\/h4><ul type=\"disc\"><li>polohou a kvalitou elektrod, tedy i spr\u00e1vnost\u00ed obsluhy<\/li><li>kvalitou hardwaru p\u0159i opakovan\u00fdch m\u011b\u0159en\u00edch a jeho dlouhodobou odolnost\u00ed<\/li><li>zpracov\u00e1n\u00edm predik\u010dn\u00edch rovnic pro ur\u010dit\u00e9 skupiny obyvatelstva (mu\u017ei, \u017eeny, d\u011bti r\u016fzn\u00fdch v\u011bkov\u00fdch kategori\u00ed, aktivn\u00ed sportovci, star\u0161\u00ed osoby nad 70 let v\u011bku)<\/li><li>pru\u017enost\u00ed softwaru a mo\u017enostmi dal\u0161\u00edho zpracov\u00e1n\u00ed v\u00fdsledk\u016f<\/li><\/ul><p>Proto existuj\u00ed jednoduch\u00e9 dom\u00e1c\u00ed nebo kvalitn\u00ed\u00a0<strong>profesion\u00e1ln\u00ed analyz\u00e1tory<\/strong>. P\u0159\u00edstroje\u00a0<strong>BODYSTAT<\/strong>\u00a0p\u0159edstavuj\u00ed ve v\u0161ech parametrech absolutn\u00ed \u0161pi\u010dku.<\/p><h4><strong><i>P\u0159\u00edstroje Bodystat pou\u017e\u00edvaj\u00ed na\u0161i \u0161pi\u010dkov\u00ed odborn\u00edci:<\/i><\/strong><\/h4><ul type=\"disc\"><li>Katedra antropometrie FTVS UK Praha \u2013 prof. Ing. V. Bunc<\/li><li>Centrum obezitologie III. LF UK Praha \u2013 doc.Dr. Hainer, prim. Dr. Kune\u0161ov\u00e1<\/li><li>Laborato\u0159 fakulty v\u0161eobecn\u00e9ho l\u00e9ka\u0159stv\u00ed p\u0159i VFN \u2013 prof. Novotn\u00fd<\/li><li>Krajsk\u00e9 hygienick\u00e9 stanice<\/li><li>Odd\u011blen\u00ed sportovn\u00edho l\u00e9ka\u0159stv\u00ed a funk\u010dn\u00ed laborato\u0159e<\/li><li>P\u0159edn\u00ed fitcentra a nutri\u010dn\u00ed specialist\u00e9<\/li><\/ul><p>Zdroj:\u00a0<a href=\"http:\/\/www.bodystat.cz\/\" target=\"_blank\" rel=\"noopener\">www.bodystat.cz<\/a><\/p><\/div>\t\t\t\t\t<\/div>\n\t\t\t\t\t\t<\/div>\n\t\t\t\t<\/div>\n\t\t\t\t\t\t<\/div>\n\t\t\t\t\t<\/div>\n\t\t<\/div>\n\t\t\t\t\t\t\t\t<\/div>\n\t\t\t\t\t<\/div>\n\t\t<\/section>\n\t\t\t\t<section class=\"elementor-section elementor-top-section elementor-element elementor-element-12af48a elementor-section-boxed elementor-section-height-default elementor-section-height-default\" data-id=\"12af48a\" data-element_type=\"section\">\n\t\t\t\t\t\t<div class=\"elementor-container elementor-column-gap-default\">\n\t\t\t\t\t\t\t<div class=\"elementor-row\">\n\t\t\t\t\t<div class=\"elementor-column elementor-col-100 elementor-top-column elementor-element elementor-element-893cb3c\" data-id=\"893cb3c\" data-element_type=\"column\">\n\t\t\t<div class=\"elementor-column-wrap elementor-element-populated\">\n\t\t\t\t\t\t\t<div class=\"elementor-widget-wrap\">\n\t\t\t\t\t\t<div class=\"elementor-element elementor-element-5cbec38 elementor-widget elementor-widget-spacer\" data-id=\"5cbec38\" data-element_type=\"widget\" data-widget_type=\"spacer.default\">\n\t\t\t\t<div class=\"elementor-widget-container\">\n\t\t\t\t\t<div class=\"elementor-spacer\">\n\t\t\t<div class=\"elementor-spacer-inner\"><\/div>\n\t\t<\/div>\n\t\t\t\t<\/div>\n\t\t\t\t<\/div>\n\t\t\t\t\t\t<\/div>\n\t\t\t\t\t<\/div>\n\t\t<\/div>\n\t\t\t\t\t\t\t\t<\/div>\n\t\t\t\t\t<\/div>\n\t\t<\/section>\n\t\t\t\t<section class=\"elementor-section elementor-top-section elementor-element elementor-element-c7de19c elementor-section-boxed elementor-section-height-default elementor-section-height-default\" data-id=\"c7de19c\" data-element_type=\"section\">\n\t\t\t\t\t\t<div class=\"elementor-container elementor-column-gap-default\">\n\t\t\t\t\t\t\t<div class=\"elementor-row\">\n\t\t\t\t\t<div class=\"elementor-column elementor-col-100 elementor-top-column elementor-element elementor-element-cd86bd2\" data-id=\"cd86bd2\" data-element_type=\"column\">\n\t\t\t<div class=\"elementor-column-wrap elementor-element-populated\">\n\t\t\t\t\t\t\t<div class=\"elementor-widget-wrap\">\n\t\t\t\t\t\t<div class=\"elementor-element elementor-element-ada23f4 elementor-widget elementor-widget-image-gallery\" data-id=\"ada23f4\" data-element_type=\"widget\" data-widget_type=\"image-gallery.default\">\n\t\t\t\t<div class=\"elementor-widget-container\">\n\t\t\t\t\t<div class=\"elementor-image-gallery\">\n\t\t\t\t\t<\/div>\n\t\t\t\t<\/div>\n\t\t\t\t<\/div>\n\t\t\t\t\t\t<\/div>\n\t\t\t\t\t<\/div>\n\t\t<\/div>\n\t\t\t\t\t\t\t\t<\/div>\n\t\t\t\t\t<\/div>\n\t\t<\/section>\n\t\t\t\t<section class=\"elementor-section elementor-top-section elementor-element elementor-element-a681806 elementor-section-boxed elementor-section-height-default elementor-section-height-default\" data-id=\"a681806\" data-element_type=\"section\">\n\t\t\t\t\t\t<div class=\"elementor-container elementor-column-gap-default\">\n\t\t\t\t\t\t\t<div class=\"elementor-row\">\n\t\t\t\t\t<div class=\"elementor-column elementor-col-100 elementor-top-column elementor-element elementor-element-0f229f2\" data-id=\"0f229f2\" data-element_type=\"column\">\n\t\t\t<div class=\"elementor-column-wrap elementor-element-populated\">\n\t\t\t\t\t\t\t<div class=\"elementor-widget-wrap\">\n\t\t\t\t\t\t<div class=\"elementor-element elementor-element-28fc430 elementor-widget elementor-widget-spacer\" data-id=\"28fc430\" data-element_type=\"widget\" data-widget_type=\"spacer.default\">\n\t\t\t\t<div class=\"elementor-widget-container\">\n\t\t\t\t\t<div class=\"elementor-spacer\">\n\t\t\t<div class=\"elementor-spacer-inner\"><\/div>\n\t\t<\/div>\n\t\t\t\t<\/div>\n\t\t\t\t<\/div>\n\t\t\t\t\t\t<\/div>\n\t\t\t\t\t<\/div>\n\t\t<\/div>\n\t\t\t\t\t\t\t\t<\/div>\n\t\t\t\t\t<\/div>\n\t\t<\/section>\n\t\t\t\t\t\t\t\t\t<\/div>\n\t\t\t<\/div>\n\t\t\t\t\t<\/div>","protected":false},"excerpt":{"rendered":"<p>Bodystat Bioimpedan\u010dn\u00ed analyz\u00e1tory slo\u017een\u00ed t\u011bla pracuj\u00ed na principu m\u011b\u0159en\u00ed r\u016fzn\u00fdch slo\u017eek proudov\u00fdch odpor\u016f p\u0159i pr\u016fchodu referen\u010dn\u00edho vzorku t\u011blesn\u00fdmi strukturami. N\u00e1sledn\u011b&hellip;<\/p>\n<p> <a class=\"more-link\" href=\"https:\/\/www.kondicnipriprava.cz\/en\/sluzby\/vysetreni-slozeni-tela-bodystat\/\">Read more<\/a><\/p>","protected":false},"author":1,"featured_media":0,"parent":19,"menu_order":4,"comment_status":"closed","ping_status":"closed","template":"","meta":{"footnotes":""},"class_list":["post-101","page","type-page","status-publish"],"yoast_head":"<!-- This site is optimized with the Yoast SEO plugin v24.2 - https:\/\/yoast.com\/wordpress\/plugins\/seo\/ -->\n<title>Vy\u0161et\u0159en\u00ed slo\u017een\u00ed t\u011bla (Bodystat) - kondicnipriprava.cz<\/title>\n<meta name=\"robots\" content=\"index, follow, max-snippet:-1, max-image-preview:large, max-video-preview:-1\" \/>\n<link rel=\"canonical\" href=\"https:\/\/www.kondicnipriprava.cz\/en\/sluzby\/vysetreni-slozeni-tela-bodystat\/\" \/>\n<meta property=\"og:locale\" content=\"en_US\" \/>\n<meta property=\"og:type\" content=\"article\" \/>\n<meta property=\"og:title\" content=\"Vy\u0161et\u0159en\u00ed slo\u017een\u00ed t\u011bla (Bodystat) - kondicnipriprava.cz\" \/>\n<meta property=\"og:description\" content=\"Bodystat Bioimpedan\u010dn\u00ed analyz\u00e1tory slo\u017een\u00ed t\u011bla pracuj\u00ed na principu m\u011b\u0159en\u00ed r\u016fzn\u00fdch slo\u017eek proudov\u00fdch odpor\u016f p\u0159i pr\u016fchodu referen\u010dn\u00edho vzorku t\u011blesn\u00fdmi strukturami. N\u00e1sledn\u011b&hellip;  Read more\" \/>\n<meta property=\"og:url\" content=\"https:\/\/www.kondicnipriprava.cz\/en\/sluzby\/vysetreni-slozeni-tela-bodystat\/\" \/>\n<meta property=\"og:site_name\" content=\"kondicnipriprava.cz\" \/>\n<meta property=\"article:modified_time\" content=\"2021-01-21T15:01:54+00:00\" \/>\n<meta property=\"og:image\" content=\"https:\/\/www.kondicnipriprava.cz\/wp-content\/uploads\/2020\/09\/Bodystat-2-2-150x150.jpg\" \/>\n<meta name=\"twitter:card\" content=\"summary_large_image\" \/>\n<meta name=\"twitter:label1\" content=\"Est. reading time\" \/>\n\t<meta name=\"twitter:data1\" content=\"3 minutes\" \/>\n<script type=\"application\/ld+json\" class=\"yoast-schema-graph\">{\"@context\":\"https:\/\/schema.org\",\"@graph\":[{\"@type\":\"WebPage\",\"@id\":\"https:\/\/www.kondicnipriprava.cz\/sluzby\/vysetreni-slozeni-tela-bodystat\/\",\"url\":\"https:\/\/www.kondicnipriprava.cz\/sluzby\/vysetreni-slozeni-tela-bodystat\/\",\"name\":\"Vy\u0161et\u0159en\u00ed slo\u017een\u00ed t\u011bla (Bodystat) - kondicnipriprava.cz\",\"isPartOf\":{\"@id\":\"https:\/\/www.kondicnipriprava.cz\/#website\"},\"primaryImageOfPage\":{\"@id\":\"https:\/\/www.kondicnipriprava.cz\/sluzby\/vysetreni-slozeni-tela-bodystat\/#primaryimage\"},\"image\":{\"@id\":\"https:\/\/www.kondicnipriprava.cz\/sluzby\/vysetreni-slozeni-tela-bodystat\/#primaryimage\"},\"thumbnailUrl\":\"https:\/\/www.kondicnipriprava.cz\/wp-content\/uploads\/2020\/09\/Bodystat-2-2-150x150.jpg\",\"datePublished\":\"2019-02-16T15:10:52+00:00\",\"dateModified\":\"2021-01-21T15:01:54+00:00\",\"breadcrumb\":{\"@id\":\"https:\/\/www.kondicnipriprava.cz\/sluzby\/vysetreni-slozeni-tela-bodystat\/#breadcrumb\"},\"inLanguage\":\"en-US\",\"potentialAction\":[{\"@type\":\"ReadAction\",\"target\":[\"https:\/\/www.kondicnipriprava.cz\/sluzby\/vysetreni-slozeni-tela-bodystat\/\"]}]},{\"@type\":\"ImageObject\",\"inLanguage\":\"en-US\",\"@id\":\"https:\/\/www.kondicnipriprava.cz\/sluzby\/vysetreni-slozeni-tela-bodystat\/#primaryimage\",\"url\":\"https:\/\/www.kondicnipriprava.cz\/wp-content\/uploads\/2020\/09\/Bodystat-2-2-150x150.jpg\",\"contentUrl\":\"https:\/\/www.kondicnipriprava.cz\/wp-content\/uploads\/2020\/09\/Bodystat-2-2-150x150.jpg\"},{\"@type\":\"BreadcrumbList\",\"@id\":\"https:\/\/www.kondicnipriprava.cz\/sluzby\/vysetreni-slozeni-tela-bodystat\/#breadcrumb\",\"itemListElement\":[{\"@type\":\"ListItem\",\"position\":1,\"name\":\"Dom\u016f\",\"item\":\"https:\/\/www.kondicnipriprava.cz\/\"},{\"@type\":\"ListItem\",\"position\":2,\"name\":\"Slu\u017eby\",\"item\":\"https:\/\/www.kondicnipriprava.cz\/sluzby\/\"},{\"@type\":\"ListItem\",\"position\":3,\"name\":\"Vy\u0161et\u0159en\u00ed slo\u017een\u00ed t\u011bla (Bodystat)\"}]},{\"@type\":\"WebSite\",\"@id\":\"https:\/\/www.kondicnipriprava.cz\/#website\",\"url\":\"https:\/\/www.kondicnipriprava.cz\/\",\"name\":\"kondicnipriprava.cz\",\"description\":\"Kondi\u010dn\u00ed p\u0159\u00edprava pro vrcholov\u00e9 sportovce\",\"publisher\":{\"@id\":\"https:\/\/www.kondicnipriprava.cz\/#organization\"},\"potentialAction\":[{\"@type\":\"SearchAction\",\"target\":{\"@type\":\"EntryPoint\",\"urlTemplate\":\"https:\/\/www.kondicnipriprava.cz\/?s={search_term_string}\"},\"query-input\":{\"@type\":\"PropertyValueSpecification\",\"valueRequired\":true,\"valueName\":\"search_term_string\"}}],\"inLanguage\":\"en-US\"},{\"@type\":\"Organization\",\"@id\":\"https:\/\/www.kondicnipriprava.cz\/#organization\",\"name\":\"kondicnipriprava.cz\",\"url\":\"https:\/\/www.kondicnipriprava.cz\/\",\"logo\":{\"@type\":\"ImageObject\",\"inLanguage\":\"en-US\",\"@id\":\"https:\/\/www.kondicnipriprava.cz\/#\/schema\/logo\/image\/\",\"url\":\"https:\/\/www.kondicnipriprava.cz\/wp-content\/uploads\/2020\/03\/cropped-ft-logo-web-elementor.jpg\",\"contentUrl\":\"https:\/\/www.kondicnipriprava.cz\/wp-content\/uploads\/2020\/03\/cropped-ft-logo-web-elementor.jpg\",\"width\":305,\"height\":100,\"caption\":\"kondicnipriprava.cz\"},\"image\":{\"@id\":\"https:\/\/www.kondicnipriprava.cz\/#\/schema\/logo\/image\/\"}}]}<\/script>\n<!-- \/ Yoast SEO plugin. -->","yoast_head_json":{"title":"Vy\u0161et\u0159en\u00ed slo\u017een\u00ed t\u011bla (Bodystat) - kondicnipriprava.cz","robots":{"index":"index","follow":"follow","max-snippet":"max-snippet:-1","max-image-preview":"max-image-preview:large","max-video-preview":"max-video-preview:-1"},"canonical":"https:\/\/www.kondicnipriprava.cz\/en\/sluzby\/vysetreni-slozeni-tela-bodystat\/","og_locale":"en_US","og_type":"article","og_title":"Vy\u0161et\u0159en\u00ed slo\u017een\u00ed t\u011bla (Bodystat) - kondicnipriprava.cz","og_description":"Bodystat Bioimpedan\u010dn\u00ed analyz\u00e1tory slo\u017een\u00ed t\u011bla pracuj\u00ed na principu m\u011b\u0159en\u00ed r\u016fzn\u00fdch slo\u017eek proudov\u00fdch odpor\u016f p\u0159i pr\u016fchodu referen\u010dn\u00edho vzorku t\u011blesn\u00fdmi strukturami. N\u00e1sledn\u011b&hellip;  Read more","og_url":"https:\/\/www.kondicnipriprava.cz\/en\/sluzby\/vysetreni-slozeni-tela-bodystat\/","og_site_name":"kondicnipriprava.cz","article_modified_time":"2021-01-21T15:01:54+00:00","og_image":[{"url":"https:\/\/www.kondicnipriprava.cz\/wp-content\/uploads\/2020\/09\/Bodystat-2-2-150x150.jpg","type":"","width":"","height":""}],"twitter_card":"summary_large_image","twitter_misc":{"Est. reading time":"3 minutes"},"schema":{"@context":"https:\/\/schema.org","@graph":[{"@type":"WebPage","@id":"https:\/\/www.kondicnipriprava.cz\/sluzby\/vysetreni-slozeni-tela-bodystat\/","url":"https:\/\/www.kondicnipriprava.cz\/sluzby\/vysetreni-slozeni-tela-bodystat\/","name":"Vy\u0161et\u0159en\u00ed slo\u017een\u00ed t\u011bla (Bodystat) - kondicnipriprava.cz","isPartOf":{"@id":"https:\/\/www.kondicnipriprava.cz\/#website"},"primaryImageOfPage":{"@id":"https:\/\/www.kondicnipriprava.cz\/sluzby\/vysetreni-slozeni-tela-bodystat\/#primaryimage"},"image":{"@id":"https:\/\/www.kondicnipriprava.cz\/sluzby\/vysetreni-slozeni-tela-bodystat\/#primaryimage"},"thumbnailUrl":"https:\/\/www.kondicnipriprava.cz\/wp-content\/uploads\/2020\/09\/Bodystat-2-2-150x150.jpg","datePublished":"2019-02-16T15:10:52+00:00","dateModified":"2021-01-21T15:01:54+00:00","breadcrumb":{"@id":"https:\/\/www.kondicnipriprava.cz\/sluzby\/vysetreni-slozeni-tela-bodystat\/#breadcrumb"},"inLanguage":"en-US","potentialAction":[{"@type":"ReadAction","target":["https:\/\/www.kondicnipriprava.cz\/sluzby\/vysetreni-slozeni-tela-bodystat\/"]}]},{"@type":"ImageObject","inLanguage":"en-US","@id":"https:\/\/www.kondicnipriprava.cz\/sluzby\/vysetreni-slozeni-tela-bodystat\/#primaryimage","url":"https:\/\/www.kondicnipriprava.cz\/wp-content\/uploads\/2020\/09\/Bodystat-2-2-150x150.jpg","contentUrl":"https:\/\/www.kondicnipriprava.cz\/wp-content\/uploads\/2020\/09\/Bodystat-2-2-150x150.jpg"},{"@type":"BreadcrumbList","@id":"https:\/\/www.kondicnipriprava.cz\/sluzby\/vysetreni-slozeni-tela-bodystat\/#breadcrumb","itemListElement":[{"@type":"ListItem","position":1,"name":"Dom\u016f","item":"https:\/\/www.kondicnipriprava.cz\/"},{"@type":"ListItem","position":2,"name":"Slu\u017eby","item":"https:\/\/www.kondicnipriprava.cz\/sluzby\/"},{"@type":"ListItem","position":3,"name":"Vy\u0161et\u0159en\u00ed slo\u017een\u00ed t\u011bla (Bodystat)"}]},{"@type":"WebSite","@id":"https:\/\/www.kondicnipriprava.cz\/#website","url":"https:\/\/www.kondicnipriprava.cz\/","name":"kondicnipriprava.cz","description":"Kondi\u010dn\u00ed p\u0159\u00edprava pro vrcholov\u00e9 sportovce","publisher":{"@id":"https:\/\/www.kondicnipriprava.cz\/#organization"},"potentialAction":[{"@type":"SearchAction","target":{"@type":"EntryPoint","urlTemplate":"https:\/\/www.kondicnipriprava.cz\/?s={search_term_string}"},"query-input":{"@type":"PropertyValueSpecification","valueRequired":true,"valueName":"search_term_string"}}],"inLanguage":"en-US"},{"@type":"Organization","@id":"https:\/\/www.kondicnipriprava.cz\/#organization","name":"kondicnipriprava.cz","url":"https:\/\/www.kondicnipriprava.cz\/","logo":{"@type":"ImageObject","inLanguage":"en-US","@id":"https:\/\/www.kondicnipriprava.cz\/#\/schema\/logo\/image\/","url":"https:\/\/www.kondicnipriprava.cz\/wp-content\/uploads\/2020\/03\/cropped-ft-logo-web-elementor.jpg","contentUrl":"https:\/\/www.kondicnipriprava.cz\/wp-content\/uploads\/2020\/03\/cropped-ft-logo-web-elementor.jpg","width":305,"height":100,"caption":"kondicnipriprava.cz"},"image":{"@id":"https:\/\/www.kondicnipriprava.cz\/#\/schema\/logo\/image\/"}}]}},"_links":{"self":[{"href":"https:\/\/www.kondicnipriprava.cz\/en\/wp-json\/wp\/v2\/pages\/101","targetHints":{"allow":["GET"]}}],"collection":[{"href":"https:\/\/www.kondicnipriprava.cz\/en\/wp-json\/wp\/v2\/pages"}],"about":[{"href":"https:\/\/www.kondicnipriprava.cz\/en\/wp-json\/wp\/v2\/types\/page"}],"author":[{"embeddable":true,"href":"https:\/\/www.kondicnipriprava.cz\/en\/wp-json\/wp\/v2\/users\/1"}],"replies":[{"embeddable":true,"href":"https:\/\/www.kondicnipriprava.cz\/en\/wp-json\/wp\/v2\/comments?post=101"}],"version-history":[{"count":0,"href":"https:\/\/www.kondicnipriprava.cz\/en\/wp-json\/wp\/v2\/pages\/101\/revisions"}],"up":[{"embeddable":true,"href":"https:\/\/www.kondicnipriprava.cz\/en\/wp-json\/wp\/v2\/pages\/19"}],"wp:attachment":[{"href":"https:\/\/www.kondicnipriprava.cz\/en\/wp-json\/wp\/v2\/media?parent=101"}],"curies":[{"name":"wp","href":"https:\/\/api.w.org\/{rel}","templated":true}]}}